{"id":63882,"date":"2024-12-16T16:50:27","date_gmt":"2024-12-16T16:50:27","guid":{"rendered":"https:\/\/brandss.com.py\/index\/?post_type=product&#038;p=63882"},"modified":"2024-12-16T16:52:18","modified_gmt":"2024-12-16T16:52:18","slug":"calzado-deportivo-femenino-nike-air-presto","status":"publish","type":"product","link":"https:\/\/brandss.com.py\/index\/producto\/calzado-deportivo-femenino-nike-air-presto\/","title":{"rendered":"CALZADO DEPORTIVO FEMENINO NIKE AIR PRESTO"},"content":{"rendered":"<p><img loading=\"lazy\" decoding=\"async\" class=\"\" src=\"https:\/\/upload.wikimedia.org\/wikipedia\/commons\/thumb\/a\/a6\/Logo_NIKE.svg\/1024px-Logo_NIKE.svg.png\" alt=\"Archivo:Logo NIKE.svg - Wikipedia, la enciclopedia libre\" width=\"68\" height=\"24\" \/><\/p>\n<h1>AIR PRESTO<\/h1>\n<p>Las Nike Air Presto, tambi\u00e9n conocidas como White Pure Platinum, son unoscalzados de mujer elegantes y c\u00f3modas de Nike. Dise\u00f1adas con un color blanco puro, estas Prestos ofrecen un aspecto minimalista y vers\u00e1til. Ideales para uso informal o actividades deportivas, estos calzados proporcionan un ajuste perfecto y una comodidad duradera. A\u00f1ade un toque de elegancia a tu atuendo con las Nike Air Presto White.<\/p>\n<div class=\"product-description rte\" data-product-description=\"\">\n<p><span>Las Nike Air Presto han sido uno de los calzados m\u00e1s c\u00f3modos del mercado durante d\u00e9cadas. Las Nike Air Presto se lanzaron originalmente en 2000. Las Nike Air Presto se crearon para ayudar a cambiar la forma en que se fabricaban los calzados. La comodidad es lo primero con las Nike Air Presto.<\/span><\/p>\n<p><b><span>Especificaciones<\/span><\/b><br \/>\n<span>La ic\u00f3nica estructura en la parte media del pie ayuda a sujetar el pie.<\/span><br \/>\n<span>Las ranuras flexibles en la suela ayudan con el movimiento natural del pie.<\/span><\/p>\n<\/div>\n<div class=\"color-sku\">\n<ul>\n<li><span>Color: blanco<\/span><\/li>\n<li><span>Modelo: 878068-100<\/span><\/li>\n<\/ul>\n<\/div>\n","protected":false},"excerpt":{"rendered":"<p>AIR PRESTO Las Nike Air Presto, tambi\u00e9n conocidas como White Pure Platinum, son unoscalzados de mujer elegantes y c\u00f3modas de<\/p>\n","protected":false},"featured_media":63883,"comment_status":"open","ping_status":"closed","template":"","meta":{"nf_dc_page":""},"product_brand":[],"product_cat":[73],"product_tag":[],"class_list":{"0":"post-63882","1":"product","2":"type-product","3":"status-publish","4":"has-post-thumbnail","6":"product_cat-femenino","8":"first","9":"instock","10":"shipping-taxable","11":"purchasable","12":"product-type-simple"},"_links":{"self":[{"href":"https:\/\/brandss.com.py\/index\/wp-json\/wp\/v2\/product\/63882","targetHints":{"allow":["GET"]}}],"collection":[{"href":"https:\/\/brandss.com.py\/index\/wp-json\/wp\/v2\/product"}],"about":[{"href":"https:\/\/brandss.com.py\/index\/wp-json\/wp\/v2\/types\/product"}],"replies":[{"embeddable":true,"href":"https:\/\/brandss.com.py\/index\/wp-json\/wp\/v2\/comments?post=63882"}],"version-history":[{"count":1,"href":"https:\/\/brandss.com.py\/index\/wp-json\/wp\/v2\/product\/63882\/revisions"}],"predecessor-version":[{"id":63895,"href":"https:\/\/brandss.com.py\/index\/wp-json\/wp\/v2\/product\/63882\/revisions\/63895"}],"wp:featuredmedia":[{"embeddable":true,"href":"https:\/\/brandss.com.py\/index\/wp-json\/wp\/v2\/media\/63883"}],"wp:attachment":[{"href":"https:\/\/brandss.com.py\/index\/wp-json\/wp\/v2\/media?parent=63882"}],"wp:term":[{"taxonomy":"product_brand","embeddable":true,"href":"https:\/\/brandss.com.py\/index\/wp-json\/wp\/v2\/product_brand?post=63882"},{"taxonomy":"product_cat","embeddable":true,"href":"https:\/\/brandss.com.py\/index\/wp-json\/wp\/v2\/product_cat?post=63882"},{"taxonomy":"product_tag","embeddable":true,"href":"https:\/\/brandss.com.py\/index\/wp-json\/wp\/v2\/product_tag?post=63882"}],"curies":[{"name":"wp","href":"https:\/\/api.w.org\/{rel}","templated":true}]}}