{"id":63896,"date":"2024-12-16T18:24:44","date_gmt":"2024-12-16T18:24:44","guid":{"rendered":"https:\/\/brandss.com.py\/index\/?post_type=product&#038;p=63896"},"modified":"2024-12-16T18:25:19","modified_gmt":"2024-12-16T18:25:19","slug":"calzado-deportivo-femenino-nike-court-royale","status":"publish","type":"product","link":"https:\/\/brandss.com.py\/index\/producto\/calzado-deportivo-femenino-nike-court-royale\/","title":{"rendered":"CALZADO DEPORTIVO FEMENINO NIKE COURT ROYALE"},"content":{"rendered":"<p><img loading=\"lazy\" decoding=\"async\" class=\"\" src=\"https:\/\/upload.wikimedia.org\/wikipedia\/commons\/thumb\/a\/a6\/Logo_NIKE.svg\/1024px-Logo_NIKE.svg.png\" alt=\"Archivo:Logo NIKE.svg - Wikipedia, la enciclopedia libre\" width=\"126\" height=\"45\" \/><\/p>\n<h1>COURT ROYALE<\/h1>\n<p>Los calzados Nike Court Royale ofrecen una opci\u00f3n elegante y vers\u00e1til para mujeres. El elegante dise\u00f1o blanco combinado con el sutil toque de apenas volt crea un estilo moderno y actual. Estos calzados, presentados por Nike, combinan moda y comodidad para un calzado de alta calidad que se puede usar en cualquier ocasi\u00f3n. Prep\u00e1rate para ser el centro de atenci\u00f3n con estos calzados elegantes y a la moda.<\/p>\n<div class=\"ltr-182wjbq exjav153\">\n<div class=\"ltr-13pqkh2 exjav150\">\n<p class=\"ltr-4y8w0i-Body\" data-component=\"Body\">Blanco, cuero, detalle del logo Swoosh caracter\u00edstico, logo en relieve en la parte posterior, puntera redonda, cierre con agujetas en la parte delantera, parche del logo en la leng\u00fceta, plantilla con logo y suela plana de goma. Estos estilos son suministrados por un marketplace de tenis, el cual ofrece los art\u00edculos m\u00e1s codiciados y dif\u00edciles de encontrar de todo el mundo..<\/p>\n<\/div>\n<\/div>\n<div class=\"ltr-15eja7h exjav152\">\n<div class=\"ltr-13pqkh2 exjav150\">\n<div class=\"ltr-92qs1a\">\n<h4 class=\"ltr-2pfgen-Body-BodyBold\" data-component=\"BodyBold\">Composici\u00f3n<\/h4>\n<p class=\"ltr-4y8w0i-Body\" data-component=\"Body\"><span class=\"ltr-4y8w0i-Body\" data-component=\"Body\">Exterior:\u00a0<\/span><span class=\"ltr-4y8w0i-Body\" data-component=\"Body\">Cuero 100%<\/span><\/p>\n<p class=\"ltr-4y8w0i-Body\" data-component=\"Body\"><span class=\"ltr-4y8w0i-Body\" data-component=\"Body\">Suela:\u00a0<\/span><span class=\"ltr-4y8w0i-Body\" data-component=\"Body\">Goma 100%<\/span><\/p>\n<p class=\"ltr-4y8w0i-Body\" data-component=\"Body\"><span class=\"ltr-4y8w0i-Body\" data-component=\"Body\">Forro:\u00a0<\/span><span class=\"ltr-4y8w0i-Body\" data-component=\"Body\">Tela 100%<\/span><\/p>\n<\/div>\n<\/div>\n<\/div>\n<p>Color: White Barely Volt<\/p>\n<p>Modelo: 749867-121<\/p>\n","protected":false},"excerpt":{"rendered":"<p>COURT ROYALE Los calzados Nike Court Royale ofrecen una opci\u00f3n elegante y vers\u00e1til para mujeres. El elegante dise\u00f1o blanco combinado<\/p>\n","protected":false},"featured_media":63897,"comment_status":"open","ping_status":"closed","template":"","meta":{"nf_dc_page":""},"product_brand":[],"product_cat":[73],"product_tag":[],"class_list":{"0":"post-63896","1":"product","2":"type-product","3":"status-publish","4":"has-post-thumbnail","6":"product_cat-femenino","8":"first","9":"instock","10":"shipping-taxable","11":"purchasable","12":"product-type-simple"},"_links":{"self":[{"href":"https:\/\/brandss.com.py\/index\/wp-json\/wp\/v2\/product\/63896","targetHints":{"allow":["GET"]}}],"collection":[{"href":"https:\/\/brandss.com.py\/index\/wp-json\/wp\/v2\/product"}],"about":[{"href":"https:\/\/brandss.com.py\/index\/wp-json\/wp\/v2\/types\/product"}],"replies":[{"embeddable":true,"href":"https:\/\/brandss.com.py\/index\/wp-json\/wp\/v2\/comments?post=63896"}],"version-history":[{"count":1,"href":"https:\/\/brandss.com.py\/index\/wp-json\/wp\/v2\/product\/63896\/revisions"}],"predecessor-version":[{"id":63907,"href":"https:\/\/brandss.com.py\/index\/wp-json\/wp\/v2\/product\/63896\/revisions\/63907"}],"wp:featuredmedia":[{"embeddable":true,"href":"https:\/\/brandss.com.py\/index\/wp-json\/wp\/v2\/media\/63897"}],"wp:attachment":[{"href":"https:\/\/brandss.com.py\/index\/wp-json\/wp\/v2\/media?parent=63896"}],"wp:term":[{"taxonomy":"product_brand","embeddable":true,"href":"https:\/\/brandss.com.py\/index\/wp-json\/wp\/v2\/product_brand?post=63896"},{"taxonomy":"product_cat","embeddable":true,"href":"https:\/\/brandss.com.py\/index\/wp-json\/wp\/v2\/product_cat?post=63896"},{"taxonomy":"product_tag","embeddable":true,"href":"https:\/\/brandss.com.py\/index\/wp-json\/wp\/v2\/product_tag?post=63896"}],"curies":[{"name":"wp","href":"https:\/\/api.w.org\/{rel}","templated":true}]}}