{"id":63918,"date":"2024-12-16T19:12:21","date_gmt":"2024-12-16T19:12:21","guid":{"rendered":"https:\/\/brandss.com.py\/index\/?post_type=product&#038;p=63918"},"modified":"2024-12-16T19:13:54","modified_gmt":"2024-12-16T19:13:54","slug":"calzado-deportivo-femenino-nike-flex-eprerience-run-11-next-nature","status":"publish","type":"product","link":"https:\/\/brandss.com.py\/index\/producto\/calzado-deportivo-femenino-nike-flex-eprerience-run-11-next-nature\/","title":{"rendered":"CALZADO DEPORTIVO FEMENINO NIKE FLEX EPRERIENCE RUN 11 NEXT NATURE"},"content":{"rendered":"<p><img loading=\"lazy\" decoding=\"async\" class=\"\" src=\"https:\/\/upload.wikimedia.org\/wikipedia\/commons\/thumb\/a\/a6\/Logo_NIKE.svg\/1024px-Logo_NIKE.svg.png\" alt=\"Archivo:Logo NIKE.svg - Wikipedia, la enciclopedia libre\" width=\"87\" height=\"31\" \/><\/p>\n<h1>FLEX EPRERIENCE RUN 11 NEXT NATURE<\/h1>\n<p><span>C\u00f3modamente zen, como deber\u00eda ser cada carrera. En Nike Experience Run 11 Next Nature, creamos un dise\u00f1o liviano y limpio que se siente tan bien como se ve. Brinda el soporte correcto y el movimiento es tan natural que jurar\u00e1s que lo has usado durante a\u00f1os. Adem\u00e1s, lo hemos confeccionado con al menos un 20 % de contenido reciclado por peso, lo que nos permite seguir avanzando en nuestro camino hacia la sustentabilidad.<\/span><\/p>\n<h4><span>Caracter\u00edsticas:<\/span><\/h4>\n<ul>\n<li><span>Las ranuras flexibles de la suela se mueven naturalmente con el pie, desde el tal\u00f3n hasta la punta. La menor cantidad de espuma en la suela permite una mayor flexibilidad y una sensaci\u00f3n de ligereza.<\/span><\/li>\n<li><span>La parte superior de punto incluye malla para una apariencia impecable que es adecuada para correr y para uso informal. Tiene una sensaci\u00f3n suave y fresca para un ajuste c\u00f3modo y atractivo.<\/span><\/li>\n<li><span>La amortiguaci\u00f3n ligera en el tal\u00f3n proporciona una sensaci\u00f3n suave.<\/span><\/li>\n<li><span>La suela tiene un dise\u00f1o estilo zen para combinar con tu estado mental tranquilo.<\/span><\/li>\n<li>Color: Sanddrift.<\/li>\n<li>Modelo: DD9283-102.<\/li>\n<\/ul>\n","protected":false},"excerpt":{"rendered":"<p>FLEX EPRERIENCE RUN 11 NEXT NATURE C\u00f3modamente zen, como deber\u00eda ser cada carrera. En Nike Experience Run 11 Next Nature,<\/p>\n","protected":false},"featured_media":63919,"comment_status":"open","ping_status":"closed","template":"","meta":{"nf_dc_page":""},"product_brand":[],"product_cat":[73],"product_tag":[],"class_list":{"0":"post-63918","1":"product","2":"type-product","3":"status-publish","4":"has-post-thumbnail","6":"product_cat-femenino","8":"first","9":"instock","10":"shipping-taxable","11":"purchasable","12":"product-type-simple"},"_links":{"self":[{"href":"https:\/\/brandss.com.py\/index\/wp-json\/wp\/v2\/product\/63918","targetHints":{"allow":["GET"]}}],"collection":[{"href":"https:\/\/brandss.com.py\/index\/wp-json\/wp\/v2\/product"}],"about":[{"href":"https:\/\/brandss.com.py\/index\/wp-json\/wp\/v2\/types\/product"}],"replies":[{"embeddable":true,"href":"https:\/\/brandss.com.py\/index\/wp-json\/wp\/v2\/comments?post=63918"}],"version-history":[{"count":1,"href":"https:\/\/brandss.com.py\/index\/wp-json\/wp\/v2\/product\/63918\/revisions"}],"predecessor-version":[{"id":63928,"href":"https:\/\/brandss.com.py\/index\/wp-json\/wp\/v2\/product\/63918\/revisions\/63928"}],"wp:featuredmedia":[{"embeddable":true,"href":"https:\/\/brandss.com.py\/index\/wp-json\/wp\/v2\/media\/63919"}],"wp:attachment":[{"href":"https:\/\/brandss.com.py\/index\/wp-json\/wp\/v2\/media?parent=63918"}],"wp:term":[{"taxonomy":"product_brand","embeddable":true,"href":"https:\/\/brandss.com.py\/index\/wp-json\/wp\/v2\/product_brand?post=63918"},{"taxonomy":"product_cat","embeddable":true,"href":"https:\/\/brandss.com.py\/index\/wp-json\/wp\/v2\/product_cat?post=63918"},{"taxonomy":"product_tag","embeddable":true,"href":"https:\/\/brandss.com.py\/index\/wp-json\/wp\/v2\/product_tag?post=63918"}],"curies":[{"name":"wp","href":"https:\/\/api.w.org\/{rel}","templated":true}]}}