{"id":63929,"date":"2024-12-17T11:06:05","date_gmt":"2024-12-17T11:06:05","guid":{"rendered":"https:\/\/brandss.com.py\/index\/?post_type=product&#038;p=63929"},"modified":"2026-01-12T16:44:26","modified_gmt":"2026-01-12T16:44:26","slug":"calzado-deportivo-femenino-nike-tanjun-easy-on","status":"publish","type":"product","link":"https:\/\/brandss.com.py\/index\/producto\/calzado-deportivo-femenino-nike-tanjun-easy-on\/","title":{"rendered":"CALZADO DEPORTIVO FEMENINO NIKE TANJUN EASY ON"},"content":{"rendered":"<p><img loading=\"lazy\" decoding=\"async\" class=\"\" src=\"https:\/\/upload.wikimedia.org\/wikipedia\/commons\/thumb\/a\/a6\/Logo_NIKE.svg\/1024px-Logo_NIKE.svg.png\" alt=\"Archivo:Logo NIKE.svg - Wikipedia, la enciclopedia libre\" width=\"110\" height=\"39\" \/><\/p>\n<h1>TANJUN EASY ON<\/h1>\n<p class=\"nds-text pb4-sm css-qtj9g7 e1yhcai00 appearance-body1 color-primary weight-regular\" data-testid=\"product-description\"><span>Olv\u00eddate de las exageraciones: el Tanjun te ofrece la simplicidad en su m\u00e1xima expresi\u00f3n. Esta versi\u00f3n cuenta con la tecnolog\u00eda Nike EasyOn para una experiencia de manos libres. El tal\u00f3n flexible se pliega cuando te pones el calzado y luego vuelve a su lugar, lo que facilita pon\u00e9rtelo y quit\u00e1rtelo. Adem\u00e1s, el dise\u00f1o ligero y aireado es ideal para el uso diario.<\/span><\/p>\n<div data-testid=\"benefit-section\"><\/div>\n<div data-testid=\"benefit-section\">\n<h4 class=\"nds-text pb2-sm css-1m2rxfq e1yhcai00 appearance-title4 color-primary weight-regular\" data-testid=\"benefit-header\"><span>Beneficios<\/span><\/h4>\n<ul class=\"ncss-list-ul pb4-sm\" data-testid=\"benefit-list\">\n<li class=\"nds-text ncss-li css-xlkxpi e1yhcai00 appearance-body1 color-primary weight-regular\"><span>Para reflejar nuestro compromiso de hacer que m\u00e1s productos Nike sean m\u00e1s f\u00e1ciles de usar y llevar para todos, cambiamos el nombre de FlyEase a EasyOn.<\/span><\/li>\n<li class=\"nds-text ncss-li css-xlkxpi e1yhcai00 appearance-body1 color-primary weight-regular\"><span>Los materiales de la parte superior est\u00e1n dise\u00f1ados para estirarse y adaptarse a su pie para una sensaci\u00f3n personalizada que se adapta r\u00e1pidamente.<\/span><\/li>\n<li class=\"nds-text ncss-li css-xlkxpi e1yhcai00 appearance-body1 color-primary weight-regular\"><span>La suela exterior tipo gofre ofrece amortiguaci\u00f3n liviana y tracci\u00f3n.<\/span><\/li>\n<li class=\"nds-text ncss-li css-xlkxpi e1yhcai00 appearance-body1 color-primary weight-regular\"><span>El cuello bajo y acolchado luce elegante y se siente muy bien.<\/span><\/li>\n<\/ul>\n<\/div>\n<div data-testid=\"benefit-section\"><\/div>\n<div data-testid=\"benefit-section\">\n<h4 class=\"nds-text pb2-sm css-1m2rxfq e1yhcai00 appearance-title4 color-primary weight-regular\" data-testid=\"benefit-header\"><span>Detalles del producto<\/span><\/h4>\n<ul class=\"ncss-list-ul pb4-sm\" data-testid=\"benefit-list\">\n<li class=\"nds-text ncss-li css-xlkxpi e1yhcai00 appearance-body1 color-primary weight-regular\"><span>Entresuela de espuma<\/span><\/li>\n<li class=\"nds-text ncss-li css-xlkxpi e1yhcai00 appearance-body1 color-primary weight-regular\"><span>Suela de goma<\/span><\/li>\n<li class=\"nds-text ncss-li css-xlkxpi e1yhcai00 appearance-body1 color-primary weight-regular\"><span>Color: verde petr\u00f3leo\/blanco\/plata claro<\/span><\/li>\n<li class=\"nds-text ncss-li css-xlkxpi e1yhcai00 appearance-body1 color-primary weight-regular\"><span>Modelo: DV7775-300<\/span><\/li>\n<\/ul>\n<\/div>\n","protected":false},"excerpt":{"rendered":"<p>TANJUN EASY ON Olv\u00eddate de las exageraciones: el Tanjun te ofrece la simplicidad en su m\u00e1xima expresi\u00f3n. Esta versi\u00f3n cuenta<\/p>\n","protected":false},"featured_media":63930,"comment_status":"open","ping_status":"closed","template":"","meta":{"nf_dc_page":""},"product_brand":[1333],"product_cat":[73],"product_tag":[2460],"class_list":{"0":"post-63929","1":"product","2":"type-product","3":"status-publish","4":"has-post-thumbnail","6":"product_brand-nike","7":"product_cat-femenino","8":"product_tag-2460","10":"first","11":"outofstock","12":"shipping-taxable","13":"purchasable","14":"product-type-simple"},"_links":{"self":[{"href":"https:\/\/brandss.com.py\/index\/wp-json\/wp\/v2\/product\/63929","targetHints":{"allow":["GET"]}}],"collection":[{"href":"https:\/\/brandss.com.py\/index\/wp-json\/wp\/v2\/product"}],"about":[{"href":"https:\/\/brandss.com.py\/index\/wp-json\/wp\/v2\/types\/product"}],"replies":[{"embeddable":true,"href":"https:\/\/brandss.com.py\/index\/wp-json\/wp\/v2\/comments?post=63929"}],"version-history":[{"count":1,"href":"https:\/\/brandss.com.py\/index\/wp-json\/wp\/v2\/product\/63929\/revisions"}],"predecessor-version":[{"id":63940,"href":"https:\/\/brandss.com.py\/index\/wp-json\/wp\/v2\/product\/63929\/revisions\/63940"}],"wp:featuredmedia":[{"embeddable":true,"href":"https:\/\/brandss.com.py\/index\/wp-json\/wp\/v2\/media\/63930"}],"wp:attachment":[{"href":"https:\/\/brandss.com.py\/index\/wp-json\/wp\/v2\/media?parent=63929"}],"wp:term":[{"taxonomy":"product_brand","embeddable":true,"href":"https:\/\/brandss.com.py\/index\/wp-json\/wp\/v2\/product_brand?post=63929"},{"taxonomy":"product_cat","embeddable":true,"href":"https:\/\/brandss.com.py\/index\/wp-json\/wp\/v2\/product_cat?post=63929"},{"taxonomy":"product_tag","embeddable":true,"href":"https:\/\/brandss.com.py\/index\/wp-json\/wp\/v2\/product_tag?post=63929"}],"curies":[{"name":"wp","href":"https:\/\/api.w.org\/{rel}","templated":true}]}}