{"id":64035,"date":"2024-12-17T19:03:27","date_gmt":"2024-12-17T19:03:27","guid":{"rendered":"https:\/\/brandss.com.py\/index\/?post_type=product&#038;p=64035"},"modified":"2024-12-17T19:04:31","modified_gmt":"2024-12-17T19:04:31","slug":"camiseta-polo-masculino-hugo-boss-paddy-1-regular-fit-mangas-cortas","status":"publish","type":"product","link":"https:\/\/brandss.com.py\/index\/producto\/camiseta-polo-masculino-hugo-boss-paddy-1-regular-fit-mangas-cortas\/","title":{"rendered":"CAMISETA POLO MASCULINO HUGO BOSS PADDY 1 REGULAR FIT MANGAS CORTAS"},"content":{"rendered":"<p><img loading=\"lazy\" decoding=\"async\" class=\"\" src=\"https:\/\/1000marcas.net\/wp-content\/uploads\/2020\/03\/Hugo-Boss-Logo-old.png\" alt=\"Hugo Boss Logo - s\u00edmbolo, significado logotipo, historia, PNG\" width=\"71\" height=\"40\" \/><\/p>\n<h1>PADDY 1<\/h1>\n<p>Polo regular fit con rayas a contraste modelo &#8216;Paddy&#8217; en amarillo pastel. El polo de BOSS est\u00e1 confeccionado en puro algod\u00f3n y tiene un corte regular fit. Tiene cuello de polo, tapeta corta con botones y etiqueta cosida, as\u00ed como rayas en contraste.<\/p>\n<h4>Detalles<\/h4>\n<p>Algod\u00f3n puro<br \/>\nAjuste regular<br \/>\nModelo &#8216;Paddy&#8217;<br \/>\nCuello tipo polo<br \/>\nTapeta corta con botones<br \/>\nCostura de etiquetas<br \/>\nRayas en contraste<br \/>\nPu\u00f1os acanalados<br \/>\nColor: Amarillo lima<br \/>\nModelo: 50473952<\/p>\n","protected":false},"excerpt":{"rendered":"<p>PADDY 1 Polo regular fit con rayas a contraste modelo &#8216;Paddy&#8217; en amarillo pastel. El polo de BOSS est\u00e1 confeccionado<\/p>\n","protected":false},"featured_media":64036,"comment_status":"open","ping_status":"closed","template":"","meta":{"nf_dc_page":""},"product_brand":[],"product_cat":[76],"product_tag":[],"class_list":{"0":"post-64035","1":"product","2":"type-product","3":"status-publish","4":"has-post-thumbnail","6":"product_cat-masculino","8":"first","9":"instock","10":"shipping-taxable","11":"purchasable","12":"product-type-simple"},"_links":{"self":[{"href":"https:\/\/brandss.com.py\/index\/wp-json\/wp\/v2\/product\/64035","targetHints":{"allow":["GET"]}}],"collection":[{"href":"https:\/\/brandss.com.py\/index\/wp-json\/wp\/v2\/product"}],"about":[{"href":"https:\/\/brandss.com.py\/index\/wp-json\/wp\/v2\/types\/product"}],"replies":[{"embeddable":true,"href":"https:\/\/brandss.com.py\/index\/wp-json\/wp\/v2\/comments?post=64035"}],"version-history":[{"count":1,"href":"https:\/\/brandss.com.py\/index\/wp-json\/wp\/v2\/product\/64035\/revisions"}],"predecessor-version":[{"id":64041,"href":"https:\/\/brandss.com.py\/index\/wp-json\/wp\/v2\/product\/64035\/revisions\/64041"}],"wp:featuredmedia":[{"embeddable":true,"href":"https:\/\/brandss.com.py\/index\/wp-json\/wp\/v2\/media\/64036"}],"wp:attachment":[{"href":"https:\/\/brandss.com.py\/index\/wp-json\/wp\/v2\/media?parent=64035"}],"wp:term":[{"taxonomy":"product_brand","embeddable":true,"href":"https:\/\/brandss.com.py\/index\/wp-json\/wp\/v2\/product_brand?post=64035"},{"taxonomy":"product_cat","embeddable":true,"href":"https:\/\/brandss.com.py\/index\/wp-json\/wp\/v2\/product_cat?post=64035"},{"taxonomy":"product_tag","embeddable":true,"href":"https:\/\/brandss.com.py\/index\/wp-json\/wp\/v2\/product_tag?post=64035"}],"curies":[{"name":"wp","href":"https:\/\/api.w.org\/{rel}","templated":true}]}}