{"id":64065,"date":"2024-12-18T12:36:51","date_gmt":"2024-12-18T12:36:51","guid":{"rendered":"https:\/\/brandss.com.py\/index\/?post_type=product&#038;p=64065"},"modified":"2024-12-18T14:03:40","modified_gmt":"2024-12-18T14:03:40","slug":"calzado-deportivo-masculino-hugo-boss-ttnm-evo-slon-knsd","status":"publish","type":"product","link":"https:\/\/brandss.com.py\/index\/producto\/calzado-deportivo-masculino-hugo-boss-ttnm-evo-slon-knsd\/","title":{"rendered":"CALZADO DEPORTIVO MASCULINO HUGO BOSS TTNM EVO SLON KNSD"},"content":{"rendered":"<p><img loading=\"lazy\" decoding=\"async\" class=\"\" src=\"https:\/\/images.seeklogo.com\/logo-png\/20\/1\/hugo-boss-logo-png_seeklogo-207549.png?v=638687157800000000\" alt=\"Hugo Boss Logo PNG Vectors Free Download\" width=\"68\" height=\"68\" \/><\/p>\n<h1>TTNM EVO SLON KNSD<\/h1>\n<div class=\"pdp-stage__accordion-description\"><span>Calzados de deporte de la nueva temporada de BOSS. Estos calzados, confeccionadas por expertos con una suela exterior acanalada para un perfil deportivo, est\u00e1n dise\u00f1adas con una combinaci\u00f3n de materiales que incluye piel lisa. Los detalles caracter\u00edsticos aparecen en todas partes para darle un toque distintivo. Este producto est\u00e1 creado parcialmente con poli\u00e9ster reciclado. En HUGO BOSS preferimos el poli\u00e9ster reciclado de residuos textiles pre y posconsumo y hacemos todo lo posible para eliminar gradualmente el poli\u00e9ster de las botellas PET. El objetivo de utilizar materiales reciclados es ahorrar recursos valiosos.<\/span><\/div>\n<p><span>Cordones<\/span><br \/>\n<span>Parcialmente forrado<\/span><\/p>\n<p>Color: Gris<\/p>\n<p>Modelo: 50498904<\/p>\n<p>Composici\u00f3n:<\/p>\n<p>Material superior: 100 % poli\u00e9ster (85 % reciclado),<\/p>\n<p>Forro: 100 % poli\u00e9ster (85 % reciclado), 100 % poli\u00e9ster, 85 % poli\u00e9ster, 15 % poliuretano,<\/p>\n<p>Suela: 70 % etileno acetato de vinilo, 30 % caucho,<\/p>\n<p>Revestimiento: 100 % poliuretano termopl\u00e1stico, 100 % piel de vacuno,<\/p>\n<p>Plantilla: 100 % poli\u00e9ste<\/p>\n","protected":false},"excerpt":{"rendered":"<p>TTNM EVO SLON KNSD Calzados de deporte de la nueva temporada de BOSS. Estos calzados, confeccionadas por expertos con una<\/p>\n","protected":false},"featured_media":64066,"comment_status":"open","ping_status":"closed","template":"","meta":{"nf_dc_page":""},"product_brand":[],"product_cat":[76],"product_tag":[],"class_list":{"0":"post-64065","1":"product","2":"type-product","3":"status-publish","4":"has-post-thumbnail","6":"product_cat-masculino","8":"first","9":"instock","10":"shipping-taxable","11":"purchasable","12":"product-type-simple"},"_links":{"self":[{"href":"https:\/\/brandss.com.py\/index\/wp-json\/wp\/v2\/product\/64065","targetHints":{"allow":["GET"]}}],"collection":[{"href":"https:\/\/brandss.com.py\/index\/wp-json\/wp\/v2\/product"}],"about":[{"href":"https:\/\/brandss.com.py\/index\/wp-json\/wp\/v2\/types\/product"}],"replies":[{"embeddable":true,"href":"https:\/\/brandss.com.py\/index\/wp-json\/wp\/v2\/comments?post=64065"}],"version-history":[{"count":1,"href":"https:\/\/brandss.com.py\/index\/wp-json\/wp\/v2\/product\/64065\/revisions"}],"predecessor-version":[{"id":64073,"href":"https:\/\/brandss.com.py\/index\/wp-json\/wp\/v2\/product\/64065\/revisions\/64073"}],"wp:featuredmedia":[{"embeddable":true,"href":"https:\/\/brandss.com.py\/index\/wp-json\/wp\/v2\/media\/64066"}],"wp:attachment":[{"href":"https:\/\/brandss.com.py\/index\/wp-json\/wp\/v2\/media?parent=64065"}],"wp:term":[{"taxonomy":"product_brand","embeddable":true,"href":"https:\/\/brandss.com.py\/index\/wp-json\/wp\/v2\/product_brand?post=64065"},{"taxonomy":"product_cat","embeddable":true,"href":"https:\/\/brandss.com.py\/index\/wp-json\/wp\/v2\/product_cat?post=64065"},{"taxonomy":"product_tag","embeddable":true,"href":"https:\/\/brandss.com.py\/index\/wp-json\/wp\/v2\/product_tag?post=64065"}],"curies":[{"name":"wp","href":"https:\/\/api.w.org\/{rel}","templated":true}]}}