{"id":64081,"date":"2024-12-18T16:05:24","date_gmt":"2024-12-18T16:05:24","guid":{"rendered":"https:\/\/brandss.com.py\/index\/?post_type=product&#038;p=64081"},"modified":"2025-03-27T16:12:38","modified_gmt":"2025-03-27T16:12:38","slug":"plancha-y-rizador-dsp-de-pelo-profesional-2-en-1","status":"publish","type":"product","link":"https:\/\/brandss.com.py\/index\/producto\/plancha-y-rizador-dsp-de-pelo-profesional-2-en-1\/","title":{"rendered":"PLANCHA Y RIZADOR DSP DE PELO PROFESIONAL 2 EN 1"},"content":{"rendered":"<p><img loading=\"lazy\" decoding=\"async\" class=\"\" src=\"https:\/\/e2uf378gvwx.exactdn.com\/wp-content\/uploads\/2024\/03\/dsp-LOGO.png?strip=all&amp;lossy=1&amp;ssl=1\" alt=\"DSP Coffee Maker KA3024 for Filtered Coffee - M2 Home\" width=\"67\" height=\"34\" \/><\/p>\n<h1>10205<\/h1>\n<p><b><span>Plancha alisadora rizadora de cabello profesional con revestimiento cer\u00e1mico con aceite 10x3cm DSP 50W (10205)<\/span><\/b><span>\u00a0es una gran ayuda, puedes usarla para crear rizos divertidos, juguetones, sexys y el\u00e1sticos. Puedes experimentar infinitamente, creando rizos incre\u00edbles con estos rizadores. Despu\u00e9s de todo, ese peinado, independientemente de la moda, parece rentable, hermoso y apropiado. Este modelo est\u00e1 equipado con un clip para fijar el rizo, lo que proporciona cierta comodidad y seguridad.<\/span><\/p>\n<p><span>Estas pinzas son f\u00e1ciles de usar; se recomiendan para uso independiente dentro de las paredes de su propia casa, lo que no se puede decir de otras subcategor\u00edas. La suave superficie cer\u00e1mica se calienta r\u00e1pida y uniformemente y, por lo tanto, es mucho m\u00e1s suave con la superficie del cabello.<\/span><\/p>\n<p><b><span>La potencia del rizador es de 50 W, lo que ayuda a que el dispositivo se caliente r\u00e1pidamente<\/span><\/b><span>\u00a0.<\/span><\/p>\n<p><b><span>El rizador te permitir\u00e1 crear rizos grandes pero bien rizados, adem\u00e1s de ganar mucho volumen en las ra\u00edces.<\/span><\/b><\/p>\n<p><span>La queratina incluida en el kit es \u201caceite marroqu\u00ed\u201d (de semillas de arg\u00e1n), aceite de arg\u00e1n. Se utiliza para tratar el cabello antes del calor de la herramienta.<\/span><\/p>\n<p><b><span>El frasco\u00a0<\/span><\/b><b><span>contiene 80 ml. Hay un dispensador de pipetas integrado en el tap\u00f3n del frasco.<\/span><\/b><\/p>\n<p><b><span>Peculiaridades:<\/span><\/b><\/p>\n<ul>\n<li>Temperatura ajustable de 232\u00b0C (450\u00b0F) a 400\u00b0C (750\u00b0F)<\/li>\n<li>Modo Turbo: Presione el bot\u00f3n &#8220;+&#8221; durante aproximadamente 2 segundos para aumentar la temperatura a un m\u00e1ximo de 750\u00a0\u00a0\u00b0F<\/li>\n<li>Recubrimiento cer\u00e1mico de alta calidad, panel calefactor curvo 3D, crea un cabello m\u00e1s sedoso con menos da\u00f1o<\/li>\n<li><span>Calentamiento r\u00e1pido de las placas, ahorrando tiempo y energ\u00eda.<\/span><\/li>\n<li><span>Apto para todo tipo de cabello<\/span><\/li>\n<li><span>Pantalla LCD de temperatura<\/span><\/li>\n<li><span>Cable giratorio de 360\u00b0.<\/span><\/li>\n<li><span>Apagado autom\u00e1tico dentro de los 60 minutos si no se realiza ninguna operaci\u00f3n y el bloqueo de seguridad no est\u00e1 activado para protecci\u00f3n.<\/span><\/li>\n<\/ul>\n<p><b><span>Presupuesto:<\/span><\/b><\/p>\n<ul>\n<li>Potencia: 50W<\/li>\n<li>Tiempo de calentamiento: 15 segundos<\/li>\n<li>Placa calefactora con revestimiento cer\u00e1mico<\/li>\n<li>Dimensiones de la placa: 100 x 30 mm<\/li>\n<li>pantalla LCD<\/li>\n<li>Recubrimiento antideslizante<\/li>\n<li>Soporte plegable<\/li>\n<li>Lazo para colgar<\/li>\n<li>Cable giratorio<\/li>\n<li>Longitud del cable de alimentaci\u00f3n: 2 metros<\/li>\n<li>Bloqueo de temperatura<\/li>\n<\/ul>\n<p><b><span>Equipo:<\/span><\/b><\/p>\n<ul>\n<li><span>Rizador DSP 10205<\/span><\/li>\n<li><span>Instrucciones en ruso e ingl\u00e9s.<\/span><\/li>\n<li><span>aceite de arg\u00e1n<\/span><\/li>\n<li><span>Embalaje de f\u00e1brica<\/span><\/li>\n<\/ul>\n","protected":false},"excerpt":{"rendered":"<p>10205 Plancha alisadora rizadora de cabello profesional con revestimiento cer\u00e1mico con aceite 10x3cm DSP 50W (10205)\u00a0es una gran ayuda, puedes<\/p>\n","protected":false},"featured_media":64082,"comment_status":"open","ping_status":"closed","template":"","meta":{"nf_dc_page":""},"product_brand":[],"product_cat":[74],"product_tag":[],"class_list":{"0":"post-64081","1":"product","2":"type-product","3":"status-publish","4":"has-post-thumbnail","6":"product_cat-accesorios-fem","8":"first","9":"instock","10":"shipping-taxable","11":"purchasable","12":"product-type-simple"},"_links":{"self":[{"href":"https:\/\/brandss.com.py\/index\/wp-json\/wp\/v2\/product\/64081","targetHints":{"allow":["GET"]}}],"collection":[{"href":"https:\/\/brandss.com.py\/index\/wp-json\/wp\/v2\/product"}],"about":[{"href":"https:\/\/brandss.com.py\/index\/wp-json\/wp\/v2\/types\/product"}],"replies":[{"embeddable":true,"href":"https:\/\/brandss.com.py\/index\/wp-json\/wp\/v2\/comments?post=64081"}],"version-history":[{"count":1,"href":"https:\/\/brandss.com.py\/index\/wp-json\/wp\/v2\/product\/64081\/revisions"}],"predecessor-version":[{"id":64094,"href":"https:\/\/brandss.com.py\/index\/wp-json\/wp\/v2\/product\/64081\/revisions\/64094"}],"wp:featuredmedia":[{"embeddable":true,"href":"https:\/\/brandss.com.py\/index\/wp-json\/wp\/v2\/media\/64082"}],"wp:attachment":[{"href":"https:\/\/brandss.com.py\/index\/wp-json\/wp\/v2\/media?parent=64081"}],"wp:term":[{"taxonomy":"product_brand","embeddable":true,"href":"https:\/\/brandss.com.py\/index\/wp-json\/wp\/v2\/product_brand?post=64081"},{"taxonomy":"product_cat","embeddable":true,"href":"https:\/\/brandss.com.py\/index\/wp-json\/wp\/v2\/product_cat?post=64081"},{"taxonomy":"product_tag","embeddable":true,"href":"https:\/\/brandss.com.py\/index\/wp-json\/wp\/v2\/product_tag?post=64081"}],"curies":[{"name":"wp","href":"https:\/\/api.w.org\/{rel}","templated":true}]}}