{"id":64142,"date":"2024-12-19T12:23:08","date_gmt":"2024-12-19T12:23:08","guid":{"rendered":"https:\/\/brandss.com.py\/index\/?post_type=product&#038;p=64142"},"modified":"2026-02-11T10:18:24","modified_gmt":"2026-02-11T10:18:24","slug":"rizador-de-pelo-dsp-profesional-19mm","status":"publish","type":"product","link":"https:\/\/brandss.com.py\/index\/producto\/rizador-de-pelo-dsp-profesional-19mm\/","title":{"rendered":"RIZADOR DE PELO DSP PROFESIONAL 19MM"},"content":{"rendered":"<p><img loading=\"lazy\" decoding=\"async\" class=\"\" src=\"https:\/\/e2uf378gvwx.exactdn.com\/wp-content\/uploads\/2024\/03\/dsp-LOGO.png?strip=all&amp;lossy=1&amp;ssl=1\" alt=\"DSP Coffee Maker KA3024 for Filtered Coffee - M2 Home\" width=\"51\" height=\"26\" \/><\/p>\n<h1>20106<\/h1>\n<p><strong><span>El rizador de pelo profesional para rizar el cabello de 19 mm DSP 20106<\/span><\/strong><span>\u00a0tiene una forma cl\u00e1sica que, en combinaci\u00f3n con un moderno material de revestimiento de placas y una temperatura de calentamiento ajustable, permite crear una amplia gama de peinados diferentes. Este es un peinado como el de un sal\u00f3n en casa. Cuenta con un revestimiento cer\u00e1mico que proporciona un calentamiento r\u00e1pido en\u00a0<\/span><strong><span>30 segundos<\/span><\/strong><span>\u00a0. Un rizador profesional que crea preciosos rizos en casa en pocos segundos.<\/span><\/p>\n<p><span>El rizador de cabello DSP 20106 es un dispositivo el\u00e9ctrico para rizar el cabello que forma f\u00e1cilmente rizos del tama\u00f1o y forma deseados. Tiene una temperatura de calentamiento <\/span><strong><span>de hasta 232 grados<\/span><\/strong><span>\u00a0, este se considera el modo \u00f3ptimo para mantener la estructura saludable del cabello, su belleza y cuidado. \u00a1Este rizador puede funcionar con cualquier tipo de cabello y el resultado ser\u00e1 excelente!<\/span><\/p>\n<p><strong><span>Para crear:<\/span><\/strong><\/p>\n<ul>\n<li><span>rizos horizontales<\/span><\/li>\n<li><span>onda natural<\/span><\/li>\n<li><span>Volumen<\/span><\/li>\n<li><span>Rizos en espiral (verticales)<\/span><\/li>\n<\/ul>\n<p><strong><span>Cumplimiento de temperatura (F\/C):<\/span><\/strong><\/p>\n<ul>\n<li><span>450 F = C 232<\/span><\/li>\n<li><span>400 F = C 204<\/span><\/li>\n<li><span>350 F = C 177<\/span><\/li>\n<li><span>300 F = C 150<\/span><\/li>\n<li><span>250 F = C 120<\/span><\/li>\n<\/ul>\n<p><strong><span>Presupuesto:<\/span><\/strong><\/p>\n<ul>\n<li><span>Peso, kg: 0,250<\/span><\/li>\n<li><span>Tiempo de calentamiento:\u00a0<\/span><strong><span>30 segundos<\/span><\/strong><\/li>\n<li><span>Dimensiones empaquetadas (Al x An x Pr), mm: 43 x 14,5 x 7,5<\/span><\/li>\n<li><span>Di\u00e1metro del rizador:\u00a0<\/span><strong><span>19 mm<\/span><\/strong><\/li>\n<li><span>Rango de temperatura de calefacci\u00f3n, C: 120-232<\/span><\/li>\n<li><span>Longitud del cable, cm: 200<\/span><\/li>\n<li><span>Indicaci\u00f3n de calefacci\u00f3n: LED<\/span><\/li>\n<li><strong><span>N\u00famero de ajustes de temperatura: 5<\/span><\/strong><\/li>\n<li><span>Material de la caja: pl\u00e1stico<\/span><\/li>\n<li><span>Material de cobertura:\u00a0<\/span><strong><span>cer\u00e1mica<\/span><\/strong><\/li>\n<li><span>Potencia:\u00a0<\/span><strong><span>35W<\/span><\/strong><\/li>\n<li><span>Fuente de alimentaci\u00f3n: red de 220V<\/span><\/li>\n<\/ul>\n<p><strong><span>Equipo:<\/span><\/strong><\/p>\n<ul>\n<li><span>rizador<\/span><\/li>\n<li><span>Instrucciones<\/span><\/li>\n<li><span>Paquete<\/span><\/li>\n<\/ul>\n","protected":false},"excerpt":{"rendered":"<p>20106 El rizador de pelo profesional para rizar el cabello de 19 mm DSP 20106\u00a0tiene una forma cl\u00e1sica que, en<\/p>\n","protected":false},"featured_media":64143,"comment_status":"open","ping_status":"closed","template":"","meta":{"nf_dc_page":""},"product_brand":[],"product_cat":[74],"product_tag":[],"class_list":{"0":"post-64142","1":"product","2":"type-product","3":"status-publish","4":"has-post-thumbnail","6":"product_cat-accesorios-fem","8":"first","9":"instock","10":"shipping-taxable","11":"purchasable","12":"product-type-simple"},"_links":{"self":[{"href":"https:\/\/brandss.com.py\/index\/wp-json\/wp\/v2\/product\/64142","targetHints":{"allow":["GET"]}}],"collection":[{"href":"https:\/\/brandss.com.py\/index\/wp-json\/wp\/v2\/product"}],"about":[{"href":"https:\/\/brandss.com.py\/index\/wp-json\/wp\/v2\/types\/product"}],"replies":[{"embeddable":true,"href":"https:\/\/brandss.com.py\/index\/wp-json\/wp\/v2\/comments?post=64142"}],"version-history":[{"count":1,"href":"https:\/\/brandss.com.py\/index\/wp-json\/wp\/v2\/product\/64142\/revisions"}],"predecessor-version":[{"id":64151,"href":"https:\/\/brandss.com.py\/index\/wp-json\/wp\/v2\/product\/64142\/revisions\/64151"}],"wp:featuredmedia":[{"embeddable":true,"href":"https:\/\/brandss.com.py\/index\/wp-json\/wp\/v2\/media\/64143"}],"wp:attachment":[{"href":"https:\/\/brandss.com.py\/index\/wp-json\/wp\/v2\/media?parent=64142"}],"wp:term":[{"taxonomy":"product_brand","embeddable":true,"href":"https:\/\/brandss.com.py\/index\/wp-json\/wp\/v2\/product_brand?post=64142"},{"taxonomy":"product_cat","embeddable":true,"href":"https:\/\/brandss.com.py\/index\/wp-json\/wp\/v2\/product_cat?post=64142"},{"taxonomy":"product_tag","embeddable":true,"href":"https:\/\/brandss.com.py\/index\/wp-json\/wp\/v2\/product_tag?post=64142"}],"curies":[{"name":"wp","href":"https:\/\/api.w.org\/{rel}","templated":true}]}}