{"id":64281,"date":"2024-12-20T18:18:59","date_gmt":"2024-12-20T18:18:59","guid":{"rendered":"https:\/\/brandss.com.py\/index\/?post_type=product&#038;p=64281"},"modified":"2024-12-20T18:20:13","modified_gmt":"2024-12-20T18:20:13","slug":"recortadora-corporal-dsp-profesional-recargable","status":"publish","type":"product","link":"https:\/\/brandss.com.py\/index\/producto\/recortadora-corporal-dsp-profesional-recargable\/","title":{"rendered":"RECORTADORA CORPORAL DSP PROFESIONAL RECARGABLE"},"content":{"rendered":"<p><img loading=\"lazy\" decoding=\"async\" class=\"\" src=\"https:\/\/e2uf378gvwx.exactdn.com\/wp-content\/uploads\/2024\/03\/dsp-LOGO.png?strip=all&amp;lossy=1&amp;ssl=1\" alt=\"DSP Coffee Maker KA3024 for Filtered Coffee - M2 Home\" width=\"69\" height=\"35\" \/><\/p>\n<h1>60121<\/h1>\n<p><span>Cortapelos para cuerpo y cabello 2 en 1 resistente al agua DSP 60121 es la opci\u00f3n ideal para quienes valoran la comodidad y la eficiencia en el cuidado personal. Este dispositivo vers\u00e1til garantizar\u00e1 la eliminaci\u00f3n segura y precisa de la vegetaci\u00f3n no deseada, gracias a su cuidadoso dise\u00f1o y materiales de alta calidad.<\/span><\/p>\n<h3><span>Peculiaridades:<\/span><\/h3>\n<ul>\n<li><strong><span>Indicador de carga<\/span><\/strong><span>\u00a0: controle f\u00e1cilmente el nivel de carga de la bater\u00eda.<\/span><\/li>\n<li><strong><span>Contenido<\/span><\/strong><span>\u00a0: El kit incluye accesorios para diferentes zonas del cuerpo.<\/span><\/li>\n<li><strong><span>F\u00e1cil de operar<\/span><\/strong><span>\u00a0: intuitivo y f\u00e1cil de usar.<\/span><\/li>\n<li><strong><span>Ligero y pr\u00e1ctico<\/span><\/strong><span>\u00a0: dise\u00f1o compacto y ergon\u00f3mico para un f\u00e1cil uso y transporte.<\/span><\/li>\n<\/ul>\n<h3><span>Presupuesto:<\/span><\/h3>\n<ul>\n<li><strong><span>Marca<\/span><\/strong><span>\u00a0: DSP<\/span><\/li>\n<li><strong><span>Modelo<\/span><\/strong><span>\u00a0: 60121<\/span><\/li>\n<li><strong><span>Tipo<\/span><\/strong><span>\u00a0: Recortadora 2 en 1 resistente al agua para cuerpo y corte de pelo<\/span><\/li>\n<li><strong><span>Potencia<\/span><\/strong><span>\u00a0: 5W<\/span><\/li>\n<li><strong><span>Tipo de bater\u00eda<\/span><\/strong><span>\u00a0: Li-Ion<\/span><\/li>\n<li><strong><span>Capacidad de la bater\u00eda<\/span><\/strong><span>\u00a0: 3,7 V, 600 mAh<\/span><\/li>\n<li><strong><span>Tiempo de carga<\/span><\/strong><span>\u00a0: aproximadamente 2 horas<\/span><\/li>\n<li><strong><span>Tiempo de funcionamiento<\/span><\/strong><span>\u00a0: Hasta 100 minutos<\/span><\/li>\n<li><strong><span>Velocidad de envoltura<\/span><\/strong><span>\u00a0: 5800\u00b1290 rpm<\/span><\/li>\n<li><strong><span>Material de la hoja<\/span><\/strong><span>\u00a0: acero inoxidable 420J2.<\/span><\/li>\n<li><strong><span>Resistente al agua<\/span><\/strong><span>\u00a0: IPX6<\/span><\/li>\n<li><strong><span>Color<\/span><\/strong><span>\u00a0: Gris<\/span><\/li>\n<\/ul>\n<h3><span>Equipo:<\/span><\/h3>\n<ul>\n<li><span>Recortadora impermeable DSP 60121<\/span><\/li>\n<li><span>Cable de carga USB<\/span><\/li>\n<li><span>5 accesorios reemplazables<\/span><\/li>\n<li><span>cepillo de limpieza<\/span><\/li>\n<li><span>Paquete<\/span><\/li>\n<\/ul>\n<p><span>Trimer DSP 60121 se convertir\u00e1 en su asistente confiable en el cuidado del cuerpo, ofreciendo una excelente combinaci\u00f3n de funcionalidad, conveniencia y confiabilidad en un dispositivo compacto.<\/span><\/p>\n","protected":false},"excerpt":{"rendered":"<p>60121 Cortapelos para cuerpo y cabello 2 en 1 resistente al agua DSP 60121 es la opci\u00f3n ideal para quienes<\/p>\n","protected":false},"featured_media":64282,"comment_status":"open","ping_status":"closed","template":"","meta":{"nf_dc_page":""},"product_brand":[],"product_cat":[74,77],"product_tag":[],"class_list":{"0":"post-64281","1":"product","2":"type-product","3":"status-publish","4":"has-post-thumbnail","6":"product_cat-accesorios-fem","7":"product_cat-accesorios-masc","9":"first","10":"instock","11":"shipping-taxable","12":"purchasable","13":"product-type-simple"},"_links":{"self":[{"href":"https:\/\/brandss.com.py\/index\/wp-json\/wp\/v2\/product\/64281","targetHints":{"allow":["GET"]}}],"collection":[{"href":"https:\/\/brandss.com.py\/index\/wp-json\/wp\/v2\/product"}],"about":[{"href":"https:\/\/brandss.com.py\/index\/wp-json\/wp\/v2\/types\/product"}],"replies":[{"embeddable":true,"href":"https:\/\/brandss.com.py\/index\/wp-json\/wp\/v2\/comments?post=64281"}],"version-history":[{"count":1,"href":"https:\/\/brandss.com.py\/index\/wp-json\/wp\/v2\/product\/64281\/revisions"}],"predecessor-version":[{"id":64295,"href":"https:\/\/brandss.com.py\/index\/wp-json\/wp\/v2\/product\/64281\/revisions\/64295"}],"wp:featuredmedia":[{"embeddable":true,"href":"https:\/\/brandss.com.py\/index\/wp-json\/wp\/v2\/media\/64282"}],"wp:attachment":[{"href":"https:\/\/brandss.com.py\/index\/wp-json\/wp\/v2\/media?parent=64281"}],"wp:term":[{"taxonomy":"product_brand","embeddable":true,"href":"https:\/\/brandss.com.py\/index\/wp-json\/wp\/v2\/product_brand?post=64281"},{"taxonomy":"product_cat","embeddable":true,"href":"https:\/\/brandss.com.py\/index\/wp-json\/wp\/v2\/product_cat?post=64281"},{"taxonomy":"product_tag","embeddable":true,"href":"https:\/\/brandss.com.py\/index\/wp-json\/wp\/v2\/product_tag?post=64281"}],"curies":[{"name":"wp","href":"https:\/\/api.w.org\/{rel}","templated":true}]}}