{"id":64296,"date":"2024-12-20T18:48:19","date_gmt":"2024-12-20T18:48:19","guid":{"rendered":"https:\/\/brandss.com.py\/index\/?post_type=product&#038;p=64296"},"modified":"2026-02-11T10:19:04","modified_gmt":"2026-02-11T10:19:04","slug":"depiladora-electrica-dsp-multifuncional-6-en-1","status":"publish","type":"product","link":"https:\/\/brandss.com.py\/index\/producto\/depiladora-electrica-dsp-multifuncional-6-en-1\/","title":{"rendered":"DEPILADORA EL\u00c9CTRICA DSP MULTIFUNCIONAL 6 EN 1"},"content":{"rendered":"<p><img loading=\"lazy\" decoding=\"async\" class=\"\" src=\"https:\/\/e2uf378gvwx.exactdn.com\/wp-content\/uploads\/2024\/03\/dsp-LOGO.png?strip=all&amp;lossy=1&amp;ssl=1\" alt=\"DSP Coffee Maker KA3024 for Filtered Coffee - M2 Home\" width=\"69\" height=\"35\" \/><\/p>\n<h1>70019<\/h1>\n<p><span>Depiladora el\u00e9ctrica multifuncional lima masajeadora limpiador 6 en 1 DSP 70019 + recortador de cejas<\/span><\/p>\n<p><span>La depiladora masajeadora DSP 70019 no es solo una depiladora, es un dispositivo multifuncional que reemplaza varias herramientas a la vez. Se puede utilizar una depiladora facial el\u00e9ctrica para mujeres todos los d\u00edas, sin esperar a que los pelos alcancen la longitud deseada.<\/span><\/p>\n<p><span>Adecuado para su uso en todas las zonas del rostro, as\u00ed como en zonas del cuerpo donde se requiere un tratamiento suave de la piel. El depilador facial para mujeres te permite eliminar la pelusa facial, permitiendo que el maquillaje se aplique de manera m\u00e1s uniforme y haciendo que tu maquillaje luzca perfecto. Gran opci\u00f3n para viajes o uso diario.<\/span><\/p>\n<p><span>El tama\u00f1o compacto, el funcionamiento silencioso y la alta eficiencia han hecho de la depiladora un asistente indispensable, incluso en situaciones imprevistas. Las principales tareas de DSP E-70019 son la depilaci\u00f3n, el peeling, el cuidado de la piel y la depilaci\u00f3n y el masaje. Varias formas de limpiar tu rostro: masajeador y cepillo.<\/span><\/p>\n<p><strong><span>Presupuesto:<\/span><\/strong><\/p>\n<ul>\n<li><span>Material: pl\u00e1stico, acero inoxidable<\/span><\/li>\n<li><span>Uso: bikini, cuerpo, cara, axilas, piel \u00e1spera de piernas.<\/span><\/li>\n<li><span>Tipo de energ\u00eda: recargable<\/span><\/li>\n<li><span>Frecuencia nominal: 50Hz<\/span><\/li>\n<li><span>Potencia: 3W<\/span><\/li>\n<li><span>Tensi\u00f3n nominal: 220V<\/span><\/li>\n<li><span>Tiempo de carga: 2 horas.<\/span><\/li>\n<li><span>Tiempo de funcionamiento: bater\u00eda: 60 minutos.<\/span><\/li>\n<\/ul>\n<p><strong><span>Boquillas reemplazables:<\/span><\/strong><\/p>\n<ul>\n<li><span>accesorio para cabezal depilador<\/span><\/li>\n<li><span>accesorio de afeitar con recortadora: el cabezal de afeitado le permitir\u00e1 acortar el cabello, prepar\u00e1ndolo de manera \u00f3ptima para la depilaci\u00f3n, la recortadora ayudar\u00e1 a corregir la l\u00ednea de crecimiento del vello en el \u00e1rea del bikini;<\/span><\/li>\n<li><span>accesorio de cepillo pelador &#8211; cabezal con cepillo<\/span><\/li>\n<li><span>accesorio con rodillo &#8211; lima &#8211; para zonas rugosas<\/span><\/li>\n<li><span>Accesorio masajeador con rodillos para masaje.<\/span><\/li>\n<\/ul>\n<p><span>El juego tambi\u00e9n incluye un recortador para cejas y rostro. El cambio de accesorios se realiza mediante botones en el cuerpo de la depiladora, de forma f\u00e1cil y sin esfuerzo. Los accesorios no s\u00f3lo se pueden limpiar con un cepillo especial, sino tambi\u00e9n lavarlos y luego secarlos. El dispositivo se puede llevar de viaje, no ocupa mucho espacio.<\/span><\/p>\n<p><strong><span>\u00a1Atenci\u00f3n! Solo puedes lavar los accesorios, el dispositivo en s\u00ed no se puede lavar.<\/span><\/strong><\/p>\n<p><strong><span>Equipo:<\/span><\/strong><\/p>\n<ol>\n<li><span>Masajeador depilador DSP 70019:<\/span><\/li>\n<li><span>Cable de alimentaci\u00f3n<\/span><\/li>\n<li><span>5 boquillas<\/span><\/li>\n<li><span>recortador de cejas<\/span><\/li>\n<li><span>cepillo de limpieza<\/span><\/li>\n<li><span>Instrucciones<\/span><\/li>\n<li><span>Paquete<\/span><\/li>\n<\/ol>\n","protected":false},"excerpt":{"rendered":"<p>70019 Depiladora el\u00e9ctrica multifuncional lima masajeadora limpiador 6 en 1 DSP 70019 + recortador de cejas La depiladora masajeadora DSP<\/p>\n","protected":false},"featured_media":64297,"comment_status":"open","ping_status":"closed","template":"","meta":{"nf_dc_page":""},"product_brand":[],"product_cat":[74],"product_tag":[],"class_list":{"0":"post-64296","1":"product","2":"type-product","3":"status-publish","4":"has-post-thumbnail","6":"product_cat-accesorios-fem","8":"first","9":"instock","10":"shipping-taxable","11":"purchasable","12":"product-type-simple"},"_links":{"self":[{"href":"https:\/\/brandss.com.py\/index\/wp-json\/wp\/v2\/product\/64296","targetHints":{"allow":["GET"]}}],"collection":[{"href":"https:\/\/brandss.com.py\/index\/wp-json\/wp\/v2\/product"}],"about":[{"href":"https:\/\/brandss.com.py\/index\/wp-json\/wp\/v2\/types\/product"}],"replies":[{"embeddable":true,"href":"https:\/\/brandss.com.py\/index\/wp-json\/wp\/v2\/comments?post=64296"}],"version-history":[{"count":1,"href":"https:\/\/brandss.com.py\/index\/wp-json\/wp\/v2\/product\/64296\/revisions"}],"predecessor-version":[{"id":64307,"href":"https:\/\/brandss.com.py\/index\/wp-json\/wp\/v2\/product\/64296\/revisions\/64307"}],"wp:featuredmedia":[{"embeddable":true,"href":"https:\/\/brandss.com.py\/index\/wp-json\/wp\/v2\/media\/64297"}],"wp:attachment":[{"href":"https:\/\/brandss.com.py\/index\/wp-json\/wp\/v2\/media?parent=64296"}],"wp:term":[{"taxonomy":"product_brand","embeddable":true,"href":"https:\/\/brandss.com.py\/index\/wp-json\/wp\/v2\/product_brand?post=64296"},{"taxonomy":"product_cat","embeddable":true,"href":"https:\/\/brandss.com.py\/index\/wp-json\/wp\/v2\/product_cat?post=64296"},{"taxonomy":"product_tag","embeddable":true,"href":"https:\/\/brandss.com.py\/index\/wp-json\/wp\/v2\/product_tag?post=64296"}],"curies":[{"name":"wp","href":"https:\/\/api.w.org\/{rel}","templated":true}]}}