{"id":64308,"date":"2024-12-20T19:06:26","date_gmt":"2024-12-20T19:06:26","guid":{"rendered":"https:\/\/brandss.com.py\/index\/?post_type=product&#038;p=64308"},"modified":"2024-12-20T19:07:03","modified_gmt":"2024-12-20T19:07:03","slug":"eliminador-de-puntos-negros-dsp-5w","status":"publish","type":"product","link":"https:\/\/brandss.com.py\/index\/producto\/eliminador-de-puntos-negros-dsp-5w\/","title":{"rendered":"ELIMINADOR DE PUNTOS NEGROS DSP 5W"},"content":{"rendered":"<p><img loading=\"lazy\" decoding=\"async\" class=\"\" src=\"https:\/\/e2uf378gvwx.exactdn.com\/wp-content\/uploads\/2024\/03\/dsp-LOGO.png?strip=all&amp;lossy=1&amp;ssl=1\" alt=\"DSP Coffee Maker KA3024 for Filtered Coffee - M2 Home\" width=\"55\" height=\"28\" \/><\/p>\n<h1>70165<\/h1>\n<div class=\"pro_tit\"><span>Detalles del producto:<\/span><\/div>\n<div id=\"pastingspan1\"><span>Carga USB: 3,7 V 1 A<\/span><\/div>\n<div id=\"pastingspan1\"><span>Potencia: 5W<\/span><\/div>\n<div id=\"pastingspan1\"><span>Bater\u00eda: Li-ion<\/span><\/div>\n<div id=\"pastingspan1\"><span>Capacidad de la bater\u00eda: 600 mAh<\/span><\/div>\n<div id=\"pastingspan1\"><span>Tiempo de carga: 2 horas<\/span><\/div>\n<div id=\"pastingspan1\"><span>Tiempo de trabajo: 100 minutos<\/span><\/div>\n<div id=\"pastingspan1\"><span>Motor: motor de plata paladio FF-370 de 3,7 V<\/span><\/div>\n<div id=\"pastingspan1\"><span>Succi\u00f3n: 60 MPa<\/span><\/div>\n<div id=\"pastingspan1\"><span>Rango de ajuste: succi\u00f3n de 3 marchas, multifunci\u00f3n de reposici\u00f3n de agua.<\/span><\/div>\n<div id=\"pastingspan1\"><span>Accesorios: 1 botella de agua, 1 cable USB, 4 cabezales intercambiables, 8 esponjas filtrantes<\/span><\/div>\n","protected":false},"excerpt":{"rendered":"<p>70165 Detalles del producto: Carga USB: 3,7 V 1 A Potencia: 5W Bater\u00eda: Li-ion Capacidad de la bater\u00eda: 600 mAh<\/p>\n","protected":false},"featured_media":64309,"comment_status":"open","ping_status":"closed","template":"","meta":{"nf_dc_page":""},"product_brand":[],"product_cat":[74],"product_tag":[],"class_list":{"0":"post-64308","1":"product","2":"type-product","3":"status-publish","4":"has-post-thumbnail","6":"product_cat-accesorios-fem","8":"first","9":"instock","10":"shipping-taxable","11":"purchasable","12":"product-type-simple"},"_links":{"self":[{"href":"https:\/\/brandss.com.py\/index\/wp-json\/wp\/v2\/product\/64308","targetHints":{"allow":["GET"]}}],"collection":[{"href":"https:\/\/brandss.com.py\/index\/wp-json\/wp\/v2\/product"}],"about":[{"href":"https:\/\/brandss.com.py\/index\/wp-json\/wp\/v2\/types\/product"}],"replies":[{"embeddable":true,"href":"https:\/\/brandss.com.py\/index\/wp-json\/wp\/v2\/comments?post=64308"}],"version-history":[{"count":1,"href":"https:\/\/brandss.com.py\/index\/wp-json\/wp\/v2\/product\/64308\/revisions"}],"predecessor-version":[{"id":64315,"href":"https:\/\/brandss.com.py\/index\/wp-json\/wp\/v2\/product\/64308\/revisions\/64315"}],"wp:featuredmedia":[{"embeddable":true,"href":"https:\/\/brandss.com.py\/index\/wp-json\/wp\/v2\/media\/64309"}],"wp:attachment":[{"href":"https:\/\/brandss.com.py\/index\/wp-json\/wp\/v2\/media?parent=64308"}],"wp:term":[{"taxonomy":"product_brand","embeddable":true,"href":"https:\/\/brandss.com.py\/index\/wp-json\/wp\/v2\/product_brand?post=64308"},{"taxonomy":"product_cat","embeddable":true,"href":"https:\/\/brandss.com.py\/index\/wp-json\/wp\/v2\/product_cat?post=64308"},{"taxonomy":"product_tag","embeddable":true,"href":"https:\/\/brandss.com.py\/index\/wp-json\/wp\/v2\/product_tag?post=64308"}],"curies":[{"name":"wp","href":"https:\/\/api.w.org\/{rel}","templated":true}]}}