{"id":64316,"date":"2024-12-21T11:16:42","date_gmt":"2024-12-21T11:16:42","guid":{"rendered":"https:\/\/brandss.com.py\/index\/?post_type=product&#038;p=64316"},"modified":"2024-12-21T11:17:29","modified_gmt":"2024-12-21T11:17:29","slug":"calzado-casual-masculino-hugo-boss-clint-tenn-ltt","status":"publish","type":"product","link":"https:\/\/brandss.com.py\/index\/producto\/calzado-casual-masculino-hugo-boss-clint-tenn-ltt\/","title":{"rendered":"CALZADO  CASUAL MASCULINO HUGO BOSS CLINT TENN LTT"},"content":{"rendered":"<p><img loading=\"lazy\" decoding=\"async\" class=\"\" src=\"https:\/\/upload.wikimedia.org\/wikipedia\/commons\/7\/73\/Hugo-Boss-Logo.svg\" alt=\"Archivo:Hugo-Boss-Logo.svg - Wikipedia, la enciclopedia libre\" width=\"91\" height=\"34\" \/><\/p>\n<h1>CLINT TENN LTT<\/h1>\n<div class=\"pdp-stage__accordion-style-number font--sub2\"><\/div>\n<div class=\"pdp-stage__accordion-description\"><span>Calzados con suela de goma distintivas de BOSS, confeccionadas en piel suave con detalles de rayas y logotipos caracter\u00edsticos. Buscamos continuamente formas m\u00e1s responsables de producir y terminar nuestros productos. Un m\u00ednimo del 60 % de la piel utilizada para fabricar este producto procede de curtidur\u00edas certificadas.<\/span><\/div>\n<p><span>Cordones<\/span><\/p>\n<p><span>Totalmente forrado<\/span><\/p>\n<p>Color: Blanco<\/p>\n<p>Modelo: 50502885<\/p>\n<p>Composici\u00f3n:<\/p>\n<p>Material superior: 100% Piel de vacuno.<\/p>\n<p>Forro: 100% Poli\u00e9ster, 60% Poli\u00e9ster, 40% Poliuretano.<\/p>\n<p>Suela: 100% Poliuretano termopl\u00e1stico.<\/p>\n<p>Plantilla: 100% Poli\u00e9ster.<\/p>\n","protected":false},"excerpt":{"rendered":"<p>CLINT TENN LTT Calzados con suela de goma distintivas de BOSS, confeccionadas en piel suave con detalles de rayas y<\/p>\n","protected":false},"featured_media":64317,"comment_status":"open","ping_status":"closed","template":"","meta":{"nf_dc_page":""},"product_brand":[],"product_cat":[76],"product_tag":[],"class_list":{"0":"post-64316","1":"product","2":"type-product","3":"status-publish","4":"has-post-thumbnail","6":"product_cat-masculino","8":"first","9":"instock","10":"shipping-taxable","11":"purchasable","12":"product-type-simple"},"_links":{"self":[{"href":"https:\/\/brandss.com.py\/index\/wp-json\/wp\/v2\/product\/64316","targetHints":{"allow":["GET"]}}],"collection":[{"href":"https:\/\/brandss.com.py\/index\/wp-json\/wp\/v2\/product"}],"about":[{"href":"https:\/\/brandss.com.py\/index\/wp-json\/wp\/v2\/types\/product"}],"replies":[{"embeddable":true,"href":"https:\/\/brandss.com.py\/index\/wp-json\/wp\/v2\/comments?post=64316"}],"version-history":[{"count":1,"href":"https:\/\/brandss.com.py\/index\/wp-json\/wp\/v2\/product\/64316\/revisions"}],"predecessor-version":[{"id":64324,"href":"https:\/\/brandss.com.py\/index\/wp-json\/wp\/v2\/product\/64316\/revisions\/64324"}],"wp:featuredmedia":[{"embeddable":true,"href":"https:\/\/brandss.com.py\/index\/wp-json\/wp\/v2\/media\/64317"}],"wp:attachment":[{"href":"https:\/\/brandss.com.py\/index\/wp-json\/wp\/v2\/media?parent=64316"}],"wp:term":[{"taxonomy":"product_brand","embeddable":true,"href":"https:\/\/brandss.com.py\/index\/wp-json\/wp\/v2\/product_brand?post=64316"},{"taxonomy":"product_cat","embeddable":true,"href":"https:\/\/brandss.com.py\/index\/wp-json\/wp\/v2\/product_cat?post=64316"},{"taxonomy":"product_tag","embeddable":true,"href":"https:\/\/brandss.com.py\/index\/wp-json\/wp\/v2\/product_tag?post=64316"}],"curies":[{"name":"wp","href":"https:\/\/api.w.org\/{rel}","templated":true}]}}