{"id":64336,"date":"2024-12-21T13:35:44","date_gmt":"2024-12-21T13:35:44","guid":{"rendered":"https:\/\/brandss.com.py\/index\/?post_type=product&#038;p=64336"},"modified":"2025-06-13T13:10:36","modified_gmt":"2025-06-13T13:10:36","slug":"calzado-deportivo-masculino-hugo-boss-titanium-runn-knsta","status":"publish","type":"product","link":"https:\/\/brandss.com.py\/index\/producto\/calzado-deportivo-masculino-hugo-boss-titanium-runn-knsta\/","title":{"rendered":"CALZADO DEPORTIVO MASCULINO HUGO BOSS TITANIUM RUNN KNSTA"},"content":{"rendered":"<p><img loading=\"lazy\" decoding=\"async\" class=\"\" src=\"https:\/\/upload.wikimedia.org\/wikipedia\/commons\/7\/73\/Hugo-Boss-Logo.svg\" alt=\"Archivo:Hugo-Boss-Logo.svg - Wikipedia, la enciclopedia libre\" width=\"107\" height=\"40\" \/><\/p>\n<h1>TITANIUM RUNN KNSTA<\/h1>\n<p>\u00bfTe apetece un estilo urbano y un look cotidiano de culto? Con este calzado informal estar\u00e1s en l\u00ednea con la tendencia del momento. Los calzados de deporte modernos gozan de una gran popularidad y se han abierto paso en todos los mundos de la moda. \u00a1Nosotros pensamos que con raz\u00f3n! Porque el dise\u00f1o es joven, fresco y animado. El car\u00e1cter deportivo completa de forma divertida tu atuendo. El estilo de moda, que anta\u00f1o representaba el esp\u00edritu libre e inconformista de los chicos de la calle, hoy se puede combinar con la misma naturalidad en el mundo de los negocios. Desde los zapatos de calle informales con la cultura del skate, el mundo del hip-hop hasta las pasarelas internacionales y las reuniones de negocios: \u00a1los calzados deportivos marcan una trayectoria profesional \u00fanica!<\/p>\n<p>\u00a1Cuidado, lo mejor viene al final: adem\u00e1s son s\u00faper c\u00f3modas!<\/p>\n<p>Un calzado de running elegante y moderno, perfecto tanto para entrenar como para el d\u00eda a d\u00eda. El zapato est\u00e1 fabricado con materiales de alta calidad. Un calzado perfecto para el verano.<\/p>\n<h4>Detalles:<\/h4>\n<ul class=\"product-spot__details__info__description-list ng-tns-c204-5\">\n<li class=\"ng-star-inserted\"><span>Modelo: 50470596.<\/span><\/li>\n<li><span>Color: Negro<\/span><\/li>\n<li><span>Ante en los cordones y el tal\u00f3n.<\/span><\/li>\n<li><span>Logotipo en la leng\u00fceta y el tal\u00f3n.<\/span><\/li>\n<li><span>Detalles reflectantes en el tal\u00f3n.<\/span><\/li>\n<li><span>Producido en una sola pieza de tela.<\/span><\/li>\n<li><span>Respirable<\/span><\/li>\n<\/ul>\n","protected":false},"excerpt":{"rendered":"<p>TITANIUM RUNN KNSTA \u00bfTe apetece un estilo urbano y un look cotidiano de culto? Con este calzado informal estar\u00e1s en<\/p>\n","protected":false},"featured_media":64337,"comment_status":"open","ping_status":"closed","template":"","meta":{"nf_dc_page":""},"product_brand":[],"product_cat":[76],"product_tag":[],"class_list":{"0":"post-64336","1":"product","2":"type-product","3":"status-publish","4":"has-post-thumbnail","6":"product_cat-masculino","8":"first","9":"instock","10":"shipping-taxable","11":"purchasable","12":"product-type-simple"},"_links":{"self":[{"href":"https:\/\/brandss.com.py\/index\/wp-json\/wp\/v2\/product\/64336","targetHints":{"allow":["GET"]}}],"collection":[{"href":"https:\/\/brandss.com.py\/index\/wp-json\/wp\/v2\/product"}],"about":[{"href":"https:\/\/brandss.com.py\/index\/wp-json\/wp\/v2\/types\/product"}],"replies":[{"embeddable":true,"href":"https:\/\/brandss.com.py\/index\/wp-json\/wp\/v2\/comments?post=64336"}],"version-history":[{"count":1,"href":"https:\/\/brandss.com.py\/index\/wp-json\/wp\/v2\/product\/64336\/revisions"}],"predecessor-version":[{"id":64350,"href":"https:\/\/brandss.com.py\/index\/wp-json\/wp\/v2\/product\/64336\/revisions\/64350"}],"wp:featuredmedia":[{"embeddable":true,"href":"https:\/\/brandss.com.py\/index\/wp-json\/wp\/v2\/media\/64337"}],"wp:attachment":[{"href":"https:\/\/brandss.com.py\/index\/wp-json\/wp\/v2\/media?parent=64336"}],"wp:term":[{"taxonomy":"product_brand","embeddable":true,"href":"https:\/\/brandss.com.py\/index\/wp-json\/wp\/v2\/product_brand?post=64336"},{"taxonomy":"product_cat","embeddable":true,"href":"https:\/\/brandss.com.py\/index\/wp-json\/wp\/v2\/product_cat?post=64336"},{"taxonomy":"product_tag","embeddable":true,"href":"https:\/\/brandss.com.py\/index\/wp-json\/wp\/v2\/product_tag?post=64336"}],"curies":[{"name":"wp","href":"https:\/\/api.w.org\/{rel}","templated":true}]}}