{"id":64358,"date":"2024-12-21T16:02:37","date_gmt":"2024-12-21T16:02:37","guid":{"rendered":"https:\/\/brandss.com.py\/index\/?post_type=product&#038;p=64358"},"modified":"2024-12-21T16:03:22","modified_gmt":"2024-12-21T16:03:22","slug":"calzado-casual-femenino-coach-mocasin-jolene","status":"publish","type":"product","link":"https:\/\/brandss.com.py\/index\/producto\/calzado-casual-femenino-coach-mocasin-jolene\/","title":{"rendered":"CALZADO CASUAL FEMENINO COACH MOCAS\u00cdN JOLENE"},"content":{"rendered":"<p><img loading=\"lazy\" decoding=\"async\" class=\"\" src=\"https:\/\/1000marcas.net\/wp-content\/uploads\/2020\/10\/Coach-Logo.png\" alt=\"Coach Logo - s\u00edmbolo, significado logotipo, historia, PNG\" width=\"72\" height=\"41\" \/><\/p>\n<h1>JOLENE<\/h1>\n<p><span>Un estilo cl\u00e1sico que es a la vez informal y elegante, nuestro mocas\u00edn Jolene es un dise\u00f1o vers\u00e1til para el trabajo y el fin de semana. Fabricado en cuero suave, est\u00e1 terminado con un sutil tac\u00f3n de bloque y nuestro exclusivo herraje pulido para darle un toque tradicional.<\/span><\/p>\n<div>\n<h3><span>Detalles del producto<\/span><\/h3>\n<p>&nbsp;<\/p>\n<ul>\n<li><span>Parte superior de cuero<\/span><\/li>\n<li><span>Forro y plantilla de cuero<\/span><\/li>\n<li><span>Suela de cuero sint\u00e9tico<\/span><\/li>\n<li><span>Ponerse<\/span><\/li>\n<li><span>Tac\u00f3n de 1,5 cm<\/span><\/li>\n<li>Color: Moss<\/li>\n<li>Modelo: CK017<\/li>\n<\/ul>\n<\/div>\n","protected":false},"excerpt":{"rendered":"<p>JOLENE Un estilo cl\u00e1sico que es a la vez informal y elegante, nuestro mocas\u00edn Jolene es un dise\u00f1o vers\u00e1til para<\/p>\n","protected":false},"featured_media":64359,"comment_status":"open","ping_status":"closed","template":"","meta":{"nf_dc_page":""},"product_brand":[],"product_cat":[73],"product_tag":[],"class_list":{"0":"post-64358","1":"product","2":"type-product","3":"status-publish","4":"has-post-thumbnail","6":"product_cat-femenino","8":"first","9":"instock","10":"shipping-taxable","11":"purchasable","12":"product-type-simple"},"_links":{"self":[{"href":"https:\/\/brandss.com.py\/index\/wp-json\/wp\/v2\/product\/64358","targetHints":{"allow":["GET"]}}],"collection":[{"href":"https:\/\/brandss.com.py\/index\/wp-json\/wp\/v2\/product"}],"about":[{"href":"https:\/\/brandss.com.py\/index\/wp-json\/wp\/v2\/types\/product"}],"replies":[{"embeddable":true,"href":"https:\/\/brandss.com.py\/index\/wp-json\/wp\/v2\/comments?post=64358"}],"version-history":[{"count":1,"href":"https:\/\/brandss.com.py\/index\/wp-json\/wp\/v2\/product\/64358\/revisions"}],"predecessor-version":[{"id":64364,"href":"https:\/\/brandss.com.py\/index\/wp-json\/wp\/v2\/product\/64358\/revisions\/64364"}],"wp:featuredmedia":[{"embeddable":true,"href":"https:\/\/brandss.com.py\/index\/wp-json\/wp\/v2\/media\/64359"}],"wp:attachment":[{"href":"https:\/\/brandss.com.py\/index\/wp-json\/wp\/v2\/media?parent=64358"}],"wp:term":[{"taxonomy":"product_brand","embeddable":true,"href":"https:\/\/brandss.com.py\/index\/wp-json\/wp\/v2\/product_brand?post=64358"},{"taxonomy":"product_cat","embeddable":true,"href":"https:\/\/brandss.com.py\/index\/wp-json\/wp\/v2\/product_cat?post=64358"},{"taxonomy":"product_tag","embeddable":true,"href":"https:\/\/brandss.com.py\/index\/wp-json\/wp\/v2\/product_tag?post=64358"}],"curies":[{"name":"wp","href":"https:\/\/api.w.org\/{rel}","templated":true}]}}