{"id":64365,"date":"2024-12-21T16:21:35","date_gmt":"2024-12-21T16:21:35","guid":{"rendered":"https:\/\/brandss.com.py\/index\/?post_type=product&#038;p=64365"},"modified":"2024-12-21T16:22:32","modified_gmt":"2024-12-21T16:22:32","slug":"calzado-casual-femenino-coach-mocasin-ronnie","status":"publish","type":"product","link":"https:\/\/brandss.com.py\/index\/producto\/calzado-casual-femenino-coach-mocasin-ronnie\/","title":{"rendered":"CALZADO CASUAL FEMENINO COACH MOCAS\u00cdN RONNIE"},"content":{"rendered":"<p><img loading=\"lazy\" decoding=\"async\" class=\"alignleft\" src=\"https:\/\/1000marcas.net\/wp-content\/uploads\/2020\/10\/Coach-Logo.png\" alt=\"Coach Logo - s\u00edmbolo, significado logotipo, historia, PNG\" width=\"86\" height=\"49\" \/><\/p>\n<h1><\/h1>\n<h1><\/h1>\n<h1 style=\"text-align: left\">RONNIE<\/h1>\n<p>Nuestros mocasines Ronnie combinan la apariencia cl\u00e1sica de un loafer con la funcionalidad de un zapato de conducci\u00f3n con una suave l\u00ednea superior el\u00e1stica y una suela de goma ranurada con un protector del tal\u00f3n. Este estilo vers\u00e1til listo para usar con todo est\u00e1 confeccionado en piel suave con detalles de nuestro hardware Signature para brindar un toque de brillo y est\u00e1 terminado con una c\u00f3moda plantilla acolchada.<\/p>\n<div class=\"col-bs-12\">\n<div class=\"product-detail__specifications\">\n<h3 class=\"product-specifications-info-title\">Detalles<\/h3>\n<div class=\"product-specifications-info-desc\">\n<p class=\"atribute\"><b>Composici\u00f3n detalle:<\/b>\u00a0<span data-attr=\"attr-Composicion-Detalle\">Parte superior de piel. Forro y plantilla de piel. Suela de goma.<\/span><\/p>\n<p class=\"atribute\"><b>Color:<\/b>\u00a0<span data-attr=\"attr-Color\">Verde<\/span><\/p>\n<p class=\"atribute\"><b>Ajuste:<\/b>\u00a0<span data-attr=\"attr-Ajuste\">Ajuste: Normal. Recomendamos elegir tu talla habitual.<\/span><\/p>\n<\/div>\n<\/div>\n<\/div>\n<div class=\"product-detail__style col-bs-12 pb-3 d-flex text-Helvetica\"><span class=\"product-detail__style-title text-Helvetica-Bold\"><b>Modelo: <\/b><\/span>CP918<\/div>\n","protected":false},"excerpt":{"rendered":"<p>RONNIE Nuestros mocasines Ronnie combinan la apariencia cl\u00e1sica de un loafer con la funcionalidad de un zapato de conducci\u00f3n con<\/p>\n","protected":false},"featured_media":64366,"comment_status":"open","ping_status":"closed","template":"","meta":{"nf_dc_page":""},"product_brand":[],"product_cat":[73],"product_tag":[],"class_list":{"0":"post-64365","1":"product","2":"type-product","3":"status-publish","4":"has-post-thumbnail","6":"product_cat-femenino","8":"first","9":"instock","10":"shipping-taxable","11":"purchasable","12":"product-type-simple"},"_links":{"self":[{"href":"https:\/\/brandss.com.py\/index\/wp-json\/wp\/v2\/product\/64365","targetHints":{"allow":["GET"]}}],"collection":[{"href":"https:\/\/brandss.com.py\/index\/wp-json\/wp\/v2\/product"}],"about":[{"href":"https:\/\/brandss.com.py\/index\/wp-json\/wp\/v2\/types\/product"}],"replies":[{"embeddable":true,"href":"https:\/\/brandss.com.py\/index\/wp-json\/wp\/v2\/comments?post=64365"}],"version-history":[{"count":1,"href":"https:\/\/brandss.com.py\/index\/wp-json\/wp\/v2\/product\/64365\/revisions"}],"predecessor-version":[{"id":64372,"href":"https:\/\/brandss.com.py\/index\/wp-json\/wp\/v2\/product\/64365\/revisions\/64372"}],"wp:featuredmedia":[{"embeddable":true,"href":"https:\/\/brandss.com.py\/index\/wp-json\/wp\/v2\/media\/64366"}],"wp:attachment":[{"href":"https:\/\/brandss.com.py\/index\/wp-json\/wp\/v2\/media?parent=64365"}],"wp:term":[{"taxonomy":"product_brand","embeddable":true,"href":"https:\/\/brandss.com.py\/index\/wp-json\/wp\/v2\/product_brand?post=64365"},{"taxonomy":"product_cat","embeddable":true,"href":"https:\/\/brandss.com.py\/index\/wp-json\/wp\/v2\/product_cat?post=64365"},{"taxonomy":"product_tag","embeddable":true,"href":"https:\/\/brandss.com.py\/index\/wp-json\/wp\/v2\/product_tag?post=64365"}],"curies":[{"name":"wp","href":"https:\/\/api.w.org\/{rel}","templated":true}]}}