{"id":64373,"date":"2024-12-21T16:45:00","date_gmt":"2024-12-21T16:45:00","guid":{"rendered":"https:\/\/brandss.com.py\/index\/?post_type=product&#038;p=64373"},"modified":"2024-12-21T16:45:59","modified_gmt":"2024-12-21T16:45:59","slug":"calzado-casual-femenino-coach-isabella-suede","status":"publish","type":"product","link":"https:\/\/brandss.com.py\/index\/producto\/calzado-casual-femenino-coach-isabella-suede\/","title":{"rendered":"CALZADO CASUAL FEMENINO COACH ISABELLA SUEDE"},"content":{"rendered":"<p><img loading=\"lazy\" decoding=\"async\" class=\"\" src=\"https:\/\/1000marcas.net\/wp-content\/uploads\/2020\/10\/Coach-Logo.png\" alt=\"Coach Logo - s\u00edmbolo, significado logotipo, historia, PNG\" width=\"111\" height=\"63\" \/><\/p>\n<h1>ISABELLA SUEDE<\/h1>\n<p>Nuestro colgante Signature Charm a\u00f1ade el estilo Coach al zapato de sal\u00f3n Isabella de gamuza aterciopelada. Perfecto para el d\u00eda a d\u00eda o para bailar toda la noche, el dise\u00f1o de punta redondeada se asienta sobre una plataforma sutil y un tac\u00f3n de bloque resistente.<\/p>\n<h2 class=\"css-1eziwv\" role=\"presentation\"><span class=\"accordion_details css-1h480h1\" data-qa=\"cm_pdp_btn_pdtls_card_hdr\"><span>Detalles\u00a0<\/span><\/span><\/h2>\n<div class=\"chakra-collapse\" aria-hidden=\"false\">\n<div id=\"accordion-panel-:R7add5ad54t9f6:\" class=\"chakra-accordion__panel product-properties css-62dlz2\" role=\"region\" data-qa=\"cm_pdp_cntnr_pdtls_card_body\" aria-labelledby=\"accordion-button-:R7add5ad54t9f6:\">\n<div id=\"product-details\" class=\"chakra-text css-1xbjlwr\">\n<div id=\"description2\" class=\"css-5w20so\">\n<div class=\"product-props__details\" aria-label=\"ni\u00f1o\">\n<ul>\n<li role=\"presentation\"><span>Modelo: <\/span><span>CE296<\/span><\/li>\n<li role=\"presentation\"><span>Altura del tac\u00f3n: 4,75&#8243;<\/span><\/li>\n<li role=\"presentation\"><span>Parte superior de gamuza<\/span><\/li>\n<li role=\"presentation\"><span>Forro y plantilla de piel.<\/span><\/li>\n<li role=\"presentation\"><span>Suela de goma<\/span><\/li>\n<li role=\"presentation\"><span>Cierre con hebilla<\/span><\/li>\n<li role=\"presentation\">Color: Negro<\/li>\n<\/ul>\n<\/div>\n<div class=\"product-props__details\" aria-label=\"ni\u00f1o\"><\/div>\n<div class=\"product-props__details\" aria-label=\"ni\u00f1o\"><\/div>\n<div class=\"product-props__details\" aria-label=\"ni\u00f1o\"><\/div>\n<\/div>\n<\/div>\n<\/div>\n<\/div>\n","protected":false},"excerpt":{"rendered":"<p>ISABELLA SUEDE Nuestro colgante Signature Charm a\u00f1ade el estilo Coach al zapato de sal\u00f3n Isabella de gamuza aterciopelada. Perfecto para<\/p>\n","protected":false},"featured_media":64374,"comment_status":"open","ping_status":"closed","template":"","meta":{"nf_dc_page":""},"product_brand":[],"product_cat":[73],"product_tag":[],"class_list":{"0":"post-64373","1":"product","2":"type-product","3":"status-publish","4":"has-post-thumbnail","6":"product_cat-femenino","8":"first","9":"instock","10":"shipping-taxable","11":"purchasable","12":"product-type-simple"},"_links":{"self":[{"href":"https:\/\/brandss.com.py\/index\/wp-json\/wp\/v2\/product\/64373","targetHints":{"allow":["GET"]}}],"collection":[{"href":"https:\/\/brandss.com.py\/index\/wp-json\/wp\/v2\/product"}],"about":[{"href":"https:\/\/brandss.com.py\/index\/wp-json\/wp\/v2\/types\/product"}],"replies":[{"embeddable":true,"href":"https:\/\/brandss.com.py\/index\/wp-json\/wp\/v2\/comments?post=64373"}],"version-history":[{"count":1,"href":"https:\/\/brandss.com.py\/index\/wp-json\/wp\/v2\/product\/64373\/revisions"}],"predecessor-version":[{"id":64380,"href":"https:\/\/brandss.com.py\/index\/wp-json\/wp\/v2\/product\/64373\/revisions\/64380"}],"wp:featuredmedia":[{"embeddable":true,"href":"https:\/\/brandss.com.py\/index\/wp-json\/wp\/v2\/media\/64374"}],"wp:attachment":[{"href":"https:\/\/brandss.com.py\/index\/wp-json\/wp\/v2\/media?parent=64373"}],"wp:term":[{"taxonomy":"product_brand","embeddable":true,"href":"https:\/\/brandss.com.py\/index\/wp-json\/wp\/v2\/product_brand?post=64373"},{"taxonomy":"product_cat","embeddable":true,"href":"https:\/\/brandss.com.py\/index\/wp-json\/wp\/v2\/product_cat?post=64373"},{"taxonomy":"product_tag","embeddable":true,"href":"https:\/\/brandss.com.py\/index\/wp-json\/wp\/v2\/product_tag?post=64373"}],"curies":[{"name":"wp","href":"https:\/\/api.w.org\/{rel}","templated":true}]}}