{"id":64381,"date":"2024-12-21T17:29:22","date_gmt":"2024-12-21T17:29:22","guid":{"rendered":"https:\/\/brandss.com.py\/index\/?post_type=product&#038;p=64381"},"modified":"2024-12-21T17:30:12","modified_gmt":"2024-12-21T17:30:12","slug":"calzado-casual-femenino-coach-waverly-pump","status":"publish","type":"product","link":"https:\/\/brandss.com.py\/index\/producto\/calzado-casual-femenino-coach-waverly-pump\/","title":{"rendered":"CALZADO CASUAL FEMENINO COACH WAVERLY PUMP"},"content":{"rendered":"<p><img loading=\"lazy\" decoding=\"async\" class=\"\" src=\"https:\/\/1000marcas.net\/wp-content\/uploads\/2020\/10\/Coach-Logo.png\" alt=\"Coach Logo - s\u00edmbolo, significado logotipo, historia, PNG\" width=\"85\" height=\"48\" \/><\/p>\n<h1>WAVERLY PUMP<\/h1>\n<div class=\"card product-detail-card details\">\n<div class=\"value content product-detail-section-text\"><span>Este vers\u00e1til zapato de tac\u00f3n, confeccionado en piel suave, es perfecto para el d\u00eda y la noche. El detalle de cadena de cuentas reluciente le da un toque de brillo al estilo de punta puntiaguda.<\/span><\/div>\n<\/div>\n<div class=\"card product-detail-card features\">\n<div class=\"value content product-detail-section-text\">\n<ul>\n<li><span>Parte superior de cuero.<\/span><\/li>\n<li><span>Forro y plantilla de piel.<\/span><\/li>\n<li><span>Suela de goma.<\/span><\/li>\n<li><span>Ponerse.<\/span><\/li>\n<li>Color: Beechwood.<\/li>\n<li>Modelo: G3935<\/li>\n<\/ul>\n<\/div>\n<\/div>\n","protected":false},"excerpt":{"rendered":"<p>WAVERLY PUMP Este vers\u00e1til zapato de tac\u00f3n, confeccionado en piel suave, es perfecto para el d\u00eda y la noche. El<\/p>\n","protected":false},"featured_media":64382,"comment_status":"open","ping_status":"closed","template":"","meta":{"nf_dc_page":""},"product_brand":[],"product_cat":[73],"product_tag":[],"class_list":{"0":"post-64381","1":"product","2":"type-product","3":"status-publish","4":"has-post-thumbnail","6":"product_cat-femenino","8":"first","9":"instock","10":"shipping-taxable","11":"purchasable","12":"product-type-simple"},"_links":{"self":[{"href":"https:\/\/brandss.com.py\/index\/wp-json\/wp\/v2\/product\/64381","targetHints":{"allow":["GET"]}}],"collection":[{"href":"https:\/\/brandss.com.py\/index\/wp-json\/wp\/v2\/product"}],"about":[{"href":"https:\/\/brandss.com.py\/index\/wp-json\/wp\/v2\/types\/product"}],"replies":[{"embeddable":true,"href":"https:\/\/brandss.com.py\/index\/wp-json\/wp\/v2\/comments?post=64381"}],"version-history":[{"count":1,"href":"https:\/\/brandss.com.py\/index\/wp-json\/wp\/v2\/product\/64381\/revisions"}],"predecessor-version":[{"id":64390,"href":"https:\/\/brandss.com.py\/index\/wp-json\/wp\/v2\/product\/64381\/revisions\/64390"}],"wp:featuredmedia":[{"embeddable":true,"href":"https:\/\/brandss.com.py\/index\/wp-json\/wp\/v2\/media\/64382"}],"wp:attachment":[{"href":"https:\/\/brandss.com.py\/index\/wp-json\/wp\/v2\/media?parent=64381"}],"wp:term":[{"taxonomy":"product_brand","embeddable":true,"href":"https:\/\/brandss.com.py\/index\/wp-json\/wp\/v2\/product_brand?post=64381"},{"taxonomy":"product_cat","embeddable":true,"href":"https:\/\/brandss.com.py\/index\/wp-json\/wp\/v2\/product_cat?post=64381"},{"taxonomy":"product_tag","embeddable":true,"href":"https:\/\/brandss.com.py\/index\/wp-json\/wp\/v2\/product_tag?post=64381"}],"curies":[{"name":"wp","href":"https:\/\/api.w.org\/{rel}","templated":true}]}}