{"id":64391,"date":"2024-12-21T17:41:39","date_gmt":"2024-12-21T17:41:39","guid":{"rendered":"https:\/\/brandss.com.py\/index\/?post_type=product&#038;p=64391"},"modified":"2024-12-21T17:47:07","modified_gmt":"2024-12-21T17:47:07","slug":"calzado-casual-femenino-coach-sophi-stud","status":"publish","type":"product","link":"https:\/\/brandss.com.py\/index\/producto\/calzado-casual-femenino-coach-sophi-stud\/","title":{"rendered":"CALZADO CASUAL FEMENINO COACH SOPHI STUD"},"content":{"rendered":"<p><img loading=\"lazy\" decoding=\"async\" class=\"\" src=\"https:\/\/1000marcas.net\/wp-content\/uploads\/2020\/10\/Coach-Logo.png\" alt=\"Coach Logo - s\u00edmbolo, significado logotipo, historia, PNG\" width=\"85\" height=\"48\" \/><\/p>\n<h1>SOPHI STUD<\/h1>\n<p>Este modelo de tira trasera Sophi, de silueta cl\u00e1sica, est\u00e1 confeccionado en piel suave. Nuestro colgante Signature a\u00f1ade un toque tradicional, mientras que las tachuelas pulidas completan el look con un toque industrial y actitud.<\/p>\n<h2 class=\"css-1eziwv\"><span class=\"accordion_details css-1i2uuh0\" data-qa=\"cm_pdp_btn_pdtls_card_hdr\">Detalles<\/span><\/h2>\n<div class=\"chakra-collapse\">\n<div id=\"accordion-panel-:R7add5ad54t9f6:\" class=\"chakra-accordion__panel product-properties css-k3fnja\" role=\"region\" data-qa=\"cm_pdp_cntnr_pdtls_card_body\" aria-labelledby=\"accordion-button-:R7add5ad54t9f6:\">\n<div id=\"product-details\" class=\"chakra-text css-1xbjlwr\">\n<div id=\"description2\" class=\"css-c0mobj\">\n<div class=\"product-props__details\" aria-label=\"ni\u00f1o\">\n<ul>\n<li>Modelo: CE791<\/li>\n<li>Altura del tac\u00f3n: 3,5&#8243;<\/li>\n<li>Parte superior de cuero<\/li>\n<li>Forro y plantilla de piel.<\/li>\n<li>Suela de cuero<\/li>\n<li>Cierre con hebilla<\/li>\n<li>Color: Negro<\/li>\n<\/ul>\n<\/div>\n<\/div>\n<\/div>\n<\/div>\n<\/div>\n","protected":false},"excerpt":{"rendered":"<p>SOPHI STUD Este modelo de tira trasera Sophi, de silueta cl\u00e1sica, est\u00e1 confeccionado en piel suave. Nuestro colgante Signature a\u00f1ade<\/p>\n","protected":false},"featured_media":64394,"comment_status":"open","ping_status":"closed","template":"","meta":{"nf_dc_page":""},"product_brand":[],"product_cat":[73],"product_tag":[],"class_list":{"0":"post-64391","1":"product","2":"type-product","3":"status-publish","4":"has-post-thumbnail","6":"product_cat-femenino","8":"first","9":"instock","10":"shipping-taxable","11":"purchasable","12":"product-type-simple"},"_links":{"self":[{"href":"https:\/\/brandss.com.py\/index\/wp-json\/wp\/v2\/product\/64391","targetHints":{"allow":["GET"]}}],"collection":[{"href":"https:\/\/brandss.com.py\/index\/wp-json\/wp\/v2\/product"}],"about":[{"href":"https:\/\/brandss.com.py\/index\/wp-json\/wp\/v2\/types\/product"}],"replies":[{"embeddable":true,"href":"https:\/\/brandss.com.py\/index\/wp-json\/wp\/v2\/comments?post=64391"}],"version-history":[{"count":3,"href":"https:\/\/brandss.com.py\/index\/wp-json\/wp\/v2\/product\/64391\/revisions"}],"predecessor-version":[{"id":64399,"href":"https:\/\/brandss.com.py\/index\/wp-json\/wp\/v2\/product\/64391\/revisions\/64399"}],"wp:featuredmedia":[{"embeddable":true,"href":"https:\/\/brandss.com.py\/index\/wp-json\/wp\/v2\/media\/64394"}],"wp:attachment":[{"href":"https:\/\/brandss.com.py\/index\/wp-json\/wp\/v2\/media?parent=64391"}],"wp:term":[{"taxonomy":"product_brand","embeddable":true,"href":"https:\/\/brandss.com.py\/index\/wp-json\/wp\/v2\/product_brand?post=64391"},{"taxonomy":"product_cat","embeddable":true,"href":"https:\/\/brandss.com.py\/index\/wp-json\/wp\/v2\/product_cat?post=64391"},{"taxonomy":"product_tag","embeddable":true,"href":"https:\/\/brandss.com.py\/index\/wp-json\/wp\/v2\/product_tag?post=64391"}],"curies":[{"name":"wp","href":"https:\/\/api.w.org\/{rel}","templated":true}]}}