{"id":64409,"date":"2024-12-21T18:16:18","date_gmt":"2024-12-21T18:16:18","guid":{"rendered":"https:\/\/brandss.com.py\/index\/?post_type=product&#038;p=64409"},"modified":"2024-12-21T18:17:21","modified_gmt":"2024-12-21T18:17:21","slug":"calzado-casual-femenino-coach-tillie-sandal","status":"publish","type":"product","link":"https:\/\/brandss.com.py\/index\/producto\/calzado-casual-femenino-coach-tillie-sandal\/","title":{"rendered":"CALZADO CASUAL FEMENINO COACH TILLIE SANDAL"},"content":{"rendered":"<p><img loading=\"lazy\" decoding=\"async\" class=\"\" src=\"https:\/\/1000marcas.net\/wp-content\/uploads\/2020\/10\/Coach-Logo.png\" alt=\"Coach Logo - s\u00edmbolo, significado logotipo, historia, PNG\" width=\"76\" height=\"43\" \/><\/p>\n<h1>TILLIE SANDAL<\/h1>\n<p>La sandalia Tillie de cuero liso es un modelo sin cordones elegante para d\u00edas y noches de clima c\u00e1lido. Tiene un tac\u00f3n medio con tiras y nuestro caracter\u00edstico dise\u00f1o entrelazado. Est\u00e1 terminada con una c\u00f3moda plantilla acolchada para que puedas usarla durante todo el d\u00eda.<\/p>\n<h3>Detalles<\/h3>\n<p>Parte superior de cuero.<\/p>\n<p>Forro y plantilla de cuero.<\/p>\n<p>Suela de cuero.<\/p>\n<p>Sin cordones.<\/p>\n<p>Tac\u00f3n de 6,5 cm.<\/p>\n<p>Color: Negro.<\/p>\n<p>Modelo CI224.<\/p>\n","protected":false},"excerpt":{"rendered":"<p>TILLIE SANDAL La sandalia Tillie de cuero liso es un modelo sin cordones elegante para d\u00edas y noches de clima<\/p>\n","protected":false},"featured_media":64410,"comment_status":"open","ping_status":"closed","template":"","meta":{"nf_dc_page":""},"product_brand":[],"product_cat":[73],"product_tag":[],"class_list":{"0":"post-64409","1":"product","2":"type-product","3":"status-publish","4":"has-post-thumbnail","6":"product_cat-femenino","8":"first","9":"instock","10":"shipping-taxable","11":"purchasable","12":"product-type-simple"},"_links":{"self":[{"href":"https:\/\/brandss.com.py\/index\/wp-json\/wp\/v2\/product\/64409","targetHints":{"allow":["GET"]}}],"collection":[{"href":"https:\/\/brandss.com.py\/index\/wp-json\/wp\/v2\/product"}],"about":[{"href":"https:\/\/brandss.com.py\/index\/wp-json\/wp\/v2\/types\/product"}],"replies":[{"embeddable":true,"href":"https:\/\/brandss.com.py\/index\/wp-json\/wp\/v2\/comments?post=64409"}],"version-history":[{"count":1,"href":"https:\/\/brandss.com.py\/index\/wp-json\/wp\/v2\/product\/64409\/revisions"}],"predecessor-version":[{"id":64416,"href":"https:\/\/brandss.com.py\/index\/wp-json\/wp\/v2\/product\/64409\/revisions\/64416"}],"wp:featuredmedia":[{"embeddable":true,"href":"https:\/\/brandss.com.py\/index\/wp-json\/wp\/v2\/media\/64410"}],"wp:attachment":[{"href":"https:\/\/brandss.com.py\/index\/wp-json\/wp\/v2\/media?parent=64409"}],"wp:term":[{"taxonomy":"product_brand","embeddable":true,"href":"https:\/\/brandss.com.py\/index\/wp-json\/wp\/v2\/product_brand?post=64409"},{"taxonomy":"product_cat","embeddable":true,"href":"https:\/\/brandss.com.py\/index\/wp-json\/wp\/v2\/product_cat?post=64409"},{"taxonomy":"product_tag","embeddable":true,"href":"https:\/\/brandss.com.py\/index\/wp-json\/wp\/v2\/product_tag?post=64409"}],"curies":[{"name":"wp","href":"https:\/\/api.w.org\/{rel}","templated":true}]}}