{"id":64417,"date":"2024-12-21T18:41:13","date_gmt":"2024-12-21T18:41:13","guid":{"rendered":"https:\/\/brandss.com.py\/index\/?post_type=product&#038;p=64417"},"modified":"2025-06-16T18:48:21","modified_gmt":"2025-06-16T18:48:21","slug":"bolso-bandolera-femenino-coach-soft-tabby-hobo","status":"publish","type":"product","link":"https:\/\/brandss.com.py\/index\/producto\/bolso-bandolera-femenino-coach-soft-tabby-hobo\/","title":{"rendered":"BOLSO BANDOLERA FEMENINO COACH SOFT TABBY HOBO"},"content":{"rendered":"<p><img loading=\"lazy\" decoding=\"async\" class=\"\" src=\"https:\/\/1000marcas.net\/wp-content\/uploads\/2020\/10\/Coach-Logo.png\" alt=\"Coach Logo - s\u00edmbolo, significado logotipo, historia, PNG\" width=\"113\" height=\"64\" \/><\/p>\n<h1>SOFT TABBY HOBO<\/h1>\n<p>El Soft Tabby reinventa nuestra versi\u00f3n estructurada de un dise\u00f1o Coach de los a\u00f1os 70 con un estilo relajado y holgado. Este bolso hobo de cuero suave y sedoso, rematado con nuestro herraje exclusivo en la correa para darle un toque ic\u00f3nico, presenta una parte superior con cierre de seguridad, bolsillos con cierre en el interior y el exterior para organizar peque\u00f1os accesorios y una correa desmontable para llevarlo cruzado.<\/p>\n<h2 class=\"css-1eziwv\" role=\"presentation\"><span class=\"accordion_details css-1i2uuh0\" data-qa=\"cm_pdp_btn_pdtls_card_hdr\"><span>Detalles<\/span><\/span><\/h2>\n<div class=\"chakra-collapse\" aria-hidden=\"false\">\n<div id=\"accordion-panel-:R7add5ad54t9f6:\" class=\"chakra-accordion__panel product-properties css-k3fnja\" role=\"region\" data-qa=\"cm_pdp_cntnr_pdtls_card_body\" aria-labelledby=\"accordion-button-:R7add5ad54t9f6:\">\n<div id=\"product-details\" class=\"chakra-text css-1xbjlwr\">\n<div id=\"description2\" class=\"css-c0mobj\">\n<div class=\"product-props__details\" aria-label=\"ni\u00f1o\">\n<ul>\n<li role=\"presentation\"><span>Modelo: <\/span><span>C6340.<\/span><\/li>\n<li role=\"presentation\">Medidas: Longitud: 3,75&#8243;\/ Altura: 13,75&#8243;\/ Ancho: 11,75&#8243;.<\/li>\n<li role=\"presentation\"><span>Cuero liso.<\/span><\/li>\n<li role=\"presentation\"><span>Forro de tela.<\/span><\/li>\n<li role=\"presentation\"><span><span>Mango con ca\u00edda de 9&#8243;.<\/span><\/span><\/li>\n<li role=\"presentation\"><span>Correa desmontable con ca\u00edda de 21,5&#8243; para llevar al hombro o cruzado.<\/span><\/li>\n<li role=\"presentation\">Bolsillo exterior con cremallera.<\/li>\n<li role=\"presentation\"><span>Bolsillo interior multifunci\u00f3n.<\/span><\/li>\n<li role=\"presentation\"><span>Cierre con cremallera en la parte superior.<\/span><\/li>\n<li role=\"presentation\">Color: Army Green.<\/li>\n<\/ul>\n<\/div>\n<div class=\"product-props__details\" aria-label=\"ni\u00f1o\"><\/div>\n<\/div>\n<\/div>\n<\/div>\n<\/div>\n","protected":false},"excerpt":{"rendered":"<p>SOFT TABBY HOBO El Soft Tabby reinventa nuestra versi\u00f3n estructurada de un dise\u00f1o Coach de los a\u00f1os 70 con un<\/p>\n","protected":false},"featured_media":64418,"comment_status":"open","ping_status":"closed","template":"","meta":{"nf_dc_page":""},"product_brand":[],"product_cat":[74],"product_tag":[],"class_list":{"0":"post-64417","1":"product","2":"type-product","3":"status-publish","4":"has-post-thumbnail","6":"product_cat-accesorios-fem","8":"first","9":"instock","10":"shipping-taxable","11":"purchasable","12":"product-type-simple"},"_links":{"self":[{"href":"https:\/\/brandss.com.py\/index\/wp-json\/wp\/v2\/product\/64417","targetHints":{"allow":["GET"]}}],"collection":[{"href":"https:\/\/brandss.com.py\/index\/wp-json\/wp\/v2\/product"}],"about":[{"href":"https:\/\/brandss.com.py\/index\/wp-json\/wp\/v2\/types\/product"}],"replies":[{"embeddable":true,"href":"https:\/\/brandss.com.py\/index\/wp-json\/wp\/v2\/comments?post=64417"}],"version-history":[{"count":1,"href":"https:\/\/brandss.com.py\/index\/wp-json\/wp\/v2\/product\/64417\/revisions"}],"predecessor-version":[{"id":64424,"href":"https:\/\/brandss.com.py\/index\/wp-json\/wp\/v2\/product\/64417\/revisions\/64424"}],"wp:featuredmedia":[{"embeddable":true,"href":"https:\/\/brandss.com.py\/index\/wp-json\/wp\/v2\/media\/64418"}],"wp:attachment":[{"href":"https:\/\/brandss.com.py\/index\/wp-json\/wp\/v2\/media?parent=64417"}],"wp:term":[{"taxonomy":"product_brand","embeddable":true,"href":"https:\/\/brandss.com.py\/index\/wp-json\/wp\/v2\/product_brand?post=64417"},{"taxonomy":"product_cat","embeddable":true,"href":"https:\/\/brandss.com.py\/index\/wp-json\/wp\/v2\/product_cat?post=64417"},{"taxonomy":"product_tag","embeddable":true,"href":"https:\/\/brandss.com.py\/index\/wp-json\/wp\/v2\/product_tag?post=64417"}],"curies":[{"name":"wp","href":"https:\/\/api.w.org\/{rel}","templated":true}]}}