{"id":64425,"date":"2024-12-21T19:06:07","date_gmt":"2024-12-21T19:06:07","guid":{"rendered":"https:\/\/brandss.com.py\/index\/?post_type=product&#038;p=64425"},"modified":"2026-03-11T12:37:08","modified_gmt":"2026-03-11T12:37:08","slug":"calzado-casual-femenino-versace-jeans-couture-fondo-court-88","status":"publish","type":"product","link":"https:\/\/brandss.com.py\/index\/producto\/calzado-casual-femenino-versace-jeans-couture-fondo-court-88\/","title":{"rendered":"CALZADO CASUAL FEMENINO VERSACE JEANS COUTURE FONDO COURT 88"},"content":{"rendered":"<p><img loading=\"lazy\" decoding=\"async\" class=\"\" src=\"https:\/\/cdn.freebiesupply.com\/logos\/large\/2x\/versace-medusa-2-logo-png-transparent.png\" alt=\"Versace Logo wondetful Svg Logo\" width=\"66\" height=\"82\" \/><\/p>\n<h1>FONDO COURT 88<\/h1>\n<p><span>Calzados bajo con cordones que se caracterizan por el logo sutil y t\u00e1ctil en la suela. El dise\u00f1o de la l\u00ednea Court 88 luce una hebilla barroca de la l\u00ednea Couture1.<\/span><\/p>\n<ul>\n<li><span>Hebilla barroca de la l\u00ednea Couture1<\/span><\/li>\n<li><span>Parte superior baja<\/span><\/li>\n<li><span>Atar con cordones<\/span><\/li>\n<li><span>Logotipo en la leng\u00fceta<\/span><\/li>\n<li><span>Logotipo del sol<\/span><\/li>\n<li><span>Tejido exterior: 75% piel de vacuno, 20% poliuretano<\/span><\/li>\n<li><span>Forro: 85% poli\u00e9ster, 15% poliuretano<\/span><\/li>\n<li><span>Calcet\u00edn: 100% poli\u00e9ster<\/span><\/li>\n<li><span>Suela: 100% Tr<\/span><\/li>\n<li>Modelo: 75VA3SK9<\/li>\n<li>Color: Blanco<\/li>\n<\/ul>\n","protected":false},"excerpt":{"rendered":"<p>FONDO COURT 88 Calzados bajo con cordones que se caracterizan por el logo sutil y t\u00e1ctil en la suela. El<\/p>\n","protected":false},"featured_media":64426,"comment_status":"open","ping_status":"closed","template":"","meta":{"nf_dc_page":""},"product_brand":[],"product_cat":[73],"product_tag":[],"class_list":{"0":"post-64425","1":"product","2":"type-product","3":"status-publish","4":"has-post-thumbnail","6":"product_cat-femenino","8":"first","9":"outofstock","10":"shipping-taxable","11":"purchasable","12":"product-type-simple"},"_links":{"self":[{"href":"https:\/\/brandss.com.py\/index\/wp-json\/wp\/v2\/product\/64425","targetHints":{"allow":["GET"]}}],"collection":[{"href":"https:\/\/brandss.com.py\/index\/wp-json\/wp\/v2\/product"}],"about":[{"href":"https:\/\/brandss.com.py\/index\/wp-json\/wp\/v2\/types\/product"}],"replies":[{"embeddable":true,"href":"https:\/\/brandss.com.py\/index\/wp-json\/wp\/v2\/comments?post=64425"}],"version-history":[{"count":1,"href":"https:\/\/brandss.com.py\/index\/wp-json\/wp\/v2\/product\/64425\/revisions"}],"predecessor-version":[{"id":64434,"href":"https:\/\/brandss.com.py\/index\/wp-json\/wp\/v2\/product\/64425\/revisions\/64434"}],"wp:featuredmedia":[{"embeddable":true,"href":"https:\/\/brandss.com.py\/index\/wp-json\/wp\/v2\/media\/64426"}],"wp:attachment":[{"href":"https:\/\/brandss.com.py\/index\/wp-json\/wp\/v2\/media?parent=64425"}],"wp:term":[{"taxonomy":"product_brand","embeddable":true,"href":"https:\/\/brandss.com.py\/index\/wp-json\/wp\/v2\/product_brand?post=64425"},{"taxonomy":"product_cat","embeddable":true,"href":"https:\/\/brandss.com.py\/index\/wp-json\/wp\/v2\/product_cat?post=64425"},{"taxonomy":"product_tag","embeddable":true,"href":"https:\/\/brandss.com.py\/index\/wp-json\/wp\/v2\/product_tag?post=64425"}],"curies":[{"name":"wp","href":"https:\/\/api.w.org\/{rel}","templated":true}]}}