{"id":64458,"date":"2024-12-23T13:10:51","date_gmt":"2024-12-23T13:10:51","guid":{"rendered":"https:\/\/brandss.com.py\/index\/?post_type=product&#038;p=64458"},"modified":"2024-12-23T13:11:47","modified_gmt":"2024-12-23T13:11:47","slug":"calzado-casual-femenino-dkny-laili","status":"publish","type":"product","link":"https:\/\/brandss.com.py\/index\/producto\/calzado-casual-femenino-dkny-laili\/","title":{"rendered":"CALZADO CASUAL FEMENINO DKNY LAILI"},"content":{"rendered":"<p><img loading=\"lazy\" decoding=\"async\" class=\"\" src=\"https:\/\/www.pngplay.com\/wp-content\/uploads\/13\/DKNY-Logo-PNG-Clipart-Background.png\" alt=\"DKNY Logo PNG Images Transparent Background\" width=\"96\" height=\"24\" \/><\/p>\n<h1>LAILI<\/h1>\n<p>P\u00f3ngase c\u00f3modo con los mocasines con punta cuadrada Laili. Gracias al material elegante y al logotipo ic\u00f3nico, estos mocasines son un complemento sencillo y elegante para tu guardarropa.<\/p>\n<ul class=\"a-unordered-list a-vertical a-spacing-small\">\n<li><span class=\"a-list-item a-size-base a-color-base\"><span>Te presentamos los mocasines Laili con punta cuadrada: son cl\u00e1sicos y modernos, como alternativa al estilo contempor\u00e1neo.<\/span><\/span><\/li>\n<li>Los mocasines alargados con puntera tipo mocas\u00edn se deslizan con un atractivo sencillo para vestirse elegante o informalmente con los zapatos planos Laili de Dkny.<\/li>\n<li>Color: Black<\/li>\n<li>Modelo: Laili K2361458<\/li>\n<\/ul>\n<p>&nbsp;<\/p>\n","protected":false},"excerpt":{"rendered":"<p>LAILI P\u00f3ngase c\u00f3modo con los mocasines con punta cuadrada Laili. Gracias al material elegante y al logotipo ic\u00f3nico, estos mocasines<\/p>\n","protected":false},"featured_media":64459,"comment_status":"open","ping_status":"closed","template":"","meta":{"nf_dc_page":""},"product_brand":[],"product_cat":[73],"product_tag":[],"class_list":{"0":"post-64458","1":"product","2":"type-product","3":"status-publish","4":"has-post-thumbnail","6":"product_cat-femenino","8":"first","9":"instock","10":"shipping-taxable","11":"purchasable","12":"product-type-simple"},"_links":{"self":[{"href":"https:\/\/brandss.com.py\/index\/wp-json\/wp\/v2\/product\/64458","targetHints":{"allow":["GET"]}}],"collection":[{"href":"https:\/\/brandss.com.py\/index\/wp-json\/wp\/v2\/product"}],"about":[{"href":"https:\/\/brandss.com.py\/index\/wp-json\/wp\/v2\/types\/product"}],"replies":[{"embeddable":true,"href":"https:\/\/brandss.com.py\/index\/wp-json\/wp\/v2\/comments?post=64458"}],"version-history":[{"count":1,"href":"https:\/\/brandss.com.py\/index\/wp-json\/wp\/v2\/product\/64458\/revisions"}],"predecessor-version":[{"id":64465,"href":"https:\/\/brandss.com.py\/index\/wp-json\/wp\/v2\/product\/64458\/revisions\/64465"}],"wp:featuredmedia":[{"embeddable":true,"href":"https:\/\/brandss.com.py\/index\/wp-json\/wp\/v2\/media\/64459"}],"wp:attachment":[{"href":"https:\/\/brandss.com.py\/index\/wp-json\/wp\/v2\/media?parent=64458"}],"wp:term":[{"taxonomy":"product_brand","embeddable":true,"href":"https:\/\/brandss.com.py\/index\/wp-json\/wp\/v2\/product_brand?post=64458"},{"taxonomy":"product_cat","embeddable":true,"href":"https:\/\/brandss.com.py\/index\/wp-json\/wp\/v2\/product_cat?post=64458"},{"taxonomy":"product_tag","embeddable":true,"href":"https:\/\/brandss.com.py\/index\/wp-json\/wp\/v2\/product_tag?post=64458"}],"curies":[{"name":"wp","href":"https:\/\/api.w.org\/{rel}","templated":true}]}}