{"id":64486,"date":"2024-12-23T18:30:56","date_gmt":"2024-12-23T18:30:56","guid":{"rendered":"https:\/\/brandss.com.py\/index\/?post_type=product&#038;p=64486"},"modified":"2024-12-23T18:33:32","modified_gmt":"2024-12-23T18:33:32","slug":"calzado-casual-femenino-tommy-hilfiger-tjw-skate-mat-mix","status":"publish","type":"product","link":"https:\/\/brandss.com.py\/index\/producto\/calzado-casual-femenino-tommy-hilfiger-tjw-skate-mat-mix\/","title":{"rendered":"CALZADO CASUAL FEMENINO TOMMY HILFIGER TJW SKATE MAT MIX"},"content":{"rendered":"<p><img loading=\"lazy\" decoding=\"async\" class=\"\" src=\"https:\/\/newsroom.tommy.com\/corporate\/wp-content\/uploads\/2021\/06\/logo.png\" alt=\"logo | Tommy Hilfiger Corporate\" width=\"59\" height=\"39\" \/><\/p>\n<h1>TJW SKATE MAT MIX<\/h1>\n<div class=\"content-container\">\n<div class=\"product-info-product-description\">\n<div class=\"product-info-product-description__text\">\n<p>Estos elegantes calzados son perfectos para a\u00f1adir un toque deportivo y elegante a cualquier conjunto. El dise\u00f1o de ca\u00f1a baja presenta un cierre cl\u00e1sico con cordones y un calce c\u00f3modo. Los calzados est\u00e1n hechos con una combinaci\u00f3n de cuero y poliuretano, lo que las hace resistentes y duraderas.<\/p>\n<p>Mejora tu estilo informal con estos elegantes calzados de cuero de Tommy Jeans. Con un estilo skater y urbano, su insignia distintiva grabada en el lateral y sus c\u00f3modas plantillas acolchadas son el par perfecto para a\u00f1adir una dosis de estilo de dise\u00f1ador a cualquier look informal. Estos calzados son perfectos para las mujeres que buscan un calzado elegante y c\u00f3modo para el d\u00eda a d\u00eda.<\/p>\n<p><strong>Caracter\u00edsticas:<\/strong><\/p>\n<ul id=\"sublist\">\n<li class=\"product-info-product-details__list-item\"><span class=\"typography typography--body2 typography--color-light typography--weight-regular\">Dise\u00f1o de ca\u00f1a baja<\/span><\/li>\n<li class=\"product-info-product-details__list-item\"><span class=\"typography typography--body2 typography--color-light typography--weight-regular\">Cierre cl\u00e1sico con cordones<\/span><\/li>\n<li class=\"product-info-product-details__list-item\"><span class=\"typography typography--body2 typography--color-light typography--weight-regular\">Ajuste c\u00f3modo<\/span><\/li>\n<li class=\"product-info-product-details__list-item\"><span class=\"typography typography--body2 typography--color-light typography--weight-regular\">Durable y de larga duraci\u00f3n<\/span><\/li>\n<li>Plantilla c\u00f3moda y acolchada<\/li>\n<li>Suela de tracci\u00f3n duradera<\/li>\n<li>Panel de puntera perforado<\/li>\n<li>Cuello acolchado<\/li>\n<li>Cierre con cordones<\/li>\n<li>Bandera de Tommy tonal en el costado<\/li>\n<li>Materiales:\n<ul id=\"sublist\">\n<li>Parte superior de cuero\/sint\u00e9tico<\/li>\n<li>Forro textil<\/li>\n<li>Suela de goma<\/li>\n<\/ul>\n<\/li>\n<\/ul>\n<\/div>\n<\/div>\n<\/div>\n<div class=\"content-container\">\n<div class=\"product-info-product-details\">\n<ul>\n<li class=\"content-header\"><span class=\"typography typography--body1 typography--color-regular typography--weight-bold\"><span>Color: Breezy Blue.<\/span><\/span><\/li>\n<li>Modelo: EN0EN02501<\/li>\n<\/ul>\n<div class=\"product-info-product-details__list-icons\"><\/div>\n<\/div>\n<\/div>\n<div class=\"content-container\">\n<div class=\"product-info-product-description\">\n<div class=\"product-info-product-description__text\"><\/div>\n<\/div>\n<\/div>\n","protected":false},"excerpt":{"rendered":"<p>TJW SKATE MAT MIX Estos elegantes calzados son perfectos para a\u00f1adir un toque deportivo y elegante a cualquier conjunto. El<\/p>\n","protected":false},"featured_media":64487,"comment_status":"open","ping_status":"closed","template":"","meta":{"nf_dc_page":""},"product_brand":[],"product_cat":[73],"product_tag":[],"class_list":{"0":"post-64486","1":"product","2":"type-product","3":"status-publish","4":"has-post-thumbnail","6":"product_cat-femenino","8":"first","9":"instock","10":"shipping-taxable","11":"purchasable","12":"product-type-simple"},"_links":{"self":[{"href":"https:\/\/brandss.com.py\/index\/wp-json\/wp\/v2\/product\/64486","targetHints":{"allow":["GET"]}}],"collection":[{"href":"https:\/\/brandss.com.py\/index\/wp-json\/wp\/v2\/product"}],"about":[{"href":"https:\/\/brandss.com.py\/index\/wp-json\/wp\/v2\/types\/product"}],"replies":[{"embeddable":true,"href":"https:\/\/brandss.com.py\/index\/wp-json\/wp\/v2\/comments?post=64486"}],"version-history":[{"count":1,"href":"https:\/\/brandss.com.py\/index\/wp-json\/wp\/v2\/product\/64486\/revisions"}],"predecessor-version":[{"id":64497,"href":"https:\/\/brandss.com.py\/index\/wp-json\/wp\/v2\/product\/64486\/revisions\/64497"}],"wp:featuredmedia":[{"embeddable":true,"href":"https:\/\/brandss.com.py\/index\/wp-json\/wp\/v2\/media\/64487"}],"wp:attachment":[{"href":"https:\/\/brandss.com.py\/index\/wp-json\/wp\/v2\/media?parent=64486"}],"wp:term":[{"taxonomy":"product_brand","embeddable":true,"href":"https:\/\/brandss.com.py\/index\/wp-json\/wp\/v2\/product_brand?post=64486"},{"taxonomy":"product_cat","embeddable":true,"href":"https:\/\/brandss.com.py\/index\/wp-json\/wp\/v2\/product_cat?post=64486"},{"taxonomy":"product_tag","embeddable":true,"href":"https:\/\/brandss.com.py\/index\/wp-json\/wp\/v2\/product_tag?post=64486"}],"curies":[{"name":"wp","href":"https:\/\/api.w.org\/{rel}","templated":true}]}}