{"id":64521,"date":"2024-12-24T12:06:10","date_gmt":"2024-12-24T12:06:10","guid":{"rendered":"https:\/\/brandss.com.py\/index\/?post_type=product&#038;p=64521"},"modified":"2024-12-24T12:06:54","modified_gmt":"2024-12-24T12:06:54","slug":"calzado-casual-femenino-hugo-boss-carol-lubootie-c","status":"publish","type":"product","link":"https:\/\/brandss.com.py\/index\/producto\/calzado-casual-femenino-hugo-boss-carol-lubootie-c\/","title":{"rendered":"CALZADO CASUAL FEMENINO HUGO BOSS CAROL LUBOOTIE C"},"content":{"rendered":"<p><img loading=\"lazy\" decoding=\"async\" class=\"\" src=\"https:\/\/1000marcas.net\/wp-content\/uploads\/2020\/03\/Hugo-Boss-Logo-old.png\" alt=\"Hugo Boss Logo - s\u00edmbolo, significado logotipo, historia, PNG\" width=\"78\" height=\"44\" \/><\/p>\n<h1>CAROL LUBOOTIE C<\/h1>\n<p><span>La conocida empresa BOSS ha producido elegantes botines de mujer con materiales de alta calidad.<\/span><br \/>\n<span>Caracter\u00edsticas del modelo: <\/span><\/p>\n<p><span>El cuello alto de la blusa de cuero natural est\u00e1 cosido con costuras selladas. Tal\u00f3n y tobillo acolchados. El acceso r\u00e1pido a los zapatos est\u00e1 asegurado por una cremallera lateral y cordones duraderos con ojales de metal. El c\u00f3modo forro y la acogedora plantilla de poliamida garantizan un microclima \u00f3ptimo en el interior del zapato. Brutal suela de poliuretano ligero y el\u00e1stico con tac\u00f3n estable y suela antideslizante con potentes pisadas que se adaptan bien a la superficie. Una c\u00f3moda presilla para zapatos en el borde del tal\u00f3n y una elegante correa con el monograma de la marca en el dobladillo de la bota.<\/span><\/p>\n<p><span>Material externo: <\/span><span>Piel genuina.<\/span><\/p>\n<p><span>Altura del tac\u00f3n: <\/span><span>5.<\/span><\/p>\n<p><span>Material de la suela: <\/span><span>Goma.<\/span><\/p>\n<p><span>Modelo: <\/span><span>50503747-001.<\/span><\/p>\n<p><span>Color: <\/span><span>Negro.<\/span><\/p>\n","protected":false},"excerpt":{"rendered":"<p>CAROL LUBOOTIE C La conocida empresa BOSS ha producido elegantes botines de mujer con materiales de alta calidad. Caracter\u00edsticas del<\/p>\n","protected":false},"featured_media":64522,"comment_status":"open","ping_status":"closed","template":"","meta":{"nf_dc_page":""},"product_brand":[],"product_cat":[73],"product_tag":[],"class_list":{"0":"post-64521","1":"product","2":"type-product","3":"status-publish","4":"has-post-thumbnail","6":"product_cat-femenino","8":"first","9":"instock","10":"shipping-taxable","11":"purchasable","12":"product-type-simple"},"_links":{"self":[{"href":"https:\/\/brandss.com.py\/index\/wp-json\/wp\/v2\/product\/64521","targetHints":{"allow":["GET"]}}],"collection":[{"href":"https:\/\/brandss.com.py\/index\/wp-json\/wp\/v2\/product"}],"about":[{"href":"https:\/\/brandss.com.py\/index\/wp-json\/wp\/v2\/types\/product"}],"replies":[{"embeddable":true,"href":"https:\/\/brandss.com.py\/index\/wp-json\/wp\/v2\/comments?post=64521"}],"version-history":[{"count":1,"href":"https:\/\/brandss.com.py\/index\/wp-json\/wp\/v2\/product\/64521\/revisions"}],"predecessor-version":[{"id":64530,"href":"https:\/\/brandss.com.py\/index\/wp-json\/wp\/v2\/product\/64521\/revisions\/64530"}],"wp:featuredmedia":[{"embeddable":true,"href":"https:\/\/brandss.com.py\/index\/wp-json\/wp\/v2\/media\/64522"}],"wp:attachment":[{"href":"https:\/\/brandss.com.py\/index\/wp-json\/wp\/v2\/media?parent=64521"}],"wp:term":[{"taxonomy":"product_brand","embeddable":true,"href":"https:\/\/brandss.com.py\/index\/wp-json\/wp\/v2\/product_brand?post=64521"},{"taxonomy":"product_cat","embeddable":true,"href":"https:\/\/brandss.com.py\/index\/wp-json\/wp\/v2\/product_cat?post=64521"},{"taxonomy":"product_tag","embeddable":true,"href":"https:\/\/brandss.com.py\/index\/wp-json\/wp\/v2\/product_tag?post=64521"}],"curies":[{"name":"wp","href":"https:\/\/api.w.org\/{rel}","templated":true}]}}