{"id":64547,"date":"2024-12-24T13:53:22","date_gmt":"2024-12-24T13:53:22","guid":{"rendered":"https:\/\/brandss.com.py\/index\/?post_type=product&#038;p=64547"},"modified":"2024-12-24T13:54:02","modified_gmt":"2024-12-24T13:54:02","slug":"calzado-casual-femenino-hugo-boss-skylar-runn-mxmt-n","status":"publish","type":"product","link":"https:\/\/brandss.com.py\/index\/producto\/calzado-casual-femenino-hugo-boss-skylar-runn-mxmt-n\/","title":{"rendered":"CALZADO CASUAL FEMENINO HUGO BOSS SKYLAR RUNN MXMT N"},"content":{"rendered":"<p><img loading=\"lazy\" decoding=\"async\" class=\"\" src=\"https:\/\/1000marcas.net\/wp-content\/uploads\/2020\/03\/Hugo-Boss-Logo-old.png\" alt=\"Hugo Boss Logo - s\u00edmbolo, significado logotipo, historia, PNG\" width=\"101\" height=\"57\" \/><\/p>\n<h1>SKYLAR RUNN MXMT N<\/h1>\n<ul>\n<li>Nariz ligeramente r\u00edgida.<\/li>\n<li>El tal\u00f3n r\u00edgido proporciona un excelente soporte para el tobillo y el tal\u00f3n.<\/li>\n<li>Los cordones cl\u00e1sicos permiten un ajuste individual al pie.<\/li>\n<li>La suela de goma es duradera y resistente a los da\u00f1os.<\/li>\n<li>Plantilla textil extra\u00edble y f\u00e1cil de limpiar.<\/li>\n<li>Cierre: cordones.<\/li>\n<li>Decoraci\u00f3n: logo, combinaci\u00f3n de colores y materiales.<\/li>\n<li>Material: 100 % poli\u00e9ster \/ 65 % poliuretano, 35 % poli\u00e9ster<\/li>\n<li>Suela: 70 % EVA, 20 % caucho, 10 % TPU<\/li>\n<li>Interior: 64 % cuero recuperado, 36 % poliuretano<\/li>\n<li>Plantilla: 100 % poli\u00e9ster<\/li>\n<li>\n<div class=\"product-specification-item\" data-v-0f687d4c=\"\" data-v-76f3b7a5=\"\">Modelo: 50504291<\/div>\n<\/li>\n<li>\n<div class=\"product-specification-item\" data-v-0f687d4c=\"\" data-v-76f3b7a5=\"\">Color: Medium Beige 260<\/div>\n<\/li>\n<\/ul>\n","protected":false},"excerpt":{"rendered":"<p>SKYLAR RUNN MXMT N Nariz ligeramente r\u00edgida. El tal\u00f3n r\u00edgido proporciona un excelente soporte para el tobillo y el tal\u00f3n.<\/p>\n","protected":false},"featured_media":64548,"comment_status":"open","ping_status":"closed","template":"","meta":{"nf_dc_page":""},"product_brand":[],"product_cat":[73],"product_tag":[],"class_list":{"0":"post-64547","1":"product","2":"type-product","3":"status-publish","4":"has-post-thumbnail","6":"product_cat-femenino","8":"first","9":"instock","10":"shipping-taxable","11":"purchasable","12":"product-type-simple"},"_links":{"self":[{"href":"https:\/\/brandss.com.py\/index\/wp-json\/wp\/v2\/product\/64547","targetHints":{"allow":["GET"]}}],"collection":[{"href":"https:\/\/brandss.com.py\/index\/wp-json\/wp\/v2\/product"}],"about":[{"href":"https:\/\/brandss.com.py\/index\/wp-json\/wp\/v2\/types\/product"}],"replies":[{"embeddable":true,"href":"https:\/\/brandss.com.py\/index\/wp-json\/wp\/v2\/comments?post=64547"}],"version-history":[{"count":1,"href":"https:\/\/brandss.com.py\/index\/wp-json\/wp\/v2\/product\/64547\/revisions"}],"predecessor-version":[{"id":64553,"href":"https:\/\/brandss.com.py\/index\/wp-json\/wp\/v2\/product\/64547\/revisions\/64553"}],"wp:featuredmedia":[{"embeddable":true,"href":"https:\/\/brandss.com.py\/index\/wp-json\/wp\/v2\/media\/64548"}],"wp:attachment":[{"href":"https:\/\/brandss.com.py\/index\/wp-json\/wp\/v2\/media?parent=64547"}],"wp:term":[{"taxonomy":"product_brand","embeddable":true,"href":"https:\/\/brandss.com.py\/index\/wp-json\/wp\/v2\/product_brand?post=64547"},{"taxonomy":"product_cat","embeddable":true,"href":"https:\/\/brandss.com.py\/index\/wp-json\/wp\/v2\/product_cat?post=64547"},{"taxonomy":"product_tag","embeddable":true,"href":"https:\/\/brandss.com.py\/index\/wp-json\/wp\/v2\/product_tag?post=64547"}],"curies":[{"name":"wp","href":"https:\/\/api.w.org\/{rel}","templated":true}]}}