{"id":64554,"date":"2024-12-24T14:24:07","date_gmt":"2024-12-24T14:24:07","guid":{"rendered":"https:\/\/brandss.com.py\/index\/?post_type=product&#038;p=64554"},"modified":"2024-12-24T14:24:44","modified_gmt":"2024-12-24T14:24:44","slug":"calzado-casual-femenino-hugo-boss-rhys-tenn-pumtw","status":"publish","type":"product","link":"https:\/\/brandss.com.py\/index\/producto\/calzado-casual-femenino-hugo-boss-rhys-tenn-pumtw\/","title":{"rendered":"CALZADO CASUAL FEMENINO HUGO BOSS RHYS TENN PUMTW"},"content":{"rendered":"<p><img loading=\"lazy\" decoding=\"async\" class=\"\" src=\"https:\/\/1000marcas.net\/wp-content\/uploads\/2020\/03\/Hugo-Boss-Logo-old.png\" alt=\"Hugo Boss Logo - s\u00edmbolo, significado logotipo, historia, PNG\" width=\"99\" height=\"56\" \/><\/p>\n<h1>RHYS TENN PUMTW<\/h1>\n<p>Calzados de la colecci\u00f3n BOSS confeccionadas en una combinaci\u00f3n de piel ecol\u00f3gica y natural. El modelo es f\u00e1cil de limpiar y mantener.<\/p>\n<div class=\"quality\" data-v-f5f9e0f4=\"\">\n<div class=\"quality-label-value\" data-v-f5f9e0f4=\"\"><span class=\"quality-label\" data-v-f5f9e0f4=\"\"><span>Plantilla:<\/span><\/span><span class=\"quality-value\" data-v-f5f9e0f4=\"\"><span data-v-f5f9e0f4=\"\">Tela<\/span><\/span><\/div>\n<\/div>\n<div class=\"quality\" data-v-f5f9e0f4=\"\">\n<div class=\"quality-label-value\" data-v-f5f9e0f4=\"\"><span class=\"quality-label\" data-v-f5f9e0f4=\"\"><span>Interior:<\/span><\/span><span class=\"quality-value\" data-v-f5f9e0f4=\"\"><span data-v-f5f9e0f4=\"\">Tela<\/span><\/span><\/div>\n<\/div>\n<div class=\"quality\" data-v-f5f9e0f4=\"\">\n<div class=\"quality-label-value\" data-v-f5f9e0f4=\"\"><span class=\"quality-label\" data-v-f5f9e0f4=\"\"><span>Provenir:<\/span><\/span><span class=\"quality-value is-list\" data-v-f5f9e0f4=\"\"><span>Cuero sint\u00e9tico\/-Cuero sint\u00e9tico\u00a0<\/span><span>,\u00a0\u00a0<\/span><span>Textil\/-Tejido<\/span><\/span><\/div>\n<\/div>\n<div class=\"quality\" data-v-f5f9e0f4=\"\">\n<div class=\"quality-label-value\" data-v-f5f9e0f4=\"\"><span class=\"quality-label\" data-v-f5f9e0f4=\"\"><span>Relleno:<\/span><\/span><span class=\"quality-value\" data-v-f5f9e0f4=\"\"><span data-v-f5f9e0f4=\"\">R\u00edgido<\/span><\/span><\/div>\n<\/div>\n<div class=\"quality\" data-v-f5f9e0f4=\"\">\n<div class=\"quality-label-value\" data-v-f5f9e0f4=\"\"><span class=\"quality-label\" data-v-f5f9e0f4=\"\"><span>Suela exterior:<\/span><\/span><span class=\"quality-value\" data-v-f5f9e0f4=\"\"><span data-v-f5f9e0f4=\"\">Material sint\u00e9tico de alta calidad.<\/span><\/span><\/div>\n<div data-v-f5f9e0f4=\"\"><span class=\"quality-label\" data-v-f5f9e0f4=\"\"><span>Color: <\/span><\/span><span class=\"quality-value\" data-v-f5f9e0f4=\"\"><span data-v-f5f9e0f4=\"\">Beige<\/span><\/span><\/div>\n<div data-v-f5f9e0f4=\"\"><span class=\"quality-label\" data-v-f5f9e0f4=\"\"><span>Modelo: <\/span><\/span><span class=\"quality-value\" data-v-f5f9e0f4=\"\"><span data-v-f5f9e0f4=\"\">50504482<\/span><\/span><\/div>\n<\/div>\n","protected":false},"excerpt":{"rendered":"<p>RHYS TENN PUMTW Calzados de la colecci\u00f3n BOSS confeccionadas en una combinaci\u00f3n de piel ecol\u00f3gica y natural. El modelo es<\/p>\n","protected":false},"featured_media":64555,"comment_status":"open","ping_status":"closed","template":"","meta":{"nf_dc_page":""},"product_brand":[],"product_cat":[73],"product_tag":[],"class_list":{"0":"post-64554","1":"product","2":"type-product","3":"status-publish","4":"has-post-thumbnail","6":"product_cat-femenino","8":"first","9":"instock","10":"shipping-taxable","11":"purchasable","12":"product-type-simple"},"_links":{"self":[{"href":"https:\/\/brandss.com.py\/index\/wp-json\/wp\/v2\/product\/64554","targetHints":{"allow":["GET"]}}],"collection":[{"href":"https:\/\/brandss.com.py\/index\/wp-json\/wp\/v2\/product"}],"about":[{"href":"https:\/\/brandss.com.py\/index\/wp-json\/wp\/v2\/types\/product"}],"replies":[{"embeddable":true,"href":"https:\/\/brandss.com.py\/index\/wp-json\/wp\/v2\/comments?post=64554"}],"version-history":[{"count":1,"href":"https:\/\/brandss.com.py\/index\/wp-json\/wp\/v2\/product\/64554\/revisions"}],"predecessor-version":[{"id":64563,"href":"https:\/\/brandss.com.py\/index\/wp-json\/wp\/v2\/product\/64554\/revisions\/64563"}],"wp:featuredmedia":[{"embeddable":true,"href":"https:\/\/brandss.com.py\/index\/wp-json\/wp\/v2\/media\/64555"}],"wp:attachment":[{"href":"https:\/\/brandss.com.py\/index\/wp-json\/wp\/v2\/media?parent=64554"}],"wp:term":[{"taxonomy":"product_brand","embeddable":true,"href":"https:\/\/brandss.com.py\/index\/wp-json\/wp\/v2\/product_brand?post=64554"},{"taxonomy":"product_cat","embeddable":true,"href":"https:\/\/brandss.com.py\/index\/wp-json\/wp\/v2\/product_cat?post=64554"},{"taxonomy":"product_tag","embeddable":true,"href":"https:\/\/brandss.com.py\/index\/wp-json\/wp\/v2\/product_tag?post=64554"}],"curies":[{"name":"wp","href":"https:\/\/api.w.org\/{rel}","templated":true}]}}