{"id":64580,"date":"2024-12-24T16:33:55","date_gmt":"2024-12-24T16:33:55","guid":{"rendered":"https:\/\/brandss.com.py\/index\/?post_type=product&#038;p=64580"},"modified":"2024-12-24T16:34:50","modified_gmt":"2024-12-24T16:34:50","slug":"calzado-casual-femenino-hugo-boss-kilian-tenn-flmxw","status":"publish","type":"product","link":"https:\/\/brandss.com.py\/index\/producto\/calzado-casual-femenino-hugo-boss-kilian-tenn-flmxw\/","title":{"rendered":"CALZADO CASUAL FEMENINO HUGO BOSS KILIAN TENN FLMXW"},"content":{"rendered":"<p><img loading=\"lazy\" decoding=\"async\" class=\"\" src=\"https:\/\/www.victoriastore.com.py\/storage\/images\/brands\/1620914153Hugo-Boss-Logo.png\" alt=\"HUGO BOSS - Victoria Store - Productos importados con excelentes precios en  Paraguay\" width=\"76\" height=\"43\" \/><\/p>\n<h1>KILIAN TENN FLMXW<\/h1>\n<p class=\"PDPDescHighLight-Description\"><span>Un buen par de calzados es ideal para la calle y el deporte. Ya sea con pantalones cortos o vaqueros, estos calzados informales no solo a\u00f1aden estilo a tu look, sino que tambi\u00e9n garantizan comodidad durante todo el d\u00eda. Estos calzados de dise\u00f1o a\u00f1adir\u00e1n un toque contempor\u00e1neo a tu estilo personal.<\/span><\/p>\n<div class=\"tab__header\">\n<div class=\"tab__description\"><span>Las calzados HUGO Kilian Tenn est\u00e1n confeccionadas con cuero duradero que resiste el uso diario. Para una circulaci\u00f3n activa del aire, hay perforaciones en la puntera y orificios de malla en el lateral del modelo. Las inserciones especiales en la zona del tobillo proporcionan suavidad y comodidad. La suela de goma con dibujos proporciona un agarre fiable en la superficie. El delicado tono del modelo encaja perfectamente en cualquier armario y realza los looks b\u00e1sicos.<\/span><\/div>\n<\/div>\n<div class=\"features\" data-v-6af49428=\"\">\n<div class=\"features__item\" data-v-6af49428=\"\">\n<div data-v-6af49428=\"\"><\/div>\n<h4>Caracter\u00edsticas<\/h4>\n<div data-v-6af49428=\"\"><\/div>\n<ul>\n<li class=\"h6 features__title\">Silueta baja.<\/li>\n<li class=\"h6 features__title\"><span>Cordones con agujeros adicionales<\/span><\/li>\n<li class=\"h6 features__title\"><span>Inserciones suaves en la zona del tobillo.<\/span><\/li>\n<li class=\"h6 features__title\"><span>Perforaci\u00f3n en la puntera<\/span><\/li>\n<li class=\"h6 features__title\"><span>Agujeros de malla para la circulaci\u00f3n del aire.<\/span><\/li>\n<li class=\"h6 features__title\"><span>Lazo en la espalda<\/span><\/li>\n<li class=\"h6 features__title\"><span>Suela de goma con dibujos.<\/span><\/li>\n<li class=\"h6 features__title\"><span>Logotipo de HUGO grabado en la parte trasera del modelo<\/span><\/li>\n<li class=\"h6 features__title\"><span>Material:<\/span>\n<div class=\"list__desc\" data-v-6af49428=\"\"><span data-v-6af49428=\"\">Parte superior: 64% cuero, 36% POLIURETANO,<br \/>\nForro: 100% POLI\u00c9STER,<br \/>\nParte inferior: 100% GOMA<\/span><\/div>\n<\/li>\n<li>Color: Open Purple<\/li>\n<li>Modelo: 50498237<\/li>\n<\/ul>\n<\/div>\n<\/div>\n","protected":false},"excerpt":{"rendered":"<p>KILIAN TENN FLMXW Un buen par de calzados es ideal para la calle y el deporte. Ya sea con pantalones<\/p>\n","protected":false},"featured_media":64581,"comment_status":"open","ping_status":"closed","template":"","meta":{"nf_dc_page":""},"product_brand":[],"product_cat":[73],"product_tag":[],"class_list":{"0":"post-64580","1":"product","2":"type-product","3":"status-publish","4":"has-post-thumbnail","6":"product_cat-femenino","8":"first","9":"instock","10":"shipping-taxable","11":"purchasable","12":"product-type-simple"},"_links":{"self":[{"href":"https:\/\/brandss.com.py\/index\/wp-json\/wp\/v2\/product\/64580","targetHints":{"allow":["GET"]}}],"collection":[{"href":"https:\/\/brandss.com.py\/index\/wp-json\/wp\/v2\/product"}],"about":[{"href":"https:\/\/brandss.com.py\/index\/wp-json\/wp\/v2\/types\/product"}],"replies":[{"embeddable":true,"href":"https:\/\/brandss.com.py\/index\/wp-json\/wp\/v2\/comments?post=64580"}],"version-history":[{"count":1,"href":"https:\/\/brandss.com.py\/index\/wp-json\/wp\/v2\/product\/64580\/revisions"}],"predecessor-version":[{"id":64596,"href":"https:\/\/brandss.com.py\/index\/wp-json\/wp\/v2\/product\/64580\/revisions\/64596"}],"wp:featuredmedia":[{"embeddable":true,"href":"https:\/\/brandss.com.py\/index\/wp-json\/wp\/v2\/media\/64581"}],"wp:attachment":[{"href":"https:\/\/brandss.com.py\/index\/wp-json\/wp\/v2\/media?parent=64580"}],"wp:term":[{"taxonomy":"product_brand","embeddable":true,"href":"https:\/\/brandss.com.py\/index\/wp-json\/wp\/v2\/product_brand?post=64580"},{"taxonomy":"product_cat","embeddable":true,"href":"https:\/\/brandss.com.py\/index\/wp-json\/wp\/v2\/product_cat?post=64580"},{"taxonomy":"product_tag","embeddable":true,"href":"https:\/\/brandss.com.py\/index\/wp-json\/wp\/v2\/product_tag?post=64580"}],"curies":[{"name":"wp","href":"https:\/\/api.w.org\/{rel}","templated":true}]}}