{"id":64597,"date":"2024-12-24T16:50:02","date_gmt":"2024-12-24T16:50:02","guid":{"rendered":"https:\/\/brandss.com.py\/index\/?post_type=product&#038;p=64597"},"modified":"2024-12-24T16:51:26","modified_gmt":"2024-12-24T16:51:26","slug":"calzado-casual-femenino-ralph-lauren-camel-barnsbury-fl-csl","status":"publish","type":"product","link":"https:\/\/brandss.com.py\/index\/producto\/calzado-casual-femenino-ralph-lauren-camel-barnsbury-fl-csl\/","title":{"rendered":"CALZADO CASUAL FEMENINO RALPH LAUREN CAMEL BARNSBURY FL CSL"},"content":{"rendered":"<p><img loading=\"lazy\" decoding=\"async\" class=\"\" src=\"https:\/\/seeklogo.com\/images\/R\/ralph-lauren-logo-C84626D038-seeklogo.com.png\" alt=\"Ralph Lauren Logo PNG Vectors Free Download\" width=\"121\" height=\"35\" \/><\/p>\n<h1>CAMEL BARNSBURY FL CSL<\/h1>\n<p>Los mocasines camel son la elecci\u00f3n perfecta para todos los amantes de la elegancia y la comodidad. La parte superior est\u00e1 hecha de cuero natural y gamuza de alta calidad, lo que garantiza no solo durabilidad sino tambi\u00e9n una apariencia lujosa. La suela fabricada con material de alta calidad garantiza comodidad al caminar, incluso durante todo el d\u00eda. Este modelo es un calzado perfecto para el d\u00eda a d\u00eda, perfecto tanto para la oficina como para pasear por la ciudad. Gracias al dise\u00f1o slip-on, son f\u00e1ciles de poner, lo que resulta sumamente pr\u00e1ctico y c\u00f3modo. El color del fabricante, Camel, un hermoso tono beige, combina perfectamente con muchos estilos, agreg\u00e1ndoles nobleza y clase. Si buscas un calzado que no solo sea c\u00f3modo, sino tambi\u00e9n elegante y duradero, los mocasines Lauren Ralph Lauren Camel cumplir\u00e1n tus expectativas. Al adquirir este modelo, no solo est\u00e1s invirtiendo en calidad, sino tambi\u00e9n en confianza en ti mismo y elegancia. H\u00e1gase un regalo de lujo y compruebe cu\u00e1nta alegr\u00eda le puede aportar cada d\u00eda llevar estos mocasines \u00fanicos.<\/p>\n<div class=\"additional-boxes__item\"><span class=\"additional-boxes__label\"><span>Marca:\u00a0<\/span><\/span><span class=\"additional-boxes__value\"><span>Ralph Lauren<\/span><\/span><\/div>\n<div class=\"additional-boxes__item\"><span class=\"additional-boxes__label\"><span>Modelo: 802918166001<\/span><\/span><\/div>\n<div class=\"additional-boxes__item\"><span class=\"additional-boxes__label\"><span>Material de la suela:\u00a0<\/span><\/span><span class=\"additional-boxes__value\"><span>material de alta calidad.<\/span><\/span><\/div>\n<div class=\"additional-boxes__item\"><span class=\"additional-boxes__label\"><span>Tipo de cierre:\u00a0<\/span><\/span><span class=\"additional-boxes__value\"><span>Sin cordones<\/span><\/span><\/div>\n<div class=\"additional-boxes__item\"><span class=\"additional-boxes__label\"><span>Parte superior:\u00a0<\/span><\/span><span class=\"additional-boxes__value\"><span>Cuero natural\/Ante<\/span><\/span><\/div>\n<div class=\"additional-boxes__item\"><span class=\"additional-boxes__label\"><span>Color:\u00a0<\/span><\/span><span class=\"additional-boxes__value\"><span>Beige<\/span><\/span><\/div>\n","protected":false},"excerpt":{"rendered":"<p>CAMEL BARNSBURY FL CSL Los mocasines camel son la elecci\u00f3n perfecta para todos los amantes de la elegancia y la<\/p>\n","protected":false},"featured_media":64598,"comment_status":"open","ping_status":"closed","template":"","meta":{"nf_dc_page":""},"product_brand":[],"product_cat":[73],"product_tag":[],"class_list":{"0":"post-64597","1":"product","2":"type-product","3":"status-publish","4":"has-post-thumbnail","6":"product_cat-femenino","8":"first","9":"instock","10":"shipping-taxable","11":"purchasable","12":"product-type-simple"},"_links":{"self":[{"href":"https:\/\/brandss.com.py\/index\/wp-json\/wp\/v2\/product\/64597","targetHints":{"allow":["GET"]}}],"collection":[{"href":"https:\/\/brandss.com.py\/index\/wp-json\/wp\/v2\/product"}],"about":[{"href":"https:\/\/brandss.com.py\/index\/wp-json\/wp\/v2\/types\/product"}],"replies":[{"embeddable":true,"href":"https:\/\/brandss.com.py\/index\/wp-json\/wp\/v2\/comments?post=64597"}],"version-history":[{"count":1,"href":"https:\/\/brandss.com.py\/index\/wp-json\/wp\/v2\/product\/64597\/revisions"}],"predecessor-version":[{"id":64604,"href":"https:\/\/brandss.com.py\/index\/wp-json\/wp\/v2\/product\/64597\/revisions\/64604"}],"wp:featuredmedia":[{"embeddable":true,"href":"https:\/\/brandss.com.py\/index\/wp-json\/wp\/v2\/media\/64598"}],"wp:attachment":[{"href":"https:\/\/brandss.com.py\/index\/wp-json\/wp\/v2\/media?parent=64597"}],"wp:term":[{"taxonomy":"product_brand","embeddable":true,"href":"https:\/\/brandss.com.py\/index\/wp-json\/wp\/v2\/product_brand?post=64597"},{"taxonomy":"product_cat","embeddable":true,"href":"https:\/\/brandss.com.py\/index\/wp-json\/wp\/v2\/product_cat?post=64597"},{"taxonomy":"product_tag","embeddable":true,"href":"https:\/\/brandss.com.py\/index\/wp-json\/wp\/v2\/product_tag?post=64597"}],"curies":[{"name":"wp","href":"https:\/\/api.w.org\/{rel}","templated":true}]}}