{"id":64605,"date":"2024-12-24T17:14:45","date_gmt":"2024-12-24T17:14:45","guid":{"rendered":"https:\/\/brandss.com.py\/index\/?post_type=product&#038;p=64605"},"modified":"2026-03-11T12:28:36","modified_gmt":"2026-03-11T12:28:36","slug":"calzado-casual-femenino-moschino-love-bold-40","status":"publish","type":"product","link":"https:\/\/brandss.com.py\/index\/producto\/calzado-casual-femenino-moschino-love-bold-40\/","title":{"rendered":"CALZADO CASUAL FEMENINO MOSCHINO LOVE BOLD 40"},"content":{"rendered":"<p>&nbsp;<\/p>\n<p><img loading=\"lazy\" decoding=\"async\" class=\"\" src=\"https:\/\/images.squarespace-cdn.com\/content\/v1\/62380d095590b063c4281825\/7f5a3611-f9bd-4649-a83f-9abb08b8e89e\/MOSCHINO.png\" alt=\"MOSCHINO ASIA PACIFIC LIMITED \u2014 ICC Italian Chamber of Commerce in Hong  Kong &amp; Macao\" width=\"127\" height=\"61\" \/><\/p>\n<h1>LOVE BOLD 40<\/h1>\n<p><span>Este calzado de estilo urbano y moderno, dise\u00f1ada en color blanco con detalles en negro. Es de tipo bot\u00f3n, con una ca\u00f1a media que proporciona soporte adicional al tobillo. Est\u00e1 fabricado con materiales sint\u00e9ticos, con un dise\u00f1o minimalista y elegante.<\/span><\/p>\n<p><span>En el lateral, destaca el logotipo &#8220;LOVE MOSCHINO&#8221; en letras negras, que le a\u00f1ade un toque distintivo y de marca. El acolchado en la parte superior del tal\u00f3n es negro, ofreciendo un contraste visual y mayor comodidad. La suela es gruesa y de color crema, con un dise\u00f1o robusto que aporta tanto estilo como funcionalidad. Es ideal para quienes buscan un calzado casual, moderno y de alta calidad.<\/span><\/p>\n<div class=\"product-specification-item\" data-v-0f687d4c=\"\" data-v-76f3b7a5=\"\">Plantilla: textil<\/div>\n<div class=\"product-specification-item\" data-v-0f687d4c=\"\" data-v-76f3b7a5=\"\">Interior:\u00a0tejido, Imitaci\u00f3n de cuero<\/div>\n<div class=\"product-specification-item\" data-v-0f687d4c=\"\" data-v-76f3b7a5=\"\">Parte superior:\u00a0Cuero natural &#8211; Piel de flor, Textil\/-Textil<\/div>\n<div class=\"product-specification-item\" data-v-0f687d4c=\"\" data-v-76f3b7a5=\"\">Forro:\u00a0Duro<\/div>\n<div class=\"product-specification-item\" data-v-0f687d4c=\"\" data-v-76f3b7a5=\"\">Suela:\u00a0material de alta calidad<\/div>\n<div class=\"product-specification-item\" data-v-0f687d4c=\"\" data-v-76f3b7a5=\"\">Modelo:\u00a0JA15284G1GIAC10A<\/div>\n<div class=\"product-specification-item\" data-v-0f687d4c=\"\" data-v-76f3b7a5=\"\">Color: Blanco\/ Negro<\/div>\n","protected":false},"excerpt":{"rendered":"<p>&nbsp; LOVE BOLD 40 Este calzado de estilo urbano y moderno, dise\u00f1ada en color blanco con detalles en negro. Es<\/p>\n","protected":false},"featured_media":64606,"comment_status":"open","ping_status":"closed","template":"","meta":{"nf_dc_page":""},"product_brand":[],"product_cat":[73],"product_tag":[],"class_list":{"0":"post-64605","1":"product","2":"type-product","3":"status-publish","4":"has-post-thumbnail","6":"product_cat-femenino","8":"first","9":"outofstock","10":"shipping-taxable","11":"purchasable","12":"product-type-simple"},"_links":{"self":[{"href":"https:\/\/brandss.com.py\/index\/wp-json\/wp\/v2\/product\/64605","targetHints":{"allow":["GET"]}}],"collection":[{"href":"https:\/\/brandss.com.py\/index\/wp-json\/wp\/v2\/product"}],"about":[{"href":"https:\/\/brandss.com.py\/index\/wp-json\/wp\/v2\/types\/product"}],"replies":[{"embeddable":true,"href":"https:\/\/brandss.com.py\/index\/wp-json\/wp\/v2\/comments?post=64605"}],"version-history":[{"count":1,"href":"https:\/\/brandss.com.py\/index\/wp-json\/wp\/v2\/product\/64605\/revisions"}],"predecessor-version":[{"id":64611,"href":"https:\/\/brandss.com.py\/index\/wp-json\/wp\/v2\/product\/64605\/revisions\/64611"}],"wp:featuredmedia":[{"embeddable":true,"href":"https:\/\/brandss.com.py\/index\/wp-json\/wp\/v2\/media\/64606"}],"wp:attachment":[{"href":"https:\/\/brandss.com.py\/index\/wp-json\/wp\/v2\/media?parent=64605"}],"wp:term":[{"taxonomy":"product_brand","embeddable":true,"href":"https:\/\/brandss.com.py\/index\/wp-json\/wp\/v2\/product_brand?post=64605"},{"taxonomy":"product_cat","embeddable":true,"href":"https:\/\/brandss.com.py\/index\/wp-json\/wp\/v2\/product_cat?post=64605"},{"taxonomy":"product_tag","embeddable":true,"href":"https:\/\/brandss.com.py\/index\/wp-json\/wp\/v2\/product_tag?post=64605"}],"curies":[{"name":"wp","href":"https:\/\/api.w.org\/{rel}","templated":true}]}}