{"id":64612,"date":"2024-12-26T10:39:18","date_gmt":"2024-12-26T10:39:18","guid":{"rendered":"https:\/\/brandss.com.py\/index\/?post_type=product&#038;p=64612"},"modified":"2026-03-11T12:28:36","modified_gmt":"2026-03-11T12:28:36","slug":"calzado-casual-femenino-moschino-love-moschino-sabotd-rocchetto-55","status":"publish","type":"product","link":"https:\/\/brandss.com.py\/index\/producto\/calzado-casual-femenino-moschino-love-moschino-sabotd-rocchetto-55\/","title":{"rendered":"CALZADO CASUAL FEMENINO MOSCHINO LOVE MOSCHINO SABOTD ROCCHETTO 55"},"content":{"rendered":"<p><img loading=\"lazy\" decoding=\"async\" class=\"\" src=\"https:\/\/i.pinimg.com\/originals\/b8\/b4\/2f\/b8b42f8676224c6159e27777074277ff.png\" alt=\"Moschino Logo and symbol, meaning, history, PNG, brand\" width=\"114\" height=\"64\" \/><\/p>\n<h1>SABOTD ROCCHETTO 55<\/h1>\n<p>Los mules de Love Moschino evocan una confianza relajada y relajada. Est\u00e1n fabricados en Italia con piel acolchada, tienen tacones bajos de 55 mm y un dise\u00f1o sin cordones perfecto para salidas de \u00faltimo momento.<\/p>\n<ul>\n<li><span>Color: Rosa claro<\/span><\/li>\n<li>Cuero acolchado<\/li>\n<li>Impresi\u00f3n de logotipo<\/li>\n<li>Plantilla de marca<\/li>\n<li>Altura del tac\u00f3n: 55 mm\/ 2,1&#8243;<\/li>\n<li>Fabricado en Italia<\/li>\n<li>Modelo: JA28025G1IIE0601<\/li>\n<\/ul>\n","protected":false},"excerpt":{"rendered":"<p>SABOTD ROCCHETTO 55 Los mules de Love Moschino evocan una confianza relajada y relajada. Est\u00e1n fabricados en Italia con piel<\/p>\n","protected":false},"featured_media":64613,"comment_status":"open","ping_status":"closed","template":"","meta":{"nf_dc_page":""},"product_brand":[],"product_cat":[73],"product_tag":[],"class_list":{"0":"post-64612","1":"product","2":"type-product","3":"status-publish","4":"has-post-thumbnail","6":"product_cat-femenino","8":"first","9":"outofstock","10":"shipping-taxable","11":"purchasable","12":"product-type-simple"},"_links":{"self":[{"href":"https:\/\/brandss.com.py\/index\/wp-json\/wp\/v2\/product\/64612","targetHints":{"allow":["GET"]}}],"collection":[{"href":"https:\/\/brandss.com.py\/index\/wp-json\/wp\/v2\/product"}],"about":[{"href":"https:\/\/brandss.com.py\/index\/wp-json\/wp\/v2\/types\/product"}],"replies":[{"embeddable":true,"href":"https:\/\/brandss.com.py\/index\/wp-json\/wp\/v2\/comments?post=64612"}],"version-history":[{"count":1,"href":"https:\/\/brandss.com.py\/index\/wp-json\/wp\/v2\/product\/64612\/revisions"}],"predecessor-version":[{"id":64619,"href":"https:\/\/brandss.com.py\/index\/wp-json\/wp\/v2\/product\/64612\/revisions\/64619"}],"wp:featuredmedia":[{"embeddable":true,"href":"https:\/\/brandss.com.py\/index\/wp-json\/wp\/v2\/media\/64613"}],"wp:attachment":[{"href":"https:\/\/brandss.com.py\/index\/wp-json\/wp\/v2\/media?parent=64612"}],"wp:term":[{"taxonomy":"product_brand","embeddable":true,"href":"https:\/\/brandss.com.py\/index\/wp-json\/wp\/v2\/product_brand?post=64612"},{"taxonomy":"product_cat","embeddable":true,"href":"https:\/\/brandss.com.py\/index\/wp-json\/wp\/v2\/product_cat?post=64612"},{"taxonomy":"product_tag","embeddable":true,"href":"https:\/\/brandss.com.py\/index\/wp-json\/wp\/v2\/product_tag?post=64612"}],"curies":[{"name":"wp","href":"https:\/\/api.w.org\/{rel}","templated":true}]}}