{"id":64629,"date":"2024-12-26T12:22:13","date_gmt":"2024-12-26T12:22:13","guid":{"rendered":"https:\/\/brandss.com.py\/index\/?post_type=product&#038;p=64629"},"modified":"2026-03-11T12:28:36","modified_gmt":"2026-03-11T12:28:36","slug":"calzado-deportivo-moschino-love-moschino-sporty-50-mix-2","status":"publish","type":"product","link":"https:\/\/brandss.com.py\/index\/producto\/calzado-deportivo-moschino-love-moschino-sporty-50-mix-2\/","title":{"rendered":"CALZADO DEPORTIVO MOSCHINO LOVE MOSCHINO SPORTY 50 MIX"},"content":{"rendered":"<p><img loading=\"lazy\" decoding=\"async\" class=\"\" src=\"https:\/\/i.pinimg.com\/originals\/b8\/b4\/2f\/b8b42f8676224c6159e27777074277ff.png\" alt=\"Moschino Logo and symbol, meaning, history, PNG, brand\" width=\"96\" height=\"54\" \/><\/p>\n<h1>SPORTY 50 MIX<\/h1>\n<p>Los calzados Love Moschino para mujer son el complemento perfecto para un estilo urbano y moderno. Dise\u00f1adas por la reconocida marca Love Moschino, estos calzados ofrecen comodidad, calidad y un toque de sofisticaci\u00f3n en cada paso que das.<\/p>\n<div class=\"caracteristicas_producto mt-3\">\n<ul>\n<li>Altura tac\u00f3n: Plano<\/li>\n<li>Cierre: Cordones<\/li>\n<li>Estilo: Deportivo<\/li>\n<li>Color: Rosa<\/li>\n<li>Modelo: JA15025G0HIQ201<\/li>\n<li>Material exterior: Sint\u00e9tico<\/li>\n<\/ul>\n<div>*En ocasiones, el color en las fotograf\u00edas puede diferir un poco del producto real debido a la iluminaci\u00f3n y otros aspectos t\u00e9cnicos.<\/div>\n<\/div>\n","protected":false},"excerpt":{"rendered":"<p>SPORTY 50 MIX Los calzados Love Moschino para mujer son el complemento perfecto para un estilo urbano y moderno. Dise\u00f1adas<\/p>\n","protected":false},"featured_media":64630,"comment_status":"open","ping_status":"closed","template":"","meta":{"nf_dc_page":""},"product_brand":[],"product_cat":[73],"product_tag":[],"class_list":{"0":"post-64629","1":"product","2":"type-product","3":"status-publish","4":"has-post-thumbnail","6":"product_cat-femenino","8":"first","9":"outofstock","10":"shipping-taxable","11":"purchasable","12":"product-type-simple"},"_links":{"self":[{"href":"https:\/\/brandss.com.py\/index\/wp-json\/wp\/v2\/product\/64629","targetHints":{"allow":["GET"]}}],"collection":[{"href":"https:\/\/brandss.com.py\/index\/wp-json\/wp\/v2\/product"}],"about":[{"href":"https:\/\/brandss.com.py\/index\/wp-json\/wp\/v2\/types\/product"}],"replies":[{"embeddable":true,"href":"https:\/\/brandss.com.py\/index\/wp-json\/wp\/v2\/comments?post=64629"}],"version-history":[{"count":1,"href":"https:\/\/brandss.com.py\/index\/wp-json\/wp\/v2\/product\/64629\/revisions"}],"predecessor-version":[{"id":64639,"href":"https:\/\/brandss.com.py\/index\/wp-json\/wp\/v2\/product\/64629\/revisions\/64639"}],"wp:featuredmedia":[{"embeddable":true,"href":"https:\/\/brandss.com.py\/index\/wp-json\/wp\/v2\/media\/64630"}],"wp:attachment":[{"href":"https:\/\/brandss.com.py\/index\/wp-json\/wp\/v2\/media?parent=64629"}],"wp:term":[{"taxonomy":"product_brand","embeddable":true,"href":"https:\/\/brandss.com.py\/index\/wp-json\/wp\/v2\/product_brand?post=64629"},{"taxonomy":"product_cat","embeddable":true,"href":"https:\/\/brandss.com.py\/index\/wp-json\/wp\/v2\/product_cat?post=64629"},{"taxonomy":"product_tag","embeddable":true,"href":"https:\/\/brandss.com.py\/index\/wp-json\/wp\/v2\/product_tag?post=64629"}],"curies":[{"name":"wp","href":"https:\/\/api.w.org\/{rel}","templated":true}]}}