{"id":64640,"date":"2024-12-26T13:10:18","date_gmt":"2024-12-26T13:10:18","guid":{"rendered":"https:\/\/brandss.com.py\/index\/?post_type=product&#038;p=64640"},"modified":"2025-02-06T10:58:51","modified_gmt":"2025-02-06T10:58:51","slug":"calzado-deportivo-femenino-kate-spade-lift","status":"publish","type":"product","link":"https:\/\/brandss.com.py\/index\/producto\/calzado-deportivo-femenino-kate-spade-lift\/","title":{"rendered":"CALZADO DEPORTIVO FEMENINO KATE SPADE LIFT NAPPA"},"content":{"rendered":"<p><img loading=\"lazy\" decoding=\"async\" class=\"\" src=\"https:\/\/seeklogo.com\/images\/K\/kate-spade-logo-9792B5B81F-seeklogo.com.png\" alt=\"Kate Spade Logo PNG Vector (PDF) Free Download\" width=\"89\" height=\"43\" \/><\/p>\n<h1>LIFT<\/h1>\n<p>Los calzados Lift K0023 de Kate Spade son la combinaci\u00f3n perfecta de comodidad y dise\u00f1o moderno que sin duda llamar\u00e1 la atenci\u00f3n. Estos zapatos deportivos blancos tienen un aspecto sutil pero moderno que combina perfectamente con una variedad de estilos. Fabricados con materiales de alta calidad, garantizan durabilidad y comodidad durante el uso diario. Adornadas con detalles elegantes, las zapatillas Lift tienen una suela ligeramente elevada, lo que a\u00f1ade ligereza a la silueta. Su car\u00e1cter universal los hace perfectos tanto para combinaciones casual como m\u00e1s elegantes. El c\u00f3modo sistema de cordones garantiza un ajuste \u00f3ptimo al pie y la plantilla contorneada aumenta la comodidad de uso. Los calzados Kate Spade son imprescindibles en el armario de toda mujer a la moda que valora el estilo y la comodidad diaria. Invierta en estos zapatos \u00fanicos y resalte su estilo individual.<\/p>\n<div class=\"col-md-7 col-12\">\n<p>Llamamos a estas nuestros calzadoos elevadoras por una raz\u00f3n: las entresuelas de plataforma agregar\u00e1n un poco de altura, adem\u00e1s, el cuero napa flexible con toques de estampado y color realzar\u00e1 instant\u00e1neamente cualquier atuendo con el que las combine.<\/p>\n<\/div>\n<div class=\"col-md-5 col-12\">\n<h4 class=\"title tu\"><strong>Detalles<\/strong><\/h4>\n<ul>\n<li class=\"type--s\">100% piel napa.<\/li>\n<li class=\"type--s\">Forro: sarga.<\/li>\n<li class=\"type--s\">Plantilla extra\u00edble.<\/li>\n<li class=\"type--s\">Cierre con cordones.<\/li>\n<li>Color: Blanco\/ Dorado.<\/li>\n<li class=\"type--s\">Modelo K0023.<\/li>\n<\/ul>\n<\/div>\n<p>&nbsp;<\/p>\n","protected":false},"excerpt":{"rendered":"<p>LIFT Los calzados Lift K0023 de Kate Spade son la combinaci\u00f3n perfecta de comodidad y dise\u00f1o moderno que sin duda<\/p>\n","protected":false},"featured_media":64641,"comment_status":"open","ping_status":"closed","template":"","meta":{"nf_dc_page":""},"product_brand":[],"product_cat":[73],"product_tag":[],"class_list":{"0":"post-64640","1":"product","2":"type-product","3":"status-publish","4":"has-post-thumbnail","6":"product_cat-femenino","8":"first","9":"instock","10":"shipping-taxable","11":"purchasable","12":"product-type-simple"},"_links":{"self":[{"href":"https:\/\/brandss.com.py\/index\/wp-json\/wp\/v2\/product\/64640","targetHints":{"allow":["GET"]}}],"collection":[{"href":"https:\/\/brandss.com.py\/index\/wp-json\/wp\/v2\/product"}],"about":[{"href":"https:\/\/brandss.com.py\/index\/wp-json\/wp\/v2\/types\/product"}],"replies":[{"embeddable":true,"href":"https:\/\/brandss.com.py\/index\/wp-json\/wp\/v2\/comments?post=64640"}],"version-history":[{"count":3,"href":"https:\/\/brandss.com.py\/index\/wp-json\/wp\/v2\/product\/64640\/revisions"}],"predecessor-version":[{"id":69755,"href":"https:\/\/brandss.com.py\/index\/wp-json\/wp\/v2\/product\/64640\/revisions\/69755"}],"wp:featuredmedia":[{"embeddable":true,"href":"https:\/\/brandss.com.py\/index\/wp-json\/wp\/v2\/media\/64641"}],"wp:attachment":[{"href":"https:\/\/brandss.com.py\/index\/wp-json\/wp\/v2\/media?parent=64640"}],"wp:term":[{"taxonomy":"product_brand","embeddable":true,"href":"https:\/\/brandss.com.py\/index\/wp-json\/wp\/v2\/product_brand?post=64640"},{"taxonomy":"product_cat","embeddable":true,"href":"https:\/\/brandss.com.py\/index\/wp-json\/wp\/v2\/product_cat?post=64640"},{"taxonomy":"product_tag","embeddable":true,"href":"https:\/\/brandss.com.py\/index\/wp-json\/wp\/v2\/product_tag?post=64640"}],"curies":[{"name":"wp","href":"https:\/\/api.w.org\/{rel}","templated":true}]}}