{"id":64676,"date":"2024-12-26T17:12:12","date_gmt":"2024-12-26T17:12:12","guid":{"rendered":"https:\/\/brandss.com.py\/index\/?post_type=product&#038;p=64676"},"modified":"2024-12-26T17:28:16","modified_gmt":"2024-12-26T17:28:16","slug":"calzado-casual-femenino-allsaints-zia-heeled","status":"publish","type":"product","link":"https:\/\/brandss.com.py\/index\/producto\/calzado-casual-femenino-allsaints-zia-heeled\/","title":{"rendered":"CALZADO CASUAL FEMENINO ALLSAINTS ZIA HEELED"},"content":{"rendered":"<p><img loading=\"lazy\" decoding=\"async\" class=\"\" src=\"https:\/\/1000marcas.net\/wp-content\/uploads\/2021\/05\/AllSaints-Logo.png\" alt=\"AllSaints Logo - s\u00edmbolo, significado logotipo, historia, PNG\" width=\"128\" height=\"72\" \/><\/p>\n<h1>ZIA HEELED<\/h1>\n<p><span>Declaraciones sofisticadas en forma de zapato: conozca el mocas\u00edn Zia. Fabricado con cuero brillante de primera calidad y con una silueta de punta cuadrada que se destaca. La hebilla atrae la atenci\u00f3n, mientras que el tac\u00f3n le da un toque moderno al estilo cl\u00e1sico. Perfecto con minivestidos de punto, nuestros slips 2 en 1 y la sastrer\u00eda exclusiva, puede usarlos del d\u00eda a la noche con facilidad.<\/span><\/p>\n<ul>\n<li><span>Punta cuadrada<\/span><\/li>\n<li><span>Ponerse<\/span><\/li>\n<li><span>Cuero brillante<\/span><\/li>\n<li><span>Hebilla y leng\u00fceta trasera de metal con la marca AllSaints<\/span><\/li>\n<li><span>Plantilla acolchada fija c\u00f3moda<\/span><\/li>\n<li><span>Si est\u00e1s entre dos tallas, te recomendamos elegir la talla m\u00e1s grande<\/span><\/li>\n<li><span>Altura del tac\u00f3n: 75 mm<\/span><\/li>\n<li><span>Parte superior: 100% cuero de vaca<\/span><\/li>\n<li><span>Forro: 100% piel de cabra.<\/span><\/li>\n<li><span>Suela: 100% tunit<\/span><\/li>\n<li>Modelo: <span data-tau=\"product_details_id\">WF550Z-6922<\/span><\/li>\n<\/ul>\n","protected":false},"excerpt":{"rendered":"<p>ZIA HEELED Declaraciones sofisticadas en forma de zapato: conozca el mocas\u00edn Zia. Fabricado con cuero brillante de primera calidad y<\/p>\n","protected":false},"featured_media":64677,"comment_status":"open","ping_status":"closed","template":"","meta":{"nf_dc_page":""},"product_brand":[],"product_cat":[73],"product_tag":[],"class_list":{"0":"post-64676","1":"product","2":"type-product","3":"status-publish","4":"has-post-thumbnail","6":"product_cat-femenino","8":"first","9":"instock","10":"shipping-taxable","11":"purchasable","12":"product-type-simple"},"_links":{"self":[{"href":"https:\/\/brandss.com.py\/index\/wp-json\/wp\/v2\/product\/64676","targetHints":{"allow":["GET"]}}],"collection":[{"href":"https:\/\/brandss.com.py\/index\/wp-json\/wp\/v2\/product"}],"about":[{"href":"https:\/\/brandss.com.py\/index\/wp-json\/wp\/v2\/types\/product"}],"replies":[{"embeddable":true,"href":"https:\/\/brandss.com.py\/index\/wp-json\/wp\/v2\/comments?post=64676"}],"version-history":[{"count":1,"href":"https:\/\/brandss.com.py\/index\/wp-json\/wp\/v2\/product\/64676\/revisions"}],"predecessor-version":[{"id":64684,"href":"https:\/\/brandss.com.py\/index\/wp-json\/wp\/v2\/product\/64676\/revisions\/64684"}],"wp:featuredmedia":[{"embeddable":true,"href":"https:\/\/brandss.com.py\/index\/wp-json\/wp\/v2\/media\/64677"}],"wp:attachment":[{"href":"https:\/\/brandss.com.py\/index\/wp-json\/wp\/v2\/media?parent=64676"}],"wp:term":[{"taxonomy":"product_brand","embeddable":true,"href":"https:\/\/brandss.com.py\/index\/wp-json\/wp\/v2\/product_brand?post=64676"},{"taxonomy":"product_cat","embeddable":true,"href":"https:\/\/brandss.com.py\/index\/wp-json\/wp\/v2\/product_cat?post=64676"},{"taxonomy":"product_tag","embeddable":true,"href":"https:\/\/brandss.com.py\/index\/wp-json\/wp\/v2\/product_tag?post=64676"}],"curies":[{"name":"wp","href":"https:\/\/api.w.org\/{rel}","templated":true}]}}