{"id":64685,"date":"2024-12-26T17:25:12","date_gmt":"2024-12-26T17:25:12","guid":{"rendered":"https:\/\/brandss.com.py\/index\/?post_type=product&#038;p=64685"},"modified":"2026-03-16T16:35:19","modified_gmt":"2026-03-16T16:35:19","slug":"mascara-capilar-karseell-maca-power-collagen-500ml","status":"publish","type":"product","link":"https:\/\/brandss.com.py\/index\/producto\/mascara-capilar-karseell-maca-power-collagen-500ml\/","title":{"rendered":"M\u00c1SCARA CAPILAR KARSEELL MACA POWER COLLAGEN 500ML"},"content":{"rendered":"<p><img loading=\"lazy\" decoding=\"async\" class=\"\" src=\"https:\/\/www.karseell.com\/wp-content\/uploads\/2024\/08\/cropped-logo-1.png\" alt=\"Tienda oficial de karseell: productos profesionales para el cuidado del cabello\" width=\"108\" height=\"44\" \/><\/p>\n<h1>MACA POWER COLLAGEN<\/h1>\n<p>Descubre el SECRETO detr\u00e1s de un cabello sano y sedoso con efecto LISO JAPON\u00c9S<\/p>\n<p>Este avanzado tratamiento ofrece resultados similares a los de un sal\u00f3n de belleza en la comodidad de tu hogar.<\/p>\n<p>Su f\u00f3rmula exclusiva proporciona un efecto progresivo, a la vez que nutre en profundidad, dejando el cabello con una suavidad incomparable y un brillo deslumbrante.<\/p>\n<p>Perfecto para quien busca calidad profesional con un trato pr\u00e1ctico en casa. Cuida tu cabello de manera eficiente y comprende la diferencia que la Mascarilla de Col\u00e1geno Karseell puede marcar en tu rutina de cuidado del cabello.<\/p>\n<p>La mascarilla capilar de col\u00e1geno Karseell contiene una esencia de maca rara que se integra con Karseell col\u00e1geno activo que se evapora y penetra technology. Puede entregar energ\u00eda activadora m\u00e1gica al cabello da\u00f1ado desde herramientas hasta puntas, reparar las fibras capilares y rellenar las cavidades del cabello, dejando el cabello hidratado, ordenado, liso y brillante.<\/p>\n<h4 class=\"a-spacing-mini\">Restaura el cabello seco y da\u00f1ado<\/h4>\n<p>El poder de una Mascarilla de aceite de arg\u00e1n marroqu\u00ed ha sido conocido por generaciones para mejorar naturalmente la vitalidad y la salud de sus cerraduras. Naturaleza puramascarilla para el cabello de tratamiento penetra profundamente desde la ra\u00edz hasta la punta ayuda a restaurar el da\u00f1o de los productos qu\u00edmicos, la exposici\u00f3n al sol y la contaminaci\u00f3n. Aceite de arg\u00e1n KarseellMascarilla hidratante para el cabello tambi\u00e9n ayuda a proteger contra las puntas abiertas.<\/p>\n<h4 class=\"a-spacing-mini\">Para todos los tipos de cabello<\/h4>\n<p>La mascarilla capilar de col\u00e1geno natural de reparaci\u00f3n profunda es ideal para todo tipo de cabello. Karseell M\u00e1scara capilar de aceite de arg\u00e1n trabaja para reducir el encrespamiento y los vuelos con el cabello liso y mejora naturalmente los rizos y el rebote de mechones voluminosos. Consigue el aspecto que quieres, con este rico \u200bTratamiento de aceite de arg\u00e1n marroqu\u00ed\u200b de Pure Nature.<\/p>\n<p>&nbsp;<\/p>\n<h4>Beneficios:<\/h4>\n<p>Trato profesional.<\/p>\n<p>Efecto progresivo.<\/p>\n<p>Hidrataci\u00f3n intensiva.<\/p>\n<p>Brillo llamativo y nacarado.<\/p>\n<p>Piel de seda.<\/p>\n<p>Sin sulfatos ni parabenos.<\/p>\n","protected":false},"excerpt":{"rendered":"<p>MACA POWER COLLAGEN Descubre el SECRETO detr\u00e1s de un cabello sano y sedoso con efecto LISO JAPON\u00c9S Este avanzado tratamiento<\/p>\n","protected":false},"featured_media":64686,"comment_status":"open","ping_status":"closed","template":"","meta":{"nf_dc_page":""},"product_brand":[115],"product_cat":[85],"product_tag":[755],"class_list":{"0":"post-64685","1":"product","2":"type-product","3":"status-publish","4":"has-post-thumbnail","6":"product_brand-karseell","7":"product_cat-cosmeticos","8":"product_tag-755","10":"first","11":"instock","12":"sale","13":"shipping-taxable","14":"purchasable","15":"product-type-simple"},"_links":{"self":[{"href":"https:\/\/brandss.com.py\/index\/wp-json\/wp\/v2\/product\/64685","targetHints":{"allow":["GET"]}}],"collection":[{"href":"https:\/\/brandss.com.py\/index\/wp-json\/wp\/v2\/product"}],"about":[{"href":"https:\/\/brandss.com.py\/index\/wp-json\/wp\/v2\/types\/product"}],"replies":[{"embeddable":true,"href":"https:\/\/brandss.com.py\/index\/wp-json\/wp\/v2\/comments?post=64685"}],"version-history":[{"count":2,"href":"https:\/\/brandss.com.py\/index\/wp-json\/wp\/v2\/product\/64685\/revisions"}],"predecessor-version":[{"id":68902,"href":"https:\/\/brandss.com.py\/index\/wp-json\/wp\/v2\/product\/64685\/revisions\/68902"}],"wp:featuredmedia":[{"embeddable":true,"href":"https:\/\/brandss.com.py\/index\/wp-json\/wp\/v2\/media\/64686"}],"wp:attachment":[{"href":"https:\/\/brandss.com.py\/index\/wp-json\/wp\/v2\/media?parent=64685"}],"wp:term":[{"taxonomy":"product_brand","embeddable":true,"href":"https:\/\/brandss.com.py\/index\/wp-json\/wp\/v2\/product_brand?post=64685"},{"taxonomy":"product_cat","embeddable":true,"href":"https:\/\/brandss.com.py\/index\/wp-json\/wp\/v2\/product_cat?post=64685"},{"taxonomy":"product_tag","embeddable":true,"href":"https:\/\/brandss.com.py\/index\/wp-json\/wp\/v2\/product_tag?post=64685"}],"curies":[{"name":"wp","href":"https:\/\/api.w.org\/{rel}","templated":true}]}}