{"id":64694,"date":"2024-12-26T18:08:06","date_gmt":"2024-12-26T18:08:06","guid":{"rendered":"https:\/\/brandss.com.py\/index\/?post_type=product&#038;p=64694"},"modified":"2024-12-26T18:08:58","modified_gmt":"2024-12-26T18:08:58","slug":"calzado-casual-femenino-allsaints-betty-sparkle","status":"publish","type":"product","link":"https:\/\/brandss.com.py\/index\/producto\/calzado-casual-femenino-allsaints-betty-sparkle\/","title":{"rendered":"CALZADO CASUAL FEMENINO ALLSAINTS BETTY SPARKLE"},"content":{"rendered":"<p><img loading=\"lazy\" decoding=\"async\" class=\"\" src=\"https:\/\/1000marcas.net\/wp-content\/uploads\/2021\/05\/AllSaints-Logo.png\" alt=\"AllSaints Logo - s\u00edmbolo, significado logotipo, historia, PNG\" width=\"98\" height=\"55\" \/><\/p>\n<h1>BETTY SPARKLE<\/h1>\n<p><span>Las sandalias de tac\u00f3n BETTY est\u00e1n confeccionadas en fina piel de vacuno. Tienen la punta cuadrada con el empeine en color negro metalizado brillo y un adorno de hebilla en la parte trasera del tal\u00f3n. Son sencillas pero personalizadas, lo que las convierte en el outfit perfecto para fiestas.<\/span><\/p>\n<p><span>Tejido principal: 100% piel de vacuno<\/span><\/p>\n<p><span>Forro: 100% piel de cabra<\/span><\/p>\n<p><span>Suela: 100% tut<\/span><\/p>\n<p><span>Altura tac\u00f3n: 10 cm<\/span><\/p>\n<p><span>Recomendaci\u00f3n de talla: Si tu talla est\u00e1 entre dos tallas, se recomienda elegir la talla m\u00e1s grande<\/span><\/p>\n<p>Modelo: WF592Z<\/p>\n","protected":false},"excerpt":{"rendered":"<p>BETTY SPARKLE Las sandalias de tac\u00f3n BETTY est\u00e1n confeccionadas en fina piel de vacuno. Tienen la punta cuadrada con el<\/p>\n","protected":false},"featured_media":64695,"comment_status":"open","ping_status":"closed","template":"","meta":{"nf_dc_page":""},"product_brand":[],"product_cat":[73],"product_tag":[],"class_list":{"0":"post-64694","1":"product","2":"type-product","3":"status-publish","4":"has-post-thumbnail","6":"product_cat-femenino","8":"first","9":"instock","10":"shipping-taxable","11":"purchasable","12":"product-type-simple"},"_links":{"self":[{"href":"https:\/\/brandss.com.py\/index\/wp-json\/wp\/v2\/product\/64694","targetHints":{"allow":["GET"]}}],"collection":[{"href":"https:\/\/brandss.com.py\/index\/wp-json\/wp\/v2\/product"}],"about":[{"href":"https:\/\/brandss.com.py\/index\/wp-json\/wp\/v2\/types\/product"}],"replies":[{"embeddable":true,"href":"https:\/\/brandss.com.py\/index\/wp-json\/wp\/v2\/comments?post=64694"}],"version-history":[{"count":1,"href":"https:\/\/brandss.com.py\/index\/wp-json\/wp\/v2\/product\/64694\/revisions"}],"predecessor-version":[{"id":64702,"href":"https:\/\/brandss.com.py\/index\/wp-json\/wp\/v2\/product\/64694\/revisions\/64702"}],"wp:featuredmedia":[{"embeddable":true,"href":"https:\/\/brandss.com.py\/index\/wp-json\/wp\/v2\/media\/64695"}],"wp:attachment":[{"href":"https:\/\/brandss.com.py\/index\/wp-json\/wp\/v2\/media?parent=64694"}],"wp:term":[{"taxonomy":"product_brand","embeddable":true,"href":"https:\/\/brandss.com.py\/index\/wp-json\/wp\/v2\/product_brand?post=64694"},{"taxonomy":"product_cat","embeddable":true,"href":"https:\/\/brandss.com.py\/index\/wp-json\/wp\/v2\/product_cat?post=64694"},{"taxonomy":"product_tag","embeddable":true,"href":"https:\/\/brandss.com.py\/index\/wp-json\/wp\/v2\/product_tag?post=64694"}],"curies":[{"name":"wp","href":"https:\/\/api.w.org\/{rel}","templated":true}]}}