{"id":64703,"date":"2024-12-26T19:13:16","date_gmt":"2024-12-26T19:13:16","guid":{"rendered":"https:\/\/brandss.com.py\/index\/?post_type=product&#038;p=64703"},"modified":"2024-12-26T19:13:57","modified_gmt":"2024-12-26T19:13:57","slug":"calzado-casual-femenino-guess-mickle","status":"publish","type":"product","link":"https:\/\/brandss.com.py\/index\/producto\/calzado-casual-femenino-guess-mickle\/","title":{"rendered":"CALZADO CASUAL FEMENINO GUESS MICKLE"},"content":{"rendered":"<p><img loading=\"lazy\" decoding=\"async\" class=\"\" src=\"https:\/\/cdn.worldvectorlogo.com\/logos\/guess-2.svg\" alt=\"guess Logotipo Vector - Descarga Gratis SVG | Worldvectorlogo\" width=\"106\" height=\"30\" \/><\/p>\n<h1>MICKLE<\/h1>\n<p><span>Los zapatos sin cordones para mujer Guess Mickle con el logo de Guess son zapatos modernos y con estilo. Estos mocasines cuentan con el reconocible logotipo de Guess, a\u00f1adiendo un toque de glamour a tu look.<\/span><\/p>\n<p><span>Los zapatos est\u00e1n disponibles en un elegante color negro, lo que los hace f\u00e1ciles de combinar con diferentes conjuntos.<\/span><\/p>\n<p><span>Con su dise\u00f1o sin cordones, los zapatos sin cordones Guess Mickle para mujer son c\u00f3modos y c\u00f3modos de poner. Son perfectos para un look casual pero a la moda.<\/span><\/p>\n<p><span>A\u00f1ade un toque de lujo y moda a tu colecci\u00f3n de zapatos con los zapatos sin cordones Guess Mickle para mujer con logo Guess en negro.<\/span><\/p>\n<ul class=\"a-unordered-list a-vertical a-spacing-small\">\n<li><span class=\"a-list-item a-size-base a-color-base\">Punta redonda.<\/span><\/li>\n<li><span class=\"a-list-item a-size-base a-color-base\">Detalle frontal de metal con logo G.<\/span><\/li>\n<li><span class=\"a-list-item a-size-base a-color-base\">Suela de goma.<\/span><\/li>\n<li>Color: Negro.<\/li>\n<li>Modelo: VKM5B<\/li>\n<\/ul>\n","protected":false},"excerpt":{"rendered":"<p>MICKLE Los zapatos sin cordones para mujer Guess Mickle con el logo de Guess son zapatos modernos y con estilo.<\/p>\n","protected":false},"featured_media":64704,"comment_status":"open","ping_status":"closed","template":"","meta":{"nf_dc_page":""},"product_brand":[],"product_cat":[73],"product_tag":[],"class_list":{"0":"post-64703","1":"product","2":"type-product","3":"status-publish","4":"has-post-thumbnail","6":"product_cat-femenino","8":"first","9":"instock","10":"shipping-taxable","11":"purchasable","12":"product-type-simple"},"_links":{"self":[{"href":"https:\/\/brandss.com.py\/index\/wp-json\/wp\/v2\/product\/64703","targetHints":{"allow":["GET"]}}],"collection":[{"href":"https:\/\/brandss.com.py\/index\/wp-json\/wp\/v2\/product"}],"about":[{"href":"https:\/\/brandss.com.py\/index\/wp-json\/wp\/v2\/types\/product"}],"replies":[{"embeddable":true,"href":"https:\/\/brandss.com.py\/index\/wp-json\/wp\/v2\/comments?post=64703"}],"version-history":[{"count":1,"href":"https:\/\/brandss.com.py\/index\/wp-json\/wp\/v2\/product\/64703\/revisions"}],"predecessor-version":[{"id":64711,"href":"https:\/\/brandss.com.py\/index\/wp-json\/wp\/v2\/product\/64703\/revisions\/64711"}],"wp:featuredmedia":[{"embeddable":true,"href":"https:\/\/brandss.com.py\/index\/wp-json\/wp\/v2\/media\/64704"}],"wp:attachment":[{"href":"https:\/\/brandss.com.py\/index\/wp-json\/wp\/v2\/media?parent=64703"}],"wp:term":[{"taxonomy":"product_brand","embeddable":true,"href":"https:\/\/brandss.com.py\/index\/wp-json\/wp\/v2\/product_brand?post=64703"},{"taxonomy":"product_cat","embeddable":true,"href":"https:\/\/brandss.com.py\/index\/wp-json\/wp\/v2\/product_cat?post=64703"},{"taxonomy":"product_tag","embeddable":true,"href":"https:\/\/brandss.com.py\/index\/wp-json\/wp\/v2\/product_tag?post=64703"}],"curies":[{"name":"wp","href":"https:\/\/api.w.org\/{rel}","templated":true}]}}