{"id":64744,"date":"2024-12-28T14:31:21","date_gmt":"2024-12-28T14:31:21","guid":{"rendered":"https:\/\/brandss.com.py\/index\/?post_type=product&#038;p=64744"},"modified":"2024-12-28T14:32:47","modified_gmt":"2024-12-28T14:32:47","slug":"calzado-casual-masculino-allsaints-gus-boot-suede","status":"publish","type":"product","link":"https:\/\/brandss.com.py\/index\/producto\/calzado-casual-masculino-allsaints-gus-boot-suede\/","title":{"rendered":"CALZADO CASUAL MASCULINO ALLSAINTS GUS BOOT SUEDE"},"content":{"rendered":"<p><img loading=\"lazy\" decoding=\"async\" class=\"\" src=\"https:\/\/1000marcas.net\/wp-content\/uploads\/2021\/05\/AllSaints-Logo.png\" alt=\"AllSaints Logo - s\u00edmbolo, significado logotipo, historia, PNG\" width=\"113\" height=\"64\" \/><\/p>\n<h1>GUS BOOT SUEDE<\/h1>\n<p><span>Botas Chelsea cl\u00e1sicas confeccionadas en ante lavado a la piedra. Una pesta\u00f1a en la parte posterior facilita pon\u00e9rselo y quit\u00e1rselo. Mira la firma de Allsaints agregada al costado.<\/span><\/p>\n<ul>\n<li><span>Botines<\/span><\/li>\n<li><span>Puntera redonda<\/span><\/li>\n<li><span>Dibujo de goma antideslizante<\/span><\/li>\n<li><span>Leng\u00fceta en la parte posterior<\/span><\/li>\n<li><span>Logotipo de AllSaints<\/span><\/li>\n<li><span>Plantilla acolchada<\/span><\/li>\n<li><span>Te recomendamos elegir tu talla habitual o media talla m\u00e1s<\/span><\/li>\n<li>Color: Gris<\/li>\n<li>Modelo: MF587Z<\/li>\n<\/ul>\n","protected":false},"excerpt":{"rendered":"<p>GUS BOOT SUEDE Botas Chelsea cl\u00e1sicas confeccionadas en ante lavado a la piedra. Una pesta\u00f1a en la parte posterior facilita<\/p>\n","protected":false},"featured_media":64745,"comment_status":"open","ping_status":"closed","template":"","meta":{"nf_dc_page":""},"product_brand":[],"product_cat":[76],"product_tag":[],"class_list":{"0":"post-64744","1":"product","2":"type-product","3":"status-publish","4":"has-post-thumbnail","6":"product_cat-masculino","8":"first","9":"instock","10":"shipping-taxable","11":"purchasable","12":"product-type-simple"},"_links":{"self":[{"href":"https:\/\/brandss.com.py\/index\/wp-json\/wp\/v2\/product\/64744","targetHints":{"allow":["GET"]}}],"collection":[{"href":"https:\/\/brandss.com.py\/index\/wp-json\/wp\/v2\/product"}],"about":[{"href":"https:\/\/brandss.com.py\/index\/wp-json\/wp\/v2\/types\/product"}],"replies":[{"embeddable":true,"href":"https:\/\/brandss.com.py\/index\/wp-json\/wp\/v2\/comments?post=64744"}],"version-history":[{"count":1,"href":"https:\/\/brandss.com.py\/index\/wp-json\/wp\/v2\/product\/64744\/revisions"}],"predecessor-version":[{"id":64750,"href":"https:\/\/brandss.com.py\/index\/wp-json\/wp\/v2\/product\/64744\/revisions\/64750"}],"wp:featuredmedia":[{"embeddable":true,"href":"https:\/\/brandss.com.py\/index\/wp-json\/wp\/v2\/media\/64745"}],"wp:attachment":[{"href":"https:\/\/brandss.com.py\/index\/wp-json\/wp\/v2\/media?parent=64744"}],"wp:term":[{"taxonomy":"product_brand","embeddable":true,"href":"https:\/\/brandss.com.py\/index\/wp-json\/wp\/v2\/product_brand?post=64744"},{"taxonomy":"product_cat","embeddable":true,"href":"https:\/\/brandss.com.py\/index\/wp-json\/wp\/v2\/product_cat?post=64744"},{"taxonomy":"product_tag","embeddable":true,"href":"https:\/\/brandss.com.py\/index\/wp-json\/wp\/v2\/product_tag?post=64744"}],"curies":[{"name":"wp","href":"https:\/\/api.w.org\/{rel}","templated":true}]}}