{"id":64751,"date":"2024-12-28T14:50:09","date_gmt":"2024-12-28T14:50:09","guid":{"rendered":"https:\/\/brandss.com.py\/index\/?post_type=product&#038;p=64751"},"modified":"2025-09-19T10:54:59","modified_gmt":"2025-09-19T10:54:59","slug":"calzado-casual-masculino-allsaints-crister-high-top","status":"publish","type":"product","link":"https:\/\/brandss.com.py\/index\/producto\/calzado-casual-masculino-allsaints-crister-high-top\/","title":{"rendered":"CALZADO CASUAL MASCULINO ALLSAINTS CRISTER HIGH TOP"},"content":{"rendered":"<p><img loading=\"lazy\" decoding=\"async\" class=\"\" src=\"https:\/\/1000marcas.net\/wp-content\/uploads\/2021\/05\/AllSaints-Logo.png\" alt=\"AllSaints Logo - s\u00edmbolo, significado logotipo, historia, PNG\" width=\"82\" height=\"46\" \/><\/p>\n<h1>CRISTER HIGH TOP<\/h1>\n<p><span>Los calzados altos Crister tienen una silueta redondeada con cordones. El cuero de primera calidad tiene un aspecto distintivo y est\u00e1 grabado con nuestro logotipo Tierra favorito: es circular, tal vez lo recuerdes de nuestras sudaderas y camisetas. Terminadas con un tirador trasero de grosgrain y la caracter\u00edstica leng\u00fceta del tal\u00f3n, realmente hemos hecho que los detalles cuenten.<\/span><\/p>\n<ul>\n<li><span>Ca\u00f1a alta<\/span><\/li>\n<li><span>Punta redonda<\/span><\/li>\n<li><span>Tirador trasero de grosgrain<\/span><\/li>\n<li><span>Atar con cordones<\/span><\/li>\n<li><span>Logotipo en relieve de AllSaints<\/span><\/li>\n<li><span>Plantilla acolchada fija c\u00f3moda<\/span><\/li>\n<li><span>Si est\u00e1s entre dos tallas, te recomendamos elegir la talla m\u00e1s grande.<\/span><\/li>\n<li>Color: Negro<\/li>\n<li>Modelo: MF713X<\/li>\n<\/ul>\n","protected":false},"excerpt":{"rendered":"<p>CRISTER HIGH TOP Los calzados altos Crister tienen una silueta redondeada con cordones. El cuero de primera calidad tiene un<\/p>\n","protected":false},"featured_media":64752,"comment_status":"open","ping_status":"closed","template":"","meta":{"nf_dc_page":""},"product_brand":[],"product_cat":[76],"product_tag":[],"class_list":{"0":"post-64751","1":"product","2":"type-product","3":"status-publish","4":"has-post-thumbnail","6":"product_cat-masculino","8":"first","9":"instock","10":"shipping-taxable","11":"purchasable","12":"product-type-simple"},"_links":{"self":[{"href":"https:\/\/brandss.com.py\/index\/wp-json\/wp\/v2\/product\/64751","targetHints":{"allow":["GET"]}}],"collection":[{"href":"https:\/\/brandss.com.py\/index\/wp-json\/wp\/v2\/product"}],"about":[{"href":"https:\/\/brandss.com.py\/index\/wp-json\/wp\/v2\/types\/product"}],"replies":[{"embeddable":true,"href":"https:\/\/brandss.com.py\/index\/wp-json\/wp\/v2\/comments?post=64751"}],"version-history":[{"count":1,"href":"https:\/\/brandss.com.py\/index\/wp-json\/wp\/v2\/product\/64751\/revisions"}],"predecessor-version":[{"id":64758,"href":"https:\/\/brandss.com.py\/index\/wp-json\/wp\/v2\/product\/64751\/revisions\/64758"}],"wp:featuredmedia":[{"embeddable":true,"href":"https:\/\/brandss.com.py\/index\/wp-json\/wp\/v2\/media\/64752"}],"wp:attachment":[{"href":"https:\/\/brandss.com.py\/index\/wp-json\/wp\/v2\/media?parent=64751"}],"wp:term":[{"taxonomy":"product_brand","embeddable":true,"href":"https:\/\/brandss.com.py\/index\/wp-json\/wp\/v2\/product_brand?post=64751"},{"taxonomy":"product_cat","embeddable":true,"href":"https:\/\/brandss.com.py\/index\/wp-json\/wp\/v2\/product_cat?post=64751"},{"taxonomy":"product_tag","embeddable":true,"href":"https:\/\/brandss.com.py\/index\/wp-json\/wp\/v2\/product_tag?post=64751"}],"curies":[{"name":"wp","href":"https:\/\/api.w.org\/{rel}","templated":true}]}}