{"id":64759,"date":"2024-12-28T16:48:31","date_gmt":"2024-12-28T16:48:31","guid":{"rendered":"https:\/\/brandss.com.py\/index\/?post_type=product&#038;p=64759"},"modified":"2026-03-11T12:37:08","modified_gmt":"2026-03-11T12:37:08","slug":"calzado-casual-femenino-versace-jeans-couture-scarlett","status":"publish","type":"product","link":"https:\/\/brandss.com.py\/index\/producto\/calzado-casual-femenino-versace-jeans-couture-scarlett\/","title":{"rendered":"CALZADO CASUAL FEMENINO VERSACE JEANS COUTURE SCARLETT"},"content":{"rendered":"<p><img loading=\"lazy\" decoding=\"async\" class=\"\" src=\"https:\/\/cdn.freebiesupply.com\/logos\/large\/2x\/versace-medusa-2-logo-png-transparent.png\" alt=\"Versace Logo wondetful Svg Logo\" width=\"54\" height=\"67\" \/><\/p>\n<h1>SCARLETT<\/h1>\n<p>Llevando la moda a un nivel superior, te presentamos otro modelo de botines negros de Versace Jeans Couture. El tac\u00f3n de aguja es un s\u00edmbolo de elegancia y el patr\u00f3n Chain Couture es una manifestaci\u00f3n de lujo. Estos botines son una obra maestra de la moda que transformar\u00e1 tu look cotidiano en algo excepcional. Estos botines son perfectos para cualquier ocasi\u00f3n. Son c\u00f3modos y elegantes, y complementar\u00e1n cualquier look.<\/p>\n<div class=\"accordion-content page-content\">\n<div id=\"section_1690314601\" class=\"product-composition ng-scope\" data-compositiongroupid=\"2\">\n<div class=\"list-composition\">\n<div class=\"row\">\n<div class=\"col-sm-12 column-composition \" data-compositionname=\"Exterior: Tela.\">\n<div class=\"row\">\n<div class=\"col-xs-12 column-title\">\n<ul>\n<li>\n<div class=\"product-specification-item\" data-v-0f687d4c=\"\" data-v-76f3b7a5=\"\">Plantilla:\u00a0Imitaci\u00f3n de cuero<\/div>\n<\/li>\n<li>\n<div class=\"product-specification-item\" data-v-0f687d4c=\"\" data-v-76f3b7a5=\"\">Interior:\u00a0Imitaci\u00f3n de cuero<\/div>\n<\/li>\n<li>\n<div class=\"product-specification-item\" data-v-0f687d4c=\"\" data-v-76f3b7a5=\"\">Parte superior:\u00a0Textil\/-Textil<\/div>\n<\/li>\n<li>\n<div class=\"product-specification-item\" data-v-0f687d4c=\"\" data-v-76f3b7a5=\"\">Suela:\u00a0material de alta calidad<\/div>\n<\/li>\n<li class=\"custom-marker\">Altura tac\u00f3n: 9 cm.<\/li>\n<li>Color: Negro.<\/li>\n<li>Modelo:\u00a0 75VA3S51.<\/li>\n<\/ul>\n<\/div>\n<\/div>\n<\/div>\n<\/div>\n<\/div>\n<\/div>\n<\/div>\n","protected":false},"excerpt":{"rendered":"<p>SCARLETT Llevando la moda a un nivel superior, te presentamos otro modelo de botines negros de Versace Jeans Couture. El<\/p>\n","protected":false},"featured_media":64760,"comment_status":"open","ping_status":"closed","template":"","meta":{"nf_dc_page":""},"product_brand":[],"product_cat":[73],"product_tag":[],"class_list":{"0":"post-64759","1":"product","2":"type-product","3":"status-publish","4":"has-post-thumbnail","6":"product_cat-femenino","8":"first","9":"outofstock","10":"shipping-taxable","11":"purchasable","12":"product-type-simple"},"_links":{"self":[{"href":"https:\/\/brandss.com.py\/index\/wp-json\/wp\/v2\/product\/64759","targetHints":{"allow":["GET"]}}],"collection":[{"href":"https:\/\/brandss.com.py\/index\/wp-json\/wp\/v2\/product"}],"about":[{"href":"https:\/\/brandss.com.py\/index\/wp-json\/wp\/v2\/types\/product"}],"replies":[{"embeddable":true,"href":"https:\/\/brandss.com.py\/index\/wp-json\/wp\/v2\/comments?post=64759"}],"version-history":[{"count":1,"href":"https:\/\/brandss.com.py\/index\/wp-json\/wp\/v2\/product\/64759\/revisions"}],"predecessor-version":[{"id":64768,"href":"https:\/\/brandss.com.py\/index\/wp-json\/wp\/v2\/product\/64759\/revisions\/64768"}],"wp:featuredmedia":[{"embeddable":true,"href":"https:\/\/brandss.com.py\/index\/wp-json\/wp\/v2\/media\/64760"}],"wp:attachment":[{"href":"https:\/\/brandss.com.py\/index\/wp-json\/wp\/v2\/media?parent=64759"}],"wp:term":[{"taxonomy":"product_brand","embeddable":true,"href":"https:\/\/brandss.com.py\/index\/wp-json\/wp\/v2\/product_brand?post=64759"},{"taxonomy":"product_cat","embeddable":true,"href":"https:\/\/brandss.com.py\/index\/wp-json\/wp\/v2\/product_cat?post=64759"},{"taxonomy":"product_tag","embeddable":true,"href":"https:\/\/brandss.com.py\/index\/wp-json\/wp\/v2\/product_tag?post=64759"}],"curies":[{"name":"wp","href":"https:\/\/api.w.org\/{rel}","templated":true}]}}