{"id":64811,"date":"2024-12-30T12:01:37","date_gmt":"2024-12-30T12:01:37","guid":{"rendered":"https:\/\/brandss.com.py\/index\/?post_type=product&#038;p=64811"},"modified":"2024-12-30T12:02:26","modified_gmt":"2024-12-30T12:02:26","slug":"calzado-casual-femenino-coach-waverly","status":"publish","type":"product","link":"https:\/\/brandss.com.py\/index\/producto\/calzado-casual-femenino-coach-waverly\/","title":{"rendered":"CALZADO CASUAL FEMENINO COACH WAVERLY"},"content":{"rendered":"<p><img loading=\"lazy\" decoding=\"async\" class=\"\" src=\"https:\/\/i.pinimg.com\/originals\/e2\/6c\/db\/e26cdbe1d1cf73107e054928eec0c4bc.png\" alt=\"Pin page\" width=\"103\" height=\"43\" \/><\/p>\n<h1>WAVERLY<\/h1>\n<p>Zapatos de tac\u00f3n alto contempor\u00e1neos para mujer metalizado.<\/p>\n<p><span>Parte superior de cuero metalizado.<\/span><\/p>\n<p><span>Forro de cuero <\/span><span>sint\u00e9tico.<\/span><\/p>\n<p><span>Suela <\/span><span>de goma.<\/span><\/p>\n<p><span>Punta puntiaguda.<\/span><\/p>\n<p><span>Talonera muy r\u00edgida.<\/span><\/p>\n<p><span>Tac\u00f3n de aguja.<\/span><\/p>\n<p><span>Plantilla de piel.<\/span><\/p>\n<p><span>Detalles decorativos.<\/span><\/p>\n<p><span>Altura del tac\u00f3n: 9 cm.<\/span><\/p>\n<p>Color: Champagne.<\/p>\n<p><span>Modelo: CD439.<\/span><\/p>\n","protected":false},"excerpt":{"rendered":"<p>WAVERLY Zapatos de tac\u00f3n alto contempor\u00e1neos para mujer metalizado. Parte superior de cuero metalizado. Forro de cuero sint\u00e9tico. Suela de<\/p>\n","protected":false},"featured_media":64812,"comment_status":"open","ping_status":"closed","template":"","meta":{"nf_dc_page":""},"product_brand":[],"product_cat":[73],"product_tag":[],"class_list":{"0":"post-64811","1":"product","2":"type-product","3":"status-publish","4":"has-post-thumbnail","6":"product_cat-femenino","8":"first","9":"instock","10":"shipping-taxable","11":"purchasable","12":"product-type-simple"},"_links":{"self":[{"href":"https:\/\/brandss.com.py\/index\/wp-json\/wp\/v2\/product\/64811","targetHints":{"allow":["GET"]}}],"collection":[{"href":"https:\/\/brandss.com.py\/index\/wp-json\/wp\/v2\/product"}],"about":[{"href":"https:\/\/brandss.com.py\/index\/wp-json\/wp\/v2\/types\/product"}],"replies":[{"embeddable":true,"href":"https:\/\/brandss.com.py\/index\/wp-json\/wp\/v2\/comments?post=64811"}],"version-history":[{"count":1,"href":"https:\/\/brandss.com.py\/index\/wp-json\/wp\/v2\/product\/64811\/revisions"}],"predecessor-version":[{"id":64818,"href":"https:\/\/brandss.com.py\/index\/wp-json\/wp\/v2\/product\/64811\/revisions\/64818"}],"wp:featuredmedia":[{"embeddable":true,"href":"https:\/\/brandss.com.py\/index\/wp-json\/wp\/v2\/media\/64812"}],"wp:attachment":[{"href":"https:\/\/brandss.com.py\/index\/wp-json\/wp\/v2\/media?parent=64811"}],"wp:term":[{"taxonomy":"product_brand","embeddable":true,"href":"https:\/\/brandss.com.py\/index\/wp-json\/wp\/v2\/product_brand?post=64811"},{"taxonomy":"product_cat","embeddable":true,"href":"https:\/\/brandss.com.py\/index\/wp-json\/wp\/v2\/product_cat?post=64811"},{"taxonomy":"product_tag","embeddable":true,"href":"https:\/\/brandss.com.py\/index\/wp-json\/wp\/v2\/product_tag?post=64811"}],"curies":[{"name":"wp","href":"https:\/\/api.w.org\/{rel}","templated":true}]}}