{"id":64819,"date":"2024-12-30T12:33:00","date_gmt":"2024-12-30T12:33:00","guid":{"rendered":"https:\/\/brandss.com.py\/index\/?post_type=product&#038;p=64819"},"modified":"2024-12-30T12:33:42","modified_gmt":"2024-12-30T12:33:42","slug":"calzado-casual-femenino-coach-marley-driver","status":"publish","type":"product","link":"https:\/\/brandss.com.py\/index\/producto\/calzado-casual-femenino-coach-marley-driver\/","title":{"rendered":"CALZADO CASUAL FEMENINO COACH MARLEY DRIVER"},"content":{"rendered":"<p><img loading=\"lazy\" decoding=\"async\" class=\"\" src=\"https:\/\/i.pinimg.com\/originals\/e2\/6c\/db\/e26cdbe1d1cf73107e054928eec0c4bc.png\" alt=\"Pin page\" width=\"103\" height=\"43\" \/><\/p>\n<h1>MARLEY DRIVER<\/h1>\n<p><span>Una nueva versi\u00f3n de un favorito de siempre, nuestro Marley Driver aerodin\u00e1mico es la opci\u00f3n perfecta para los d\u00edas de trabajo y los fines de semana. El estilo sin cordones con punta redonda est\u00e1 confeccionado con nuestro ligero jacquard Signature con cuero suave y acabado con una suela de goma flexible con ranuras para brindar comodidad durante todo el d\u00eda<\/span><\/p>\n<div>\n<div>\n<div>\n<div>\n<p><span>Parte superior de piel y jacquard caracter\u00edstico.<\/span><\/p>\n<p><span>Forro y plantilla de piel sint\u00e9tica.<\/span><\/p>\n<p><span>Suela de goma.<\/span><\/p>\n<p><span>Sin <\/span><span>cordones.<\/span><\/p>\n<p>Color: Stone\/ Chalk.<\/p>\n<p><span>Modelo: G4836.<\/span><\/p>\n<\/div>\n<\/div>\n<\/div>\n<\/div>\n","protected":false},"excerpt":{"rendered":"<p>MARLEY DRIVER Una nueva versi\u00f3n de un favorito de siempre, nuestro Marley Driver aerodin\u00e1mico es la opci\u00f3n perfecta para los<\/p>\n","protected":false},"featured_media":64820,"comment_status":"open","ping_status":"closed","template":"","meta":{"nf_dc_page":""},"product_brand":[],"product_cat":[73],"product_tag":[],"class_list":{"0":"post-64819","1":"product","2":"type-product","3":"status-publish","4":"has-post-thumbnail","6":"product_cat-femenino","8":"first","9":"instock","10":"shipping-taxable","11":"purchasable","12":"product-type-simple"},"_links":{"self":[{"href":"https:\/\/brandss.com.py\/index\/wp-json\/wp\/v2\/product\/64819","targetHints":{"allow":["GET"]}}],"collection":[{"href":"https:\/\/brandss.com.py\/index\/wp-json\/wp\/v2\/product"}],"about":[{"href":"https:\/\/brandss.com.py\/index\/wp-json\/wp\/v2\/types\/product"}],"replies":[{"embeddable":true,"href":"https:\/\/brandss.com.py\/index\/wp-json\/wp\/v2\/comments?post=64819"}],"version-history":[{"count":1,"href":"https:\/\/brandss.com.py\/index\/wp-json\/wp\/v2\/product\/64819\/revisions"}],"predecessor-version":[{"id":64830,"href":"https:\/\/brandss.com.py\/index\/wp-json\/wp\/v2\/product\/64819\/revisions\/64830"}],"wp:featuredmedia":[{"embeddable":true,"href":"https:\/\/brandss.com.py\/index\/wp-json\/wp\/v2\/media\/64820"}],"wp:attachment":[{"href":"https:\/\/brandss.com.py\/index\/wp-json\/wp\/v2\/media?parent=64819"}],"wp:term":[{"taxonomy":"product_brand","embeddable":true,"href":"https:\/\/brandss.com.py\/index\/wp-json\/wp\/v2\/product_brand?post=64819"},{"taxonomy":"product_cat","embeddable":true,"href":"https:\/\/brandss.com.py\/index\/wp-json\/wp\/v2\/product_cat?post=64819"},{"taxonomy":"product_tag","embeddable":true,"href":"https:\/\/brandss.com.py\/index\/wp-json\/wp\/v2\/product_tag?post=64819"}],"curies":[{"name":"wp","href":"https:\/\/api.w.org\/{rel}","templated":true}]}}