{"id":64831,"date":"2024-12-30T13:43:19","date_gmt":"2024-12-30T13:43:19","guid":{"rendered":"https:\/\/brandss.com.py\/index\/?post_type=product&#038;p=64831"},"modified":"2026-01-07T11:49:33","modified_gmt":"2026-01-07T11:49:33","slug":"bolso-bandolera-femenino-coach-studio-baguette-20","status":"publish","type":"product","link":"https:\/\/brandss.com.py\/index\/producto\/bolso-bandolera-femenino-coach-studio-baguette-20\/","title":{"rendered":"BOLSO BANDOLERA FEMENINO COACH STUDIO BAGUETTE 20"},"content":{"rendered":"<p><img loading=\"lazy\" decoding=\"async\" class=\"\" src=\"https:\/\/i.pinimg.com\/originals\/e2\/6c\/db\/e26cdbe1d1cf73107e054928eec0c4bc.png\" alt=\"Pin page\" width=\"101\" height=\"42\" \/><\/p>\n<h1>STUDIO BAGUETTE 20<\/h1>\n<p><span>Un estilo atemporal que te encantar\u00e1 y usar\u00e1s durante a\u00f1os. Este bolso con un nombre tan apropiado fue ideado en el estudio de dise\u00f1o de Coach. Este modelo 20 compacto, que cuenta con un cierre a presi\u00f3n exclusivo inspirado en los archivos, est\u00e1 elaborado con cuero curtido suave y cuenta con muchos bolsillos para mantenerte organizado mientras viajas. Las correas desmontables te permiten llevarlo en la mano, estilizarlo como un bolso de hombro corto o llevarlo cruzado. Se siente bien sentirse organizado, \u00bfno?<\/span><\/p>\n<div>\n<div>\n<div>\n<div>\n<h3><span>Detalles\u00a0<\/span><\/h3>\n<ul>\n<li><span>Cuero curtido con guantes.<\/span><\/li>\n<li><span>Ocho ranuras para tarjetas de cr\u00e9dito.<\/span><\/li>\n<li><span>Bolsillos interiores multifunci\u00f3n.<\/span><\/li>\n<li><span>Cierre pushlock, forro de tela.<\/span><\/li>\n<li><span>Mango desmontable con ca\u00edda de 21,5 cm.<\/span><\/li>\n<li><span>Bolsillo exterior abierto.<\/span><\/li>\n<li><span>Correa desmontable con ca\u00edda de 48 cm para llevar al hombro o cruzado.<\/span><\/li>\n<li><span>20 cm (largo) x 11 cm (alto) x 6 cm (ancho).<\/span><\/li>\n<li>Color: Negro.<\/li>\n<li><span>Modelo: CE331<\/span><\/li>\n<\/ul>\n<\/div>\n<\/div>\n<\/div>\n<\/div>\n","protected":false},"excerpt":{"rendered":"<p>STUDIO BAGUETTE 20 Un estilo atemporal que te encantar\u00e1 y usar\u00e1s durante a\u00f1os. Este bolso con un nombre tan apropiado<\/p>\n","protected":false},"featured_media":64832,"comment_status":"open","ping_status":"closed","template":"","meta":{"nf_dc_page":""},"product_brand":[],"product_cat":[74],"product_tag":[],"class_list":{"0":"post-64831","1":"product","2":"type-product","3":"status-publish","4":"has-post-thumbnail","6":"product_cat-accesorios-fem","8":"first","9":"outofstock","10":"shipping-taxable","11":"purchasable","12":"product-type-simple"},"_links":{"self":[{"href":"https:\/\/brandss.com.py\/index\/wp-json\/wp\/v2\/product\/64831","targetHints":{"allow":["GET"]}}],"collection":[{"href":"https:\/\/brandss.com.py\/index\/wp-json\/wp\/v2\/product"}],"about":[{"href":"https:\/\/brandss.com.py\/index\/wp-json\/wp\/v2\/types\/product"}],"replies":[{"embeddable":true,"href":"https:\/\/brandss.com.py\/index\/wp-json\/wp\/v2\/comments?post=64831"}],"version-history":[{"count":1,"href":"https:\/\/brandss.com.py\/index\/wp-json\/wp\/v2\/product\/64831\/revisions"}],"predecessor-version":[{"id":64845,"href":"https:\/\/brandss.com.py\/index\/wp-json\/wp\/v2\/product\/64831\/revisions\/64845"}],"wp:featuredmedia":[{"embeddable":true,"href":"https:\/\/brandss.com.py\/index\/wp-json\/wp\/v2\/media\/64832"}],"wp:attachment":[{"href":"https:\/\/brandss.com.py\/index\/wp-json\/wp\/v2\/media?parent=64831"}],"wp:term":[{"taxonomy":"product_brand","embeddable":true,"href":"https:\/\/brandss.com.py\/index\/wp-json\/wp\/v2\/product_brand?post=64831"},{"taxonomy":"product_cat","embeddable":true,"href":"https:\/\/brandss.com.py\/index\/wp-json\/wp\/v2\/product_cat?post=64831"},{"taxonomy":"product_tag","embeddable":true,"href":"https:\/\/brandss.com.py\/index\/wp-json\/wp\/v2\/product_tag?post=64831"}],"curies":[{"name":"wp","href":"https:\/\/api.w.org\/{rel}","templated":true}]}}