{"id":64861,"date":"2024-12-30T17:57:48","date_gmt":"2024-12-30T17:57:48","guid":{"rendered":"https:\/\/brandss.com.py\/index\/?post_type=product&#038;p=64861"},"modified":"2024-12-30T17:58:34","modified_gmt":"2024-12-30T17:58:34","slug":"calzado-casual-femenino-ralph-lauren-jayna","status":"publish","type":"product","link":"https:\/\/brandss.com.py\/index\/producto\/calzado-casual-femenino-ralph-lauren-jayna\/","title":{"rendered":"CALZADO CASUAL FEMENINO RALPH LAUREN JAYNA"},"content":{"rendered":"<p><img loading=\"lazy\" decoding=\"async\" class=\"\" src=\"https:\/\/encrypted-tbn0.gstatic.com\/images?q=tbn:ANd9GcSsh3A0erKkF2tXJEj6WJUc2JIMAi66SxVSdQ&amp;s\" alt=\"Ralph Lauren Logo PNG Vector (AI, CDR, EPS, PDF, SVG) Free Download\" width=\"92\" height=\"92\" \/><\/p>\n<h1>JAYNA<\/h1>\n<p><span>Luce un estilo elegante y refinado sin esfuerzo mientras permaneces de pie c\u00f3modamente durante horas con los zapatos planos Jayna de LAUREN Ralph Lauren\u00ae. Dise\u00f1ados con un estilo cl\u00e1sico con detalles m\u00ednimos, estos zapatos tienen una parte superior de cuero suave con un patr\u00f3n acolchado en toda su superficie y un delicado detalle de lazo en el empeine. El forro de algod\u00f3n hace que los zapatos sean transpirables, mientras que el estilo sin cordones los hace f\u00e1ciles de usar mientras est\u00e1s en movimiento. Esta versi\u00f3n de la cl\u00e1sica bailarina Jayna de Lauren Ralph Lauren se realza con una construcci\u00f3n de gamuza acolchada con rombos que le da una textura sutil y un tacto suave. Presenta un delicado lazo con dijes grabados con la palabra \u201cLRL\u201d y un logotipo de metal \u201cLRL\u201d en el tal\u00f3n para un acabado exclusivo. Las bailarinas con lazo Jayna de Lauren Ralph Lauren, texturizadas con acolchado y adornadas con herrajes pulidos, realzan tu look.<\/span><\/p>\n<ul>\n<li><span>Plantilla ligeramente acolchada.<\/span><\/li>\n<li><span>Punta redonda cerrada.<\/span><\/li>\n<li><span>Logotipo ic\u00f3nico grabado en la leng\u00fceta del tal\u00f3n.<\/span><\/li>\n<li><span>Suela de goma.<\/span><\/li>\n<li><span>Importado.<\/span><\/li>\n<li><span>Las medidas del producto se tomaron usando la talla 7, ancho B &#8211; Mediano. Ten en cuenta que las medidas pueden variar seg\u00fan la talla.<\/span><\/li>\n<li class=\"padding-left-xxs\" data-v-291cdd5e=\"\"><span data-testid=\"other-type\" data-v-291cdd5e=\"\"><span><span>Tac\u00f3n de 1\/4&#8243;<\/span><\/span><\/span><\/li>\n<li class=\"padding-left-xxs\" data-v-291cdd5e=\"\"><span data-testid=\"other-type\" data-v-291cdd5e=\"\"><span><span>Zapatos planos sin cordones con punta redonda<\/span><\/span><\/span><\/li>\n<li class=\"padding-left-xxs\" data-v-291cdd5e=\"\"><span data-testid=\"other-type\" data-v-291cdd5e=\"\"><span><span>Detalles acolchados con diamantes en todas partes; lazo en el empeine con extremos de cord\u00f3n con el logotipo; logotipo de metal pulido en el tal\u00f3n lateral<\/span><\/span><\/span><\/li>\n<li class=\"padding-left-xxs\" data-v-291cdd5e=\"\"><span data-testid=\"other-type\" data-v-291cdd5e=\"\"><span><span>Plantilla acolchada<\/span><\/span><\/span><\/li>\n<li class=\"padding-left-xxs\" data-v-291cdd5e=\"\"><span data-testid=\"other-type\" data-v-291cdd5e=\"\"><span><span>Parte superior de cuero; algod\u00f3n, forro de cuero; suela de goma.<\/span><\/span><\/span><\/li>\n<li data-v-291cdd5e=\"\">Color: Oliva Oscuro.<\/li>\n<li data-v-291cdd5e=\"\">Modelo: 802918157003<\/li>\n<\/ul>\n","protected":false},"excerpt":{"rendered":"<p>JAYNA Luce un estilo elegante y refinado sin esfuerzo mientras permaneces de pie c\u00f3modamente durante horas con los zapatos planos<\/p>\n","protected":false},"featured_media":64862,"comment_status":"open","ping_status":"closed","template":"","meta":{"nf_dc_page":""},"product_brand":[],"product_cat":[73],"product_tag":[],"class_list":{"0":"post-64861","1":"product","2":"type-product","3":"status-publish","4":"has-post-thumbnail","6":"product_cat-femenino","8":"first","9":"instock","10":"shipping-taxable","11":"purchasable","12":"product-type-simple"},"_links":{"self":[{"href":"https:\/\/brandss.com.py\/index\/wp-json\/wp\/v2\/product\/64861","targetHints":{"allow":["GET"]}}],"collection":[{"href":"https:\/\/brandss.com.py\/index\/wp-json\/wp\/v2\/product"}],"about":[{"href":"https:\/\/brandss.com.py\/index\/wp-json\/wp\/v2\/types\/product"}],"replies":[{"embeddable":true,"href":"https:\/\/brandss.com.py\/index\/wp-json\/wp\/v2\/comments?post=64861"}],"version-history":[{"count":1,"href":"https:\/\/brandss.com.py\/index\/wp-json\/wp\/v2\/product\/64861\/revisions"}],"predecessor-version":[{"id":64866,"href":"https:\/\/brandss.com.py\/index\/wp-json\/wp\/v2\/product\/64861\/revisions\/64866"}],"wp:featuredmedia":[{"embeddable":true,"href":"https:\/\/brandss.com.py\/index\/wp-json\/wp\/v2\/media\/64862"}],"wp:attachment":[{"href":"https:\/\/brandss.com.py\/index\/wp-json\/wp\/v2\/media?parent=64861"}],"wp:term":[{"taxonomy":"product_brand","embeddable":true,"href":"https:\/\/brandss.com.py\/index\/wp-json\/wp\/v2\/product_brand?post=64861"},{"taxonomy":"product_cat","embeddable":true,"href":"https:\/\/brandss.com.py\/index\/wp-json\/wp\/v2\/product_cat?post=64861"},{"taxonomy":"product_tag","embeddable":true,"href":"https:\/\/brandss.com.py\/index\/wp-json\/wp\/v2\/product_tag?post=64861"}],"curies":[{"name":"wp","href":"https:\/\/api.w.org\/{rel}","templated":true}]}}