{"id":64884,"date":"2024-12-30T19:22:03","date_gmt":"2024-12-30T19:22:03","guid":{"rendered":"https:\/\/brandss.com.py\/index\/?post_type=product&#038;p=64884"},"modified":"2024-12-30T19:22:42","modified_gmt":"2024-12-30T19:22:42","slug":"calzado-casual-masculino-hugo-boss-kai-runn-nytx","status":"publish","type":"product","link":"https:\/\/brandss.com.py\/index\/producto\/calzado-casual-masculino-hugo-boss-kai-runn-nytx\/","title":{"rendered":"CALZADO CASUAL MASCULINO HUGO BOSS KAI RUNN NYTX"},"content":{"rendered":"<p><img loading=\"lazy\" decoding=\"async\" class=\"\" src=\"https:\/\/upload.wikimedia.org\/wikipedia\/commons\/7\/73\/Hugo-Boss-Logo.svg\" alt=\"Archivo:Hugo-Boss-Logo.svg - Wikipedia, la enciclopedia libre\" width=\"81\" height=\"30\" \/><\/p>\n<h1>KAI RUNN NYTX<\/h1>\n<p>Calzado masculino bicolor cierre con cordones con logo.<\/p>\n<p>Detalles:<\/p>\n<p>-Fijaci\u00f3n del cord\u00f3n<\/p>\n<p>-Materiales exteriores: textil, sint\u00e9tico<\/p>\n<p>-Materiales interiores: sint\u00e9tico, textil<\/p>\n<p>-Material de la suela: goma<\/p>\n<p>-Revestimiento de tela y plantilla<\/p>\n<p>-Inserciones del logotipo<\/p>\n<p>-Varias texturas<\/p>\n<p>-Color: Negro<\/p>\n<p>-Modelo: 50503715<\/p>\n","protected":false},"excerpt":{"rendered":"<p>KAI RUNN NYTX Calzado masculino bicolor cierre con cordones con logo. Detalles: -Fijaci\u00f3n del cord\u00f3n -Materiales exteriores: textil, sint\u00e9tico -Materiales<\/p>\n","protected":false},"featured_media":64885,"comment_status":"open","ping_status":"closed","template":"","meta":{"nf_dc_page":""},"product_brand":[],"product_cat":[76],"product_tag":[],"class_list":{"0":"post-64884","1":"product","2":"type-product","3":"status-publish","4":"has-post-thumbnail","6":"product_cat-masculino","8":"first","9":"instock","10":"shipping-taxable","11":"purchasable","12":"product-type-simple"},"_links":{"self":[{"href":"https:\/\/brandss.com.py\/index\/wp-json\/wp\/v2\/product\/64884","targetHints":{"allow":["GET"]}}],"collection":[{"href":"https:\/\/brandss.com.py\/index\/wp-json\/wp\/v2\/product"}],"about":[{"href":"https:\/\/brandss.com.py\/index\/wp-json\/wp\/v2\/types\/product"}],"replies":[{"embeddable":true,"href":"https:\/\/brandss.com.py\/index\/wp-json\/wp\/v2\/comments?post=64884"}],"version-history":[{"count":1,"href":"https:\/\/brandss.com.py\/index\/wp-json\/wp\/v2\/product\/64884\/revisions"}],"predecessor-version":[{"id":64891,"href":"https:\/\/brandss.com.py\/index\/wp-json\/wp\/v2\/product\/64884\/revisions\/64891"}],"wp:featuredmedia":[{"embeddable":true,"href":"https:\/\/brandss.com.py\/index\/wp-json\/wp\/v2\/media\/64885"}],"wp:attachment":[{"href":"https:\/\/brandss.com.py\/index\/wp-json\/wp\/v2\/media?parent=64884"}],"wp:term":[{"taxonomy":"product_brand","embeddable":true,"href":"https:\/\/brandss.com.py\/index\/wp-json\/wp\/v2\/product_brand?post=64884"},{"taxonomy":"product_cat","embeddable":true,"href":"https:\/\/brandss.com.py\/index\/wp-json\/wp\/v2\/product_cat?post=64884"},{"taxonomy":"product_tag","embeddable":true,"href":"https:\/\/brandss.com.py\/index\/wp-json\/wp\/v2\/product_tag?post=64884"}],"curies":[{"name":"wp","href":"https:\/\/api.w.org\/{rel}","templated":true}]}}