{"id":64903,"date":"2024-12-31T12:37:11","date_gmt":"2024-12-31T12:37:11","guid":{"rendered":"https:\/\/brandss.com.py\/index\/?post_type=product&#038;p=64903"},"modified":"2024-12-31T12:38:04","modified_gmt":"2024-12-31T12:38:04","slug":"calzado-casual-masculino-hugo-boss-kane-runn-mono","status":"publish","type":"product","link":"https:\/\/brandss.com.py\/index\/producto\/calzado-casual-masculino-hugo-boss-kane-runn-mono\/","title":{"rendered":"CALZADO CASUAL MASCULINO HUGO BOSS KANE RUNN MONO"},"content":{"rendered":"<p><img loading=\"lazy\" decoding=\"async\" class=\"\" src=\"https:\/\/upload.wikimedia.org\/wikipedia\/commons\/7\/73\/Hugo-Boss-Logo.svg\" alt=\"Archivo:Hugo-Boss-Logo.svg - Wikipedia, la enciclopedia libre\" width=\"118\" height=\"44\" \/><\/p>\n<h1>KANE RUNN MONO<\/h1>\n<div class=\"ProductActive__descriptionParagraph__UR7wG\"><span>Calzados HUGO confeccionadas en sint\u00e9ticos y textiles. Modelo ligero y c\u00f3modo, ideal para el d\u00eda a d\u00eda.<\/span><\/div>\n<div><\/div>\n<ul>\n<li class=\"ProductActive__descriptionParagraph__UR7wG\"><span>Tapa reforzada.<\/span><\/li>\n<li class=\"ProductActive__descriptionParagraph__UR7wG\"><span>Tal\u00f3n reforzado con acolchado suave que lo protege de las rozaduras.<\/span><\/li>\n<li class=\"ProductActive__descriptionParagraph__UR7wG\"><span>Interior confortable.<\/span><\/li>\n<li class=\"ProductActive__descriptionParagraph__UR7wG\"><span>Inserto textil desmontable y f\u00e1cil de limpiar.<\/span><\/li>\n<li class=\"ProductActive__descriptionParagraph__UR7wG\"><span>La suela de goma es duradera y resistente a los da\u00f1os.<\/span><\/li>\n<li class=\"ProductActive__descriptionParagraph__UR7wG\"><span>Las conexiones cl\u00e1sicas permiten un ajuste individual.<\/span><\/li>\n<li class=\"ProductActive__descriptionParagraph__UR7wG\"><span>El lazo en la parte trasera facilita la entrada del pie en el zapato y ayuda a sacarlo.<\/span><\/li>\n<li class=\"ProductActive__descriptionParagraph__UR7wG\"><span>Largo de la plantilla: 29,5 cm.<\/span><\/li>\n<li class=\"ProductActive__descriptionParagraph__UR7wG\">Composici\u00f3n:<br \/>\n&#8211; Parte superior: sint\u00e9tica, textil.<br \/>\n&#8211; Parte interior: sint\u00e9tica, textil.<br \/>\n&#8211; Suela: sint\u00e9tica.<\/li>\n<li class=\"ProductActive__descriptionParagraph__UR7wG\">Color: Negro.<\/li>\n<li class=\"ProductActive__descriptionParagraph__UR7wG\">Modelo:\u00a050505592.<\/li>\n<\/ul>\n","protected":false},"excerpt":{"rendered":"<p>KANE RUNN MONO Calzados HUGO confeccionadas en sint\u00e9ticos y textiles. Modelo ligero y c\u00f3modo, ideal para el d\u00eda a d\u00eda.<\/p>\n","protected":false},"featured_media":64904,"comment_status":"open","ping_status":"closed","template":"","meta":{"nf_dc_page":""},"product_brand":[],"product_cat":[76],"product_tag":[],"class_list":{"0":"post-64903","1":"product","2":"type-product","3":"status-publish","4":"has-post-thumbnail","6":"product_cat-masculino","8":"first","9":"instock","10":"shipping-taxable","11":"purchasable","12":"product-type-simple"},"_links":{"self":[{"href":"https:\/\/brandss.com.py\/index\/wp-json\/wp\/v2\/product\/64903","targetHints":{"allow":["GET"]}}],"collection":[{"href":"https:\/\/brandss.com.py\/index\/wp-json\/wp\/v2\/product"}],"about":[{"href":"https:\/\/brandss.com.py\/index\/wp-json\/wp\/v2\/types\/product"}],"replies":[{"embeddable":true,"href":"https:\/\/brandss.com.py\/index\/wp-json\/wp\/v2\/comments?post=64903"}],"version-history":[{"count":1,"href":"https:\/\/brandss.com.py\/index\/wp-json\/wp\/v2\/product\/64903\/revisions"}],"predecessor-version":[{"id":64914,"href":"https:\/\/brandss.com.py\/index\/wp-json\/wp\/v2\/product\/64903\/revisions\/64914"}],"wp:featuredmedia":[{"embeddable":true,"href":"https:\/\/brandss.com.py\/index\/wp-json\/wp\/v2\/media\/64904"}],"wp:attachment":[{"href":"https:\/\/brandss.com.py\/index\/wp-json\/wp\/v2\/media?parent=64903"}],"wp:term":[{"taxonomy":"product_brand","embeddable":true,"href":"https:\/\/brandss.com.py\/index\/wp-json\/wp\/v2\/product_brand?post=64903"},{"taxonomy":"product_cat","embeddable":true,"href":"https:\/\/brandss.com.py\/index\/wp-json\/wp\/v2\/product_cat?post=64903"},{"taxonomy":"product_tag","embeddable":true,"href":"https:\/\/brandss.com.py\/index\/wp-json\/wp\/v2\/product_tag?post=64903"}],"curies":[{"name":"wp","href":"https:\/\/api.w.org\/{rel}","templated":true}]}}