{"id":64915,"date":"2024-12-31T13:09:37","date_gmt":"2024-12-31T13:09:37","guid":{"rendered":"https:\/\/brandss.com.py\/index\/?post_type=product&#038;p=64915"},"modified":"2024-12-31T13:12:29","modified_gmt":"2024-12-31T13:12:29","slug":"calzado-casual-femenino-guess-marta","status":"publish","type":"product","link":"https:\/\/brandss.com.py\/index\/producto\/calzado-casual-femenino-guess-marta\/","title":{"rendered":"CALZADO CASUAL FEMENINO GUESS MARTA"},"content":{"rendered":"<p><img loading=\"lazy\" decoding=\"async\" class=\"\" src=\"https:\/\/cdn.worldvectorlogo.com\/logos\/guess-2.svg\" alt=\"guess Logotipo Vector - Descarga Gratis SVG | Worldvectorlogo\" width=\"99\" height=\"28\" \/><\/p>\n<h1>MARTA<\/h1>\n<p>El Mocas\u00edn de Guess, confeccionado en polipiel con modelo de punta cuadrada, presenta un detalle met\u00e1lico en la parte delantera. Si est\u00e1s siempre en movimiento, elige zapatos con suela baja. Mocasines confeccionados en piel en el exterior, con puntera cuadrada, suela de piel y suave, suela de goma y aplique de cadena dorada.<\/p>\n<p>&nbsp;<\/p>\n<p>DETALLES<\/p>\n<ul>\n<li>Parte superior: cuero\/textil.<\/li>\n<li>Mezcla de cuero.<\/li>\n<li>Material: Cuero sint\u00e9tico.<\/li>\n<li>Parte inferior: Caucho.<\/li>\n<li>Herrajes dorados.<\/li>\n<li>Alto: 2 cm<\/li>\n<li>Composici\u00f3n:\u00a080% Piel 20% Poliuretano.<\/li>\n<li>Color: Negro.<\/li>\n<li>Modelo: FL6MRTLEA14.<\/li>\n<\/ul>\n","protected":false},"excerpt":{"rendered":"<p>MARTA El Mocas\u00edn de Guess, confeccionado en polipiel con modelo de punta cuadrada, presenta un detalle met\u00e1lico en la parte<\/p>\n","protected":false},"featured_media":64916,"comment_status":"open","ping_status":"closed","template":"","meta":{"nf_dc_page":""},"product_brand":[],"product_cat":[73],"product_tag":[],"class_list":{"0":"post-64915","1":"product","2":"type-product","3":"status-publish","4":"has-post-thumbnail","6":"product_cat-femenino","8":"first","9":"instock","10":"shipping-taxable","11":"purchasable","12":"product-type-simple"},"_links":{"self":[{"href":"https:\/\/brandss.com.py\/index\/wp-json\/wp\/v2\/product\/64915","targetHints":{"allow":["GET"]}}],"collection":[{"href":"https:\/\/brandss.com.py\/index\/wp-json\/wp\/v2\/product"}],"about":[{"href":"https:\/\/brandss.com.py\/index\/wp-json\/wp\/v2\/types\/product"}],"replies":[{"embeddable":true,"href":"https:\/\/brandss.com.py\/index\/wp-json\/wp\/v2\/comments?post=64915"}],"version-history":[{"count":2,"href":"https:\/\/brandss.com.py\/index\/wp-json\/wp\/v2\/product\/64915\/revisions"}],"predecessor-version":[{"id":64925,"href":"https:\/\/brandss.com.py\/index\/wp-json\/wp\/v2\/product\/64915\/revisions\/64925"}],"wp:featuredmedia":[{"embeddable":true,"href":"https:\/\/brandss.com.py\/index\/wp-json\/wp\/v2\/media\/64916"}],"wp:attachment":[{"href":"https:\/\/brandss.com.py\/index\/wp-json\/wp\/v2\/media?parent=64915"}],"wp:term":[{"taxonomy":"product_brand","embeddable":true,"href":"https:\/\/brandss.com.py\/index\/wp-json\/wp\/v2\/product_brand?post=64915"},{"taxonomy":"product_cat","embeddable":true,"href":"https:\/\/brandss.com.py\/index\/wp-json\/wp\/v2\/product_cat?post=64915"},{"taxonomy":"product_tag","embeddable":true,"href":"https:\/\/brandss.com.py\/index\/wp-json\/wp\/v2\/product_tag?post=64915"}],"curies":[{"name":"wp","href":"https:\/\/api.w.org\/{rel}","templated":true}]}}