{"id":64948,"date":"2024-12-31T17:04:26","date_gmt":"2024-12-31T17:04:26","guid":{"rendered":"https:\/\/brandss.com.py\/index\/?post_type=product&#038;p=64948"},"modified":"2025-01-02T16:23:43","modified_gmt":"2025-01-02T16:23:43","slug":"calzado-casual-masculino-converce-chuck-taylor-all-star","status":"publish","type":"product","link":"https:\/\/brandss.com.py\/index\/producto\/calzado-casual-masculino-converce-chuck-taylor-all-star\/","title":{"rendered":"CALZADO CASUAL MASCULINO CONVERSE CHUCK TAYLOR ALL STAR"},"content":{"rendered":"<p><img loading=\"lazy\" decoding=\"async\" class=\"\" src=\"https:\/\/upload.wikimedia.org\/wikipedia\/commons\/thumb\/3\/30\/Converse_logo.svg\/2560px-Converse_logo.svg.png\" alt=\"Archivo:Converse logo.svg - Wikipedia, la enciclopedia libre\" width=\"82\" height=\"55\" \/><\/p>\n<h1>CHUCK TAYLOR ALL STAR<\/h1>\n<p>Redise\u00f1ado en un color negro, una parte superior hecha de piel sintetica actualiza nuestras Chuck Taylor All Star Street para una nueva generaci\u00f3n. La leng\u00fceta y el cuello acolchados lo mantienen c\u00f3modo, mientras que la leng\u00fceta para jalar el tal\u00f3n permanece lista para trabajar para ti.<\/p>\n<p>Completo con elementos de dise\u00f1o de Chuck Taylor All Star, como un protector de punta de goma, una puntera de goma y rayas en la entresuela. Una plantilla OrthoLite te brinda ese soporte bajo los pies.<\/p>\n<h3>Caracter\u00edsticas y ventajas de las Converse:<\/h3>\n<ul>\n<li>Calzado de ca\u00f1a alta con parte superior de lona<\/li>\n<li>Leng\u00fceta y cuello acolchados para una apariencia y sensaci\u00f3n atl\u00e9tica<\/li>\n<li>La leng\u00fceta trasera del tal\u00f3n facilita pon\u00e9rselas y quit\u00e1rselas<\/li>\n<li>La plantilla OrthoLite ayuda a mantener la comodidad<\/li>\n<li>La puntera de goma, la puntera de goma y las franjas de la entresuela son elementos de dise\u00f1o heredados<\/li>\n<li>Color: Black\/Dk Smoke Grey\/White<\/li>\n<li>Modelo: A02530C<\/li>\n<\/ul>\n","protected":false},"excerpt":{"rendered":"<p>CHUCK TAYLOR ALL STAR Redise\u00f1ado en un color negro, una parte superior hecha de piel sintetica actualiza nuestras Chuck Taylor<\/p>\n","protected":false},"featured_media":64949,"comment_status":"open","ping_status":"closed","template":"","meta":{"nf_dc_page":""},"product_brand":[],"product_cat":[76],"product_tag":[],"class_list":{"0":"post-64948","1":"product","2":"type-product","3":"status-publish","4":"has-post-thumbnail","6":"product_cat-masculino","8":"first","9":"instock","10":"shipping-taxable","11":"purchasable","12":"product-type-simple"},"_links":{"self":[{"href":"https:\/\/brandss.com.py\/index\/wp-json\/wp\/v2\/product\/64948","targetHints":{"allow":["GET"]}}],"collection":[{"href":"https:\/\/brandss.com.py\/index\/wp-json\/wp\/v2\/product"}],"about":[{"href":"https:\/\/brandss.com.py\/index\/wp-json\/wp\/v2\/types\/product"}],"replies":[{"embeddable":true,"href":"https:\/\/brandss.com.py\/index\/wp-json\/wp\/v2\/comments?post=64948"}],"version-history":[{"count":3,"href":"https:\/\/brandss.com.py\/index\/wp-json\/wp\/v2\/product\/64948\/revisions"}],"predecessor-version":[{"id":65006,"href":"https:\/\/brandss.com.py\/index\/wp-json\/wp\/v2\/product\/64948\/revisions\/65006"}],"wp:featuredmedia":[{"embeddable":true,"href":"https:\/\/brandss.com.py\/index\/wp-json\/wp\/v2\/media\/64949"}],"wp:attachment":[{"href":"https:\/\/brandss.com.py\/index\/wp-json\/wp\/v2\/media?parent=64948"}],"wp:term":[{"taxonomy":"product_brand","embeddable":true,"href":"https:\/\/brandss.com.py\/index\/wp-json\/wp\/v2\/product_brand?post=64948"},{"taxonomy":"product_cat","embeddable":true,"href":"https:\/\/brandss.com.py\/index\/wp-json\/wp\/v2\/product_cat?post=64948"},{"taxonomy":"product_tag","embeddable":true,"href":"https:\/\/brandss.com.py\/index\/wp-json\/wp\/v2\/product_tag?post=64948"}],"curies":[{"name":"wp","href":"https:\/\/api.w.org\/{rel}","templated":true}]}}