{"id":64961,"date":"2025-01-02T11:17:43","date_gmt":"2025-01-02T11:17:43","guid":{"rendered":"https:\/\/brandss.com.py\/index\/?post_type=product&#038;p=64961"},"modified":"2026-03-14T11:34:36","modified_gmt":"2026-03-14T11:34:36","slug":"calzado-deportivo-masculino-armani-exchange-de-cuero-colour-block","status":"publish","type":"product","link":"https:\/\/brandss.com.py\/index\/producto\/calzado-deportivo-masculino-armani-exchange-de-cuero-colour-block\/","title":{"rendered":"CALZADO DEPORTIVO MASCULINO ARMANI EXCHANGE DE CUERO COLOUR BLOCK"},"content":{"rendered":"<p><img loading=\"lazy\" decoding=\"async\" class=\"\" src=\"https:\/\/1000marcas.net\/wp-content\/uploads\/2020\/10\/Armani-Exchange-Logo.png\" alt=\"Armani Exchange Logo - s\u00edmbolo, significado logotipo, historia, PNG\" width=\"106\" height=\"60\" \/><\/p>\n<h1>COLOUR BLOCK<\/h1>\n<p><span>Deportivas con cordones de piel con estampado de ciervo y ante en la parte superior. Los calzados bajos para hombre de la marca Armani Exchange son una gran adici\u00f3n a tu ropa informal y deportiva. La parte del tal\u00f3n est\u00e1 dise\u00f1ada con un color contrastante para acentuar la vista trasera. Estos calzados tienen una impresi\u00f3n elegante con un discreto logo en el lateral. A|X Armani Exchange hereda el esp\u00edritu italiano de Giorgio Armani al tiempo que propone un estilo casual que incorpora un gusto urbano y en\u00e9rgico.\u00a0<\/span><\/p>\n<h3><span>Caracter\u00edsticas: <\/span><\/h3>\n<p><span>Parte superior c\u00f3moda hecha de cuero genuino con superposiciones duraderas y costuras selladas. <\/span><\/p>\n<p><span>La inserci\u00f3n gruesa aporta rigidez adicional al tal\u00f3n. <\/span><\/p>\n<p><span>Rollo suave en el cuello ajustado. <\/span><\/p>\n<p><span>Cordones fuertes aseguran el zapato al pie. <\/span><\/p>\n<p><span>La acogedora plantilla y el c\u00f3modo forro proporcionan un microclima \u00f3ptimo dentro del zapato. <\/span><\/p>\n<p><span>La entresuela ligera y el\u00e1stica con suela antideslizante proporciona un buen contacto con el terreno. <\/span><\/p>\n<p><span>El ribete est\u00e1 protegido por un engrosamiento resistente a los golpes.<\/span><\/p>\n<p>Color: Negro\/ Blanco\/ Bordo<\/p>\n<p>Modelo: XUX001-XV759-T397<\/p>\n","protected":false},"excerpt":{"rendered":"<p>COLOUR BLOCK Deportivas con cordones de piel con estampado de ciervo y ante en la parte superior. Los calzados bajos<\/p>\n","protected":false},"featured_media":64962,"comment_status":"open","ping_status":"closed","template":"","meta":{"nf_dc_page":""},"product_brand":[],"product_cat":[76],"product_tag":[],"class_list":{"0":"post-64961","1":"product","2":"type-product","3":"status-publish","4":"has-post-thumbnail","6":"product_cat-masculino","8":"first","9":"outofstock","10":"shipping-taxable","11":"purchasable","12":"product-type-simple"},"_links":{"self":[{"href":"https:\/\/brandss.com.py\/index\/wp-json\/wp\/v2\/product\/64961","targetHints":{"allow":["GET"]}}],"collection":[{"href":"https:\/\/brandss.com.py\/index\/wp-json\/wp\/v2\/product"}],"about":[{"href":"https:\/\/brandss.com.py\/index\/wp-json\/wp\/v2\/types\/product"}],"replies":[{"embeddable":true,"href":"https:\/\/brandss.com.py\/index\/wp-json\/wp\/v2\/comments?post=64961"}],"version-history":[{"count":1,"href":"https:\/\/brandss.com.py\/index\/wp-json\/wp\/v2\/product\/64961\/revisions"}],"predecessor-version":[{"id":64968,"href":"https:\/\/brandss.com.py\/index\/wp-json\/wp\/v2\/product\/64961\/revisions\/64968"}],"wp:featuredmedia":[{"embeddable":true,"href":"https:\/\/brandss.com.py\/index\/wp-json\/wp\/v2\/media\/64962"}],"wp:attachment":[{"href":"https:\/\/brandss.com.py\/index\/wp-json\/wp\/v2\/media?parent=64961"}],"wp:term":[{"taxonomy":"product_brand","embeddable":true,"href":"https:\/\/brandss.com.py\/index\/wp-json\/wp\/v2\/product_brand?post=64961"},{"taxonomy":"product_cat","embeddable":true,"href":"https:\/\/brandss.com.py\/index\/wp-json\/wp\/v2\/product_cat?post=64961"},{"taxonomy":"product_tag","embeddable":true,"href":"https:\/\/brandss.com.py\/index\/wp-json\/wp\/v2\/product_tag?post=64961"}],"curies":[{"name":"wp","href":"https:\/\/api.w.org\/{rel}","templated":true}]}}