{"id":65019,"date":"2025-01-02T17:13:45","date_gmt":"2025-01-02T17:13:45","guid":{"rendered":"https:\/\/brandss.com.py\/index\/?post_type=product&#038;p=65019"},"modified":"2026-02-13T11:00:10","modified_gmt":"2026-02-13T11:00:10","slug":"calzado-deportivo-masculino-tommy-hilfiger-th-basket-best-lth-nubuck","status":"publish","type":"product","link":"https:\/\/brandss.com.py\/index\/producto\/calzado-deportivo-masculino-tommy-hilfiger-th-basket-best-lth-nubuck\/","title":{"rendered":"CALZADO DEPORTIVO MASCULINO TOMMY HILFIGER TH BASKET BEST LTH NUBUCK"},"content":{"rendered":"<p><img loading=\"lazy\" decoding=\"async\" class=\"\" src=\"https:\/\/1000marcas.net\/wp-content\/uploads\/2020\/01\/Tommy-Hilfiger-logo.png\" alt=\"Tommy Hilfiger Logo - s\u00edmbolo, significado logotipo, historia, PNG\" width=\"110\" height=\"62\" \/><\/p>\n<h1>TH BASKET BEST LTH NUBUCK<\/h1>\n<p class=\"typography-paragraph text-2xs\/5.5 tracking-normal font-figtree rtl:font-noto-kufi-arabic mb-4\"><span>Dale estilo a los calzados de deporte inspirados en el baloncesto de Tommy Hilfiger. Confeccionadas con una parte superior de piel nobuck, un forro de poli\u00e9ster reciclado y suelas de goma ecol\u00f3gicas, combinan moda y sostenibilidad. El sutil monograma TH en relieve a\u00f1ade un toque de marca a estas zapatillas bajas con cordones. <\/span><span>Los calzados de la colecci\u00f3n Tommy Hilfiger est\u00e1n hechas de cuero genuino. Un modelo con regalos reforzados garantiza la estabilidad del pie.<\/span><\/p>\n<ul>\n<li class=\"ProductActive__descriptionParagraph__UR7wG\"><span>Calcet\u00edn redondo y denso.<\/span><\/li>\n<li class=\"ProductActive__descriptionParagraph__UR7wG\"><span>El tal\u00f3n duro estabiliza el tal\u00f3n y mantiene el pie en el zapato para que no se salga durante el movimiento.<\/span><\/li>\n<li class=\"ProductActive__descriptionParagraph__UR7wG\"><span>La suela de goma es fuerte y resistente a los da\u00f1os.<\/span><\/li>\n<li class=\"ProductActive__descriptionParagraph__UR7wG\"><span>Plantilla textil extra\u00edble y de f\u00e1cil limpieza.<\/span><\/li>\n<li class=\"ProductActive__descriptionParagraph__UR7wG\"><span>La parte interior textil es c\u00f3moda para el pie y facilita la limpieza del calzado.<\/span><\/li>\n<li class=\"ProductActive__descriptionParagraph__UR7wG\"><span>Los cordones planos reducen la presi\u00f3n sobre el pie, asegurando un buen ajuste y comodidad durante el uso.<\/span><\/li>\n<li class=\"ProductActive__descriptionParagraph__UR7wG\"><span>El largo de la plantilla es: 26,5 cm.<\/span><\/li>\n<li class=\"ProductActive__descriptionParagraph__UR7wG\">Composici\u00f3n: Cuero aut\u00e9ntico<\/li>\n<li class=\"ProductActive__descriptionParagraph__UR7wG\">Parte interior: Material textil<\/li>\n<li class=\"ProductActive__descriptionParagraph__UR7wG\">Suela: Material sint\u00e9tico<\/li>\n<li>Color: Blanco\/ Beige<\/li>\n<li>Modelo: FM0FM04823-YBH<\/li>\n<\/ul>\n","protected":false},"excerpt":{"rendered":"<p>TH BASKET BEST LTH NUBUCK Dale estilo a los calzados de deporte inspirados en el baloncesto de Tommy Hilfiger. Confeccionadas<\/p>\n","protected":false},"featured_media":65020,"comment_status":"open","ping_status":"closed","template":"","meta":{"nf_dc_page":""},"product_brand":[],"product_cat":[76],"product_tag":[],"class_list":{"0":"post-65019","1":"product","2":"type-product","3":"status-publish","4":"has-post-thumbnail","6":"product_cat-masculino","8":"first","9":"instock","10":"shipping-taxable","11":"purchasable","12":"product-type-simple"},"_links":{"self":[{"href":"https:\/\/brandss.com.py\/index\/wp-json\/wp\/v2\/product\/65019","targetHints":{"allow":["GET"]}}],"collection":[{"href":"https:\/\/brandss.com.py\/index\/wp-json\/wp\/v2\/product"}],"about":[{"href":"https:\/\/brandss.com.py\/index\/wp-json\/wp\/v2\/types\/product"}],"replies":[{"embeddable":true,"href":"https:\/\/brandss.com.py\/index\/wp-json\/wp\/v2\/comments?post=65019"}],"version-history":[{"count":1,"href":"https:\/\/brandss.com.py\/index\/wp-json\/wp\/v2\/product\/65019\/revisions"}],"predecessor-version":[{"id":65029,"href":"https:\/\/brandss.com.py\/index\/wp-json\/wp\/v2\/product\/65019\/revisions\/65029"}],"wp:featuredmedia":[{"embeddable":true,"href":"https:\/\/brandss.com.py\/index\/wp-json\/wp\/v2\/media\/65020"}],"wp:attachment":[{"href":"https:\/\/brandss.com.py\/index\/wp-json\/wp\/v2\/media?parent=65019"}],"wp:term":[{"taxonomy":"product_brand","embeddable":true,"href":"https:\/\/brandss.com.py\/index\/wp-json\/wp\/v2\/product_brand?post=65019"},{"taxonomy":"product_cat","embeddable":true,"href":"https:\/\/brandss.com.py\/index\/wp-json\/wp\/v2\/product_cat?post=65019"},{"taxonomy":"product_tag","embeddable":true,"href":"https:\/\/brandss.com.py\/index\/wp-json\/wp\/v2\/product_tag?post=65019"}],"curies":[{"name":"wp","href":"https:\/\/api.w.org\/{rel}","templated":true}]}}