{"id":65039,"date":"2025-01-02T19:08:46","date_gmt":"2025-01-02T19:08:46","guid":{"rendered":"https:\/\/brandss.com.py\/index\/?post_type=product&#038;p=65039"},"modified":"2025-01-02T19:09:32","modified_gmt":"2025-01-02T19:09:32","slug":"calzado-deportivo-masculino-tommy-hilfiger-tjm-leather-cupsole-2-0","status":"publish","type":"product","link":"https:\/\/brandss.com.py\/index\/producto\/calzado-deportivo-masculino-tommy-hilfiger-tjm-leather-cupsole-2-0\/","title":{"rendered":"CALZADO DEPORTIVO MASCULINO TOMMY HILFIGER TJM LEATHER CUPSOLE 2.0"},"content":{"rendered":"<p><img loading=\"lazy\" decoding=\"async\" class=\"\" src=\"https:\/\/1000marcas.net\/wp-content\/uploads\/2020\/01\/Tommy-Hilfiger-logo.png\" alt=\"Tommy Hilfiger Logo - s\u00edmbolo, significado logotipo, historia, PNG\" width=\"114\" height=\"64\" \/><\/p>\n<h1>TJM LEATHER CUPSOLE 2.0<\/h1>\n<p>Pasa a la sofisticaci\u00f3n con los \u00faltimos calzados para hombre de Tommy Hilfiger. Tanto si te preparas para una carrera matutina, un d\u00eda en la oficina o una tarde de relax, estos sneakers para hombre combinan la comodidad informal con el estilo inconfundible de Tommy Hilfiger. Destaca en tu lugar de trabajo incorporando a la perfecci\u00f3n unos calzados para hombre de vestir a tu atuendo de oficina. Crea un look relajado que aportan un toque pr\u00e1ctico y elegante a tu atuendo, perfectos para un d\u00eda informal o una aventura de fin de semana.<\/p>\n<ul class=\"list-group list-group-flush\">\n<li class=\"list-group-item d-flex align-items-center px-0 border-light\">Material: <span class=\"ms-auto text-end\">Cuero natural.<\/span><\/li>\n<li class=\"list-group-item d-flex align-items-center px-0 border-light\">Material de la plantilla: <span class=\"ms-auto text-end\">Textil<\/span><\/li>\n<li class=\"list-group-item d-flex align-items-center px-0 border-light\">Material de la suela: Goma.<\/li>\n<li><span class=\"voFjEy _2kjxJ6 m3OCL3 HlZ_Tf zN9KaA\"><span class=\"voFjEy lystZ1 m3OCL3 HlZ_Tf\" aria-hidden=\"true\">Color:<\/span><\/span>\u00a0<span class=\"voFjEy lystZ1 Sb5G3D HlZ_Tf zN9KaA\">magma red.<\/span><\/li>\n<li>Modelo: EM0EM01352-XMO<\/li>\n<\/ul>\n","protected":false},"excerpt":{"rendered":"<p>TJM LEATHER CUPSOLE 2.0 Pasa a la sofisticaci\u00f3n con los \u00faltimos calzados para hombre de Tommy Hilfiger. Tanto si te<\/p>\n","protected":false},"featured_media":65040,"comment_status":"open","ping_status":"closed","template":"","meta":{"nf_dc_page":""},"product_brand":[],"product_cat":[76],"product_tag":[],"class_list":{"0":"post-65039","1":"product","2":"type-product","3":"status-publish","4":"has-post-thumbnail","6":"product_cat-masculino","8":"first","9":"instock","10":"shipping-taxable","11":"purchasable","12":"product-type-simple"},"_links":{"self":[{"href":"https:\/\/brandss.com.py\/index\/wp-json\/wp\/v2\/product\/65039","targetHints":{"allow":["GET"]}}],"collection":[{"href":"https:\/\/brandss.com.py\/index\/wp-json\/wp\/v2\/product"}],"about":[{"href":"https:\/\/brandss.com.py\/index\/wp-json\/wp\/v2\/types\/product"}],"replies":[{"embeddable":true,"href":"https:\/\/brandss.com.py\/index\/wp-json\/wp\/v2\/comments?post=65039"}],"version-history":[{"count":1,"href":"https:\/\/brandss.com.py\/index\/wp-json\/wp\/v2\/product\/65039\/revisions"}],"predecessor-version":[{"id":65051,"href":"https:\/\/brandss.com.py\/index\/wp-json\/wp\/v2\/product\/65039\/revisions\/65051"}],"wp:featuredmedia":[{"embeddable":true,"href":"https:\/\/brandss.com.py\/index\/wp-json\/wp\/v2\/media\/65040"}],"wp:attachment":[{"href":"https:\/\/brandss.com.py\/index\/wp-json\/wp\/v2\/media?parent=65039"}],"wp:term":[{"taxonomy":"product_brand","embeddable":true,"href":"https:\/\/brandss.com.py\/index\/wp-json\/wp\/v2\/product_brand?post=65039"},{"taxonomy":"product_cat","embeddable":true,"href":"https:\/\/brandss.com.py\/index\/wp-json\/wp\/v2\/product_cat?post=65039"},{"taxonomy":"product_tag","embeddable":true,"href":"https:\/\/brandss.com.py\/index\/wp-json\/wp\/v2\/product_tag?post=65039"}],"curies":[{"name":"wp","href":"https:\/\/api.w.org\/{rel}","templated":true}]}}